{"id":92,"date":"2015-04-16T10:30:32","date_gmt":"2015-04-16T10:30:32","guid":{"rendered":"http:\/\/www.romaniancommunity.net\/rci\/?page_id=92"},"modified":"2016-09-05T07:46:40","modified_gmt":"2016-09-05T07:46:40","slug":"valorile","status":"publish","type":"page","link":"https:\/\/www.romaniancommunity.net\/rci\/despre-noi\/valorile\/","title":{"rendered":"Valorile"},"content":{"rendered":"<p style=\"text-align: justify;\">O comunitate nu \u00eenseamn\u0103 doar oamenii care o compun. O comunitate exist\u0103 de obicei \u00eenainte ca membrii s\u0103i s\u0103 se cunoasc\u0103 \u015fi va continua probabil \u015fi atunci c\u00e2nd to\u0163i oamenii ce o alc\u0103tuiesc o vor p\u0103r\u0103si. Comunitatea este un set de interac\u0163iuni, comportamente umane cu un anumit \u00een\u0163eles \u015fi anumite a\u015ftept\u0103ri \u00eentre membri. Nu sunt doar ac\u0163iuni, ci ac\u0163iuni bazate pe a\u015ftept\u0103ri, valorile, credin\u0163e \u015fi \u00een\u0163elesuri comune \u00eentre indivizi. Este valabil \u015fi pentru Comunitatea Rom\u00e2nilor din Irlanda.<\/p>\n<h4><b><\/b>Care este &#8220;substan\u0163a&#8221; care \u00eencheag\u0103 o comunitate?<\/h4>\n<p>Cum pot indivizii s\u0103 fie interdependen\u0163i, chiar \u015fi atunci c\u00e2nd cred c\u0103 sunt organisme independente? Pot astfel de credin\u0163e s\u0103 serveasc\u0103 vreunui scop \u00een sus\u0163inerea unei comunit\u0103\u0163i? Noi credem c\u0103 un set de valori bine definite pot fi &#8220;substan\u0163a&#8221; care \u00eencheag\u0103 o comunitate.<\/p>\n<h4 style=\"text-align: justify;\">Iat\u0103 VALORILE care \u00eencheag\u0103 ROMANIAN COMMUNITY OF IRELAND:<b><br \/>\n<\/b><\/h4>\n<ul style=\"text-align: justify;\">\n<li><strong>INTEGRITATEA <\/strong>&#8211; La baza organiza\u0163iei noastre se afl\u0103 desf\u0103\u015furarea activit\u0103\u0163ii \u00een mod etic \u0219i moral.\u00a0Lucr\u0103m deschis, onest\u00a0\u015fi sincer,<\/li>\n<li><strong>RESPECTUL <\/strong>&#8211; Polite\u0163ea \u015fi respectul sunt valori fundamentale\u00a0pentru o comunitate.\u00a0\u00cei trat\u0103m pe al\u0163ii a\u015fa cum ne-ar pl\u0103cea nou\u0103 s\u0103 fim trata\u0163i,<\/li>\n<li><strong><strong>COMUNICAREA\u00a0<\/strong><\/strong>&#8211; <span id=\"yui_3_16_0_1_1448881992673_16902\">Credem ca o comunicare direct\u0103, coerent\u0103, sincer\u0103 \u0219i politicoas\u0103 reprezinta plusul esential din rezolvarea<\/span><span id=\"yui_3_16_0_1_1448881992673_16768\">\u00a0<\/span><span id=\"yui_3_16_0_1_1448881992673_16770\">oricarei probleme<\/span>,<\/li>\n<li><strong><strong><strong style=\"line-height: 1.5em;\">PARTENERIATUL\u00a0<\/strong><\/strong><\/strong>&#8211; Ne vom declara\u00a0mul\u0163umi\u0163i doar atunci c\u00e2nd to\u0163i rom\u00e2nii din Irlanda vor crede \u00een puterea parteneriatului.<\/li>\n<\/ul>\n","protected":false},"excerpt":{"rendered":"<p>O comunitate nu \u00eenseamn\u0103 doar oamenii care o compun. O comunitate exist\u0103 de obicei \u00eenainte ca membrii s\u0103i s\u0103 se cunoasc\u0103 \u015fi va continua probabil \u015fi atunci c\u00e2nd to\u0163i oamenii [&hellip;]<\/p>\n","protected":false},"author":7,"featured_media":0,"parent":88,"menu_order":0,"comment_status":"closed","ping_status":"closed","template":"","meta":{"footnotes":""},"class_list":["post-92","page","type-page","status-publish","hentry"],"yoast_head":"<!-- This site is optimized with the Yoast SEO plugin v27.4 - https:\/\/yoast.com\/product\/yoast-seo-wordpress\/ -->\n<title>Valorile - Romanian Community of Ireland<\/title>\n<meta name=\"description\" content=\"Iat\u0103 VALORILE care \u00eencheag\u0103 ROMANIAN COMMUNITY OF IRELAND. La baza organiza\u0163iei noastre se afl\u0103 desf\u0103\u015furarea activit\u0103\u0163ii \u00een mod etic \u0219i moral. L\" \/>\n<meta name=\"robots\" content=\"index, follow, max-snippet:-1, max-image-preview:large, max-video-preview:-1\" \/>\n<link rel=\"canonical\" href=\"http:\/\/www.romaniancommunity.net\/rci\/despre-noi\/valorile\/\" \/>\n<meta property=\"og:locale\" content=\"en_US\" \/>\n<meta property=\"og:type\" content=\"article\" \/>\n<meta property=\"og:title\" content=\"Valorile - Romanian Community of Ireland\" \/>\n<meta property=\"og:description\" content=\"Iat\u0103 VALORILE care \u00eencheag\u0103 ROMANIAN COMMUNITY OF IRELAND. La baza organiza\u0163iei noastre se afl\u0103 desf\u0103\u015furarea activit\u0103\u0163ii \u00een mod etic \u0219i moral. L\" \/>\n<meta property=\"og:url\" content=\"http:\/\/www.romaniancommunity.net\/rci\/despre-noi\/valorile\/\" \/>\n<meta property=\"og:site_name\" content=\"Romanian Community of Ireland\" \/>\n<meta property=\"article:publisher\" content=\"https:\/\/www.facebook.com\/RomanianCommunityOfIreland\/\" \/>\n<meta property=\"article:modified_time\" content=\"2016-09-05T07:46:40+00:00\" \/>\n<meta property=\"og:image\" content=\"https:\/\/www.romaniancommunity.net\/rci\/wp-content\/uploads\/2019\/01\/sigla-RCI.png\" \/>\n\t<meta property=\"og:image:width\" content=\"682\" \/>\n\t<meta property=\"og:image:height\" content=\"682\" \/>\n\t<meta property=\"og:image:type\" content=\"image\/png\" \/>\n<meta name=\"twitter:card\" content=\"summary_large_image\" \/>\n<meta name=\"twitter:label1\" content=\"Est. reading time\" \/>\n\t<meta name=\"twitter:data1\" content=\"1 minute\" \/>\n<script type=\"application\/ld+json\" class=\"yoast-schema-graph\">{\"@context\":\"https:\\\/\\\/schema.org\",\"@graph\":[{\"@type\":\"WebPage\",\"@id\":\"http:\\\/\\\/www.romaniancommunity.net\\\/rci\\\/despre-noi\\\/valorile\\\/\",\"url\":\"http:\\\/\\\/www.romaniancommunity.net\\\/rci\\\/despre-noi\\\/valorile\\\/\",\"name\":\"Valorile - Romanian Community of Ireland\",\"isPartOf\":{\"@id\":\"http:\\\/\\\/www.romaniancommunity.net\\\/rci\\\/#website\"},\"datePublished\":\"2015-04-16T10:30:32+00:00\",\"dateModified\":\"2016-09-05T07:46:40+00:00\",\"description\":\"Iat\u0103 VALORILE care \u00eencheag\u0103 ROMANIAN COMMUNITY OF IRELAND. La baza organiza\u0163iei noastre se afl\u0103 desf\u0103\u015furarea activit\u0103\u0163ii \u00een mod etic \u0219i moral. L\",\"breadcrumb\":{\"@id\":\"http:\\\/\\\/www.romaniancommunity.net\\\/rci\\\/despre-noi\\\/valorile\\\/#breadcrumb\"},\"inLanguage\":\"en-US\",\"potentialAction\":[{\"@type\":\"ReadAction\",\"target\":[\"http:\\\/\\\/www.romaniancommunity.net\\\/rci\\\/despre-noi\\\/valorile\\\/\"]}]},{\"@type\":\"BreadcrumbList\",\"@id\":\"http:\\\/\\\/www.romaniancommunity.net\\\/rci\\\/despre-noi\\\/valorile\\\/#breadcrumb\",\"itemListElement\":[{\"@type\":\"ListItem\",\"position\":1,\"name\":\"Home\",\"item\":\"http:\\\/\\\/www.romaniancommunity.net\\\/rci\\\/\"},{\"@type\":\"ListItem\",\"position\":2,\"name\":\"DESPRE NOI\",\"item\":\"https:\\\/\\\/www.romaniancommunity.net\\\/rci\\\/despre-noi\\\/\"},{\"@type\":\"ListItem\",\"position\":3,\"name\":\"Valorile\"}]},{\"@type\":\"WebSite\",\"@id\":\"http:\\\/\\\/www.romaniancommunity.net\\\/rci\\\/#website\",\"url\":\"http:\\\/\\\/www.romaniancommunity.net\\\/rci\\\/\",\"name\":\"Romanian Community of Ireland\",\"description\":\"Comunitatea Rom\u00e2nilor din Irlanda\",\"potentialAction\":[{\"@type\":\"SearchAction\",\"target\":{\"@type\":\"EntryPoint\",\"urlTemplate\":\"http:\\\/\\\/www.romaniancommunity.net\\\/rci\\\/?s={search_term_string}\"},\"query-input\":{\"@type\":\"PropertyValueSpecification\",\"valueRequired\":true,\"valueName\":\"search_term_string\"}}],\"inLanguage\":\"en-US\"}]}<\/script>\n<!-- \/ Yoast SEO plugin. -->","yoast_head_json":{"title":"Valorile - Romanian Community of Ireland","description":"Iat\u0103 VALORILE care \u00eencheag\u0103 ROMANIAN COMMUNITY OF IRELAND. La baza organiza\u0163iei noastre se afl\u0103 desf\u0103\u015furarea activit\u0103\u0163ii \u00een mod etic \u0219i moral. L","robots":{"index":"index","follow":"follow","max-snippet":"max-snippet:-1","max-image-preview":"max-image-preview:large","max-video-preview":"max-video-preview:-1"},"canonical":"http:\/\/www.romaniancommunity.net\/rci\/despre-noi\/valorile\/","og_locale":"en_US","og_type":"article","og_title":"Valorile - Romanian Community of Ireland","og_description":"Iat\u0103 VALORILE care \u00eencheag\u0103 ROMANIAN COMMUNITY OF IRELAND. La baza organiza\u0163iei noastre se afl\u0103 desf\u0103\u015furarea activit\u0103\u0163ii \u00een mod etic \u0219i moral. L","og_url":"http:\/\/www.romaniancommunity.net\/rci\/despre-noi\/valorile\/","og_site_name":"Romanian Community of Ireland","article_publisher":"https:\/\/www.facebook.com\/RomanianCommunityOfIreland\/","article_modified_time":"2016-09-05T07:46:40+00:00","og_image":[{"width":682,"height":682,"url":"https:\/\/www.romaniancommunity.net\/rci\/wp-content\/uploads\/2019\/01\/sigla-RCI.png","type":"image\/png"}],"twitter_card":"summary_large_image","twitter_misc":{"Est. reading time":"1 minute"},"schema":{"@context":"https:\/\/schema.org","@graph":[{"@type":"WebPage","@id":"http:\/\/www.romaniancommunity.net\/rci\/despre-noi\/valorile\/","url":"http:\/\/www.romaniancommunity.net\/rci\/despre-noi\/valorile\/","name":"Valorile - Romanian Community of Ireland","isPartOf":{"@id":"http:\/\/www.romaniancommunity.net\/rci\/#website"},"datePublished":"2015-04-16T10:30:32+00:00","dateModified":"2016-09-05T07:46:40+00:00","description":"Iat\u0103 VALORILE care \u00eencheag\u0103 ROMANIAN COMMUNITY OF IRELAND. La baza organiza\u0163iei noastre se afl\u0103 desf\u0103\u015furarea activit\u0103\u0163ii \u00een mod etic \u0219i moral. L","breadcrumb":{"@id":"http:\/\/www.romaniancommunity.net\/rci\/despre-noi\/valorile\/#breadcrumb"},"inLanguage":"en-US","potentialAction":[{"@type":"ReadAction","target":["http:\/\/www.romaniancommunity.net\/rci\/despre-noi\/valorile\/"]}]},{"@type":"BreadcrumbList","@id":"http:\/\/www.romaniancommunity.net\/rci\/despre-noi\/valorile\/#breadcrumb","itemListElement":[{"@type":"ListItem","position":1,"name":"Home","item":"http:\/\/www.romaniancommunity.net\/rci\/"},{"@type":"ListItem","position":2,"name":"DESPRE NOI","item":"https:\/\/www.romaniancommunity.net\/rci\/despre-noi\/"},{"@type":"ListItem","position":3,"name":"Valorile"}]},{"@type":"WebSite","@id":"http:\/\/www.romaniancommunity.net\/rci\/#website","url":"http:\/\/www.romaniancommunity.net\/rci\/","name":"Romanian Community of Ireland","description":"Comunitatea Rom\u00e2nilor din Irlanda","potentialAction":[{"@type":"SearchAction","target":{"@type":"EntryPoint","urlTemplate":"http:\/\/www.romaniancommunity.net\/rci\/?s={search_term_string}"},"query-input":{"@type":"PropertyValueSpecification","valueRequired":true,"valueName":"search_term_string"}}],"inLanguage":"en-US"}]}},"_links":{"self":[{"href":"https:\/\/www.romaniancommunity.net\/rci\/wp-json\/wp\/v2\/pages\/92","targetHints":{"allow":["GET"]}}],"collection":[{"href":"https:\/\/www.romaniancommunity.net\/rci\/wp-json\/wp\/v2\/pages"}],"about":[{"href":"https:\/\/www.romaniancommunity.net\/rci\/wp-json\/wp\/v2\/types\/page"}],"author":[{"embeddable":true,"href":"https:\/\/www.romaniancommunity.net\/rci\/wp-json\/wp\/v2\/users\/7"}],"replies":[{"embeddable":true,"href":"https:\/\/www.romaniancommunity.net\/rci\/wp-json\/wp\/v2\/comments?post=92"}],"version-history":[{"count":34,"href":"https:\/\/www.romaniancommunity.net\/rci\/wp-json\/wp\/v2\/pages\/92\/revisions"}],"predecessor-version":[{"id":2634,"href":"https:\/\/www.romaniancommunity.net\/rci\/wp-json\/wp\/v2\/pages\/92\/revisions\/2634"}],"up":[{"embeddable":true,"href":"https:\/\/www.romaniancommunity.net\/rci\/wp-json\/wp\/v2\/pages\/88"}],"wp:attachment":[{"href":"https:\/\/www.romaniancommunity.net\/rci\/wp-json\/wp\/v2\/media?parent=92"}],"curies":[{"name":"wp","href":"https:\/\/api.w.org\/{rel}","templated":true}]}}