{"id":711,"date":"2015-05-12T16:28:41","date_gmt":"2015-05-12T16:28:41","guid":{"rendered":"http:\/\/www.romaniancommunity.net\/rci\/?page_id=711"},"modified":"2016-09-05T13:49:56","modified_gmt":"2016-09-05T13:49:56","slug":"cum-devin-voluntar","status":"publish","type":"page","link":"https:\/\/www.romaniancommunity.net\/rci\/voluntariat\/cum-devin-voluntar\/","title":{"rendered":"Cum devin voluntar"},"content":{"rendered":"<p style=\"text-align: justify;\">Organiza\u021bia <i>Romanian Community of Ireland<\/i> este condus\u0103 de un comitet director format din minim 7 membri voluntar (un pre\u0219edinte, un secretar, un casier \u0219i al\u021bi 4 membri). Conform statutului de func\u021bionare al organiza\u021biei ace\u0219ti membri au drepturi depline de a decide func\u021biile de conducere, modul de func\u021bionare \u0219i activit\u0103\u021bile organiza\u021biei. Acestea sunt anun\u021bate anual \u00een cadrul Adun\u0103rii Generale a organiza\u021biei (AGM). Comitetul se \u00eent\u00e2lne\u0219te lunar pentru a planifica \u0219i derula activit\u0103\u021bile propuse la AGM.<\/p>\n<p style=\"text-align: justify;\">Procesul de recrutare este continuu \u0219i se adreseaz\u0103 rom\u00e2nilor reziden\u021bi \u00een Irlanda. Anun\u021bul de recrutare este publicat pe site-ul oficial al organiza\u021biei &#8211; <a href=\"http:\/\/www.romaniancommunity.net\/\">www.romaniancommunity.net<\/a> &#8211; c\u00e2t \u0219i pe portalul online <a href=\"http:\/\/www.informatia.ie\/\">www.informatia.ie<\/a>.<\/p>\n<p style=\"text-align: justify;\"><span style=\"line-height: 1.5em;\">Membrii comitetului director al organiza\u021biei Romanian Community of Ireland se angajeaz\u0103 s\u0103 asigure un proces de recrutare \u0219i selec\u021bie corect, deschis, legal \u0219i transparent, indiferent de cultura, religia sau convingerile politice ale candida\u021bilor.<\/span><\/p>\n<p style=\"text-align: justify;\"><span style=\"line-height: 1.5em;\">Respect\u00e2nd etapele descrise \u00een anun\u021b, cei interesa\u021bi vor putea aplica online pentru rolul de voluntar Romanian Community of Ireland trimi\u021b\u00e2nd la adresa <\/span><a style=\"line-height: 1.5em;\" href=\"mailto:info@romaniancommunity.net\">info@romaniancommunity.net<\/a><span style=\"line-height: 1.5em;\"> CV-ul complet \u0219i scrisoarea de inten\u021bie.<\/span><\/p>\n<p style=\"text-align: justify;\">Rolurile de voluntar sunt oferite pe baza competen\u021bei \u0219i a entuziasmului vis-a-vis de obiectivele organiza\u021biei. Interviuri standard sunt programate cu to\u021bi candida\u021bii care \u00eendeplinesc criteriile de selec\u021bie \u0219i sunt sus\u021binute de cel pu\u021bin doi membri ai comitetului. O scrisoare de regret va fi trimis\u0103 prin email tuturor celor care nu \u00eendeplinesc criteriile de selec\u021bie.<\/p>\n<p style=\"text-align: justify;\"><span style=\"line-height: 1.5em;\">To\u021bi membrii noi trec prin etapele necesare familiariz\u0103rii cu procedurile \u0219i modalitatea de func\u021bionare ale organiza\u021biei. La finalul primelor 12 luni, membrii comitetului vor decide (prin vot) asupra posibilit\u0103\u021bii \u00eenscrierii noului membru ca membru cu drepturi depline \u00een comitet.<\/span><\/p>\n<p style=\"text-align: justify;\">Conform statutului de func\u021bionare al organiza\u021biei, \u00een cazul unui conflict de interese, al unui comportament discriminatoriu, neetic sau conflictual cu obiectivele generale ale organiza\u021biei, comitetul poate decide prin vot continuitatea acelui membru\/ voluntar sau \u00eencetarea colabor\u0103rii.<\/p>\n<p style=\"text-align: justify;\"><span style=\"line-height: 1.5em;\"><strong>Nota:<\/strong> <em>To\u021bi membrii organiza\u021biei \u00ee\u0219i ofer\u0103 ONG-ului \u00een mod voluntar timpul, resursele disponibile \u0219i ideile. Conform statutului de voluntar nu exist\u0103 o recompens\u0103 financiar\u0103 pentru cei implica\u021bi.<\/em><\/span><\/p>\n","protected":false},"excerpt":{"rendered":"<p>Organiza\u021bia Romanian Community of Ireland este condus\u0103 de un comitet director format din minim 7 membri voluntar (un pre\u0219edinte, un secretar, un casier \u0219i al\u021bi 4 membri). Conform statutului de [&hellip;]<\/p>\n","protected":false},"author":7,"featured_media":0,"parent":694,"menu_order":0,"comment_status":"closed","ping_status":"closed","template":"","meta":{"footnotes":""},"class_list":["post-711","page","type-page","status-publish","hentry"],"yoast_head":"<!-- This site is optimized with the Yoast SEO plugin v27.4 - https:\/\/yoast.com\/product\/yoast-seo-wordpress\/ -->\n<title>Cum devin voluntar - Romanian Community of Ireland<\/title>\n<meta name=\"description\" content=\"Organiza\u021bia Romanian Community of Ireland este condus\u0103 de un comitet director format din minim 7 membri voluntar (un pre\u0219edinte, un secretar, un casier \u0219i\" \/>\n<meta name=\"robots\" content=\"index, follow, max-snippet:-1, max-image-preview:large, max-video-preview:-1\" \/>\n<link rel=\"canonical\" href=\"https:\/\/www.romaniancommunity.net\/rci\/voluntariat\/cum-devin-voluntar\/\" \/>\n<meta property=\"og:locale\" content=\"en_US\" \/>\n<meta property=\"og:type\" content=\"article\" \/>\n<meta property=\"og:title\" content=\"Cum devin voluntar - Romanian Community of Ireland\" \/>\n<meta property=\"og:description\" content=\"Organiza\u021bia Romanian Community of Ireland este condus\u0103 de un comitet director format din minim 7 membri voluntar (un pre\u0219edinte, un secretar, un casier \u0219i\" \/>\n<meta property=\"og:url\" content=\"https:\/\/www.romaniancommunity.net\/rci\/voluntariat\/cum-devin-voluntar\/\" \/>\n<meta property=\"og:site_name\" content=\"Romanian Community of Ireland\" \/>\n<meta property=\"article:publisher\" content=\"https:\/\/www.facebook.com\/RomanianCommunityOfIreland\/\" \/>\n<meta property=\"article:modified_time\" content=\"2016-09-05T13:49:56+00:00\" \/>\n<meta property=\"og:image\" content=\"https:\/\/www.romaniancommunity.net\/rci\/wp-content\/uploads\/2019\/01\/sigla-RCI.png\" \/>\n\t<meta property=\"og:image:width\" content=\"682\" \/>\n\t<meta property=\"og:image:height\" content=\"682\" \/>\n\t<meta property=\"og:image:type\" content=\"image\/png\" \/>\n<meta name=\"twitter:card\" content=\"summary_large_image\" \/>\n<meta name=\"twitter:label1\" content=\"Est. reading time\" \/>\n\t<meta name=\"twitter:data1\" content=\"2 minutes\" \/>\n<script type=\"application\/ld+json\" class=\"yoast-schema-graph\">{\"@context\":\"https:\\\/\\\/schema.org\",\"@graph\":[{\"@type\":\"WebPage\",\"@id\":\"https:\\\/\\\/www.romaniancommunity.net\\\/rci\\\/voluntariat\\\/cum-devin-voluntar\\\/\",\"url\":\"https:\\\/\\\/www.romaniancommunity.net\\\/rci\\\/voluntariat\\\/cum-devin-voluntar\\\/\",\"name\":\"Cum devin voluntar - Romanian Community of Ireland\",\"isPartOf\":{\"@id\":\"http:\\\/\\\/www.romaniancommunity.net\\\/rci\\\/#website\"},\"datePublished\":\"2015-05-12T16:28:41+00:00\",\"dateModified\":\"2016-09-05T13:49:56+00:00\",\"description\":\"Organiza\u021bia Romanian Community of Ireland este condus\u0103 de un comitet director format din minim 7 membri voluntar (un pre\u0219edinte, un secretar, un casier \u0219i\",\"breadcrumb\":{\"@id\":\"https:\\\/\\\/www.romaniancommunity.net\\\/rci\\\/voluntariat\\\/cum-devin-voluntar\\\/#breadcrumb\"},\"inLanguage\":\"en-US\",\"potentialAction\":[{\"@type\":\"ReadAction\",\"target\":[\"https:\\\/\\\/www.romaniancommunity.net\\\/rci\\\/voluntariat\\\/cum-devin-voluntar\\\/\"]}]},{\"@type\":\"BreadcrumbList\",\"@id\":\"https:\\\/\\\/www.romaniancommunity.net\\\/rci\\\/voluntariat\\\/cum-devin-voluntar\\\/#breadcrumb\",\"itemListElement\":[{\"@type\":\"ListItem\",\"position\":1,\"name\":\"Home\",\"item\":\"http:\\\/\\\/www.romaniancommunity.net\\\/rci\\\/\"},{\"@type\":\"ListItem\",\"position\":2,\"name\":\"Voluntariat\",\"item\":\"https:\\\/\\\/www.romaniancommunity.net\\\/rci\\\/voluntariat\\\/\"},{\"@type\":\"ListItem\",\"position\":3,\"name\":\"Cum devin voluntar\"}]},{\"@type\":\"WebSite\",\"@id\":\"http:\\\/\\\/www.romaniancommunity.net\\\/rci\\\/#website\",\"url\":\"http:\\\/\\\/www.romaniancommunity.net\\\/rci\\\/\",\"name\":\"Romanian Community of Ireland\",\"description\":\"Comunitatea Rom\u00e2nilor din Irlanda\",\"potentialAction\":[{\"@type\":\"SearchAction\",\"target\":{\"@type\":\"EntryPoint\",\"urlTemplate\":\"http:\\\/\\\/www.romaniancommunity.net\\\/rci\\\/?s={search_term_string}\"},\"query-input\":{\"@type\":\"PropertyValueSpecification\",\"valueRequired\":true,\"valueName\":\"search_term_string\"}}],\"inLanguage\":\"en-US\"}]}<\/script>\n<!-- \/ Yoast SEO plugin. -->","yoast_head_json":{"title":"Cum devin voluntar - Romanian Community of Ireland","description":"Organiza\u021bia Romanian Community of Ireland este condus\u0103 de un comitet director format din minim 7 membri voluntar (un pre\u0219edinte, un secretar, un casier \u0219i","robots":{"index":"index","follow":"follow","max-snippet":"max-snippet:-1","max-image-preview":"max-image-preview:large","max-video-preview":"max-video-preview:-1"},"canonical":"https:\/\/www.romaniancommunity.net\/rci\/voluntariat\/cum-devin-voluntar\/","og_locale":"en_US","og_type":"article","og_title":"Cum devin voluntar - Romanian Community of Ireland","og_description":"Organiza\u021bia Romanian Community of Ireland este condus\u0103 de un comitet director format din minim 7 membri voluntar (un pre\u0219edinte, un secretar, un casier \u0219i","og_url":"https:\/\/www.romaniancommunity.net\/rci\/voluntariat\/cum-devin-voluntar\/","og_site_name":"Romanian Community of Ireland","article_publisher":"https:\/\/www.facebook.com\/RomanianCommunityOfIreland\/","article_modified_time":"2016-09-05T13:49:56+00:00","og_image":[{"width":682,"height":682,"url":"https:\/\/www.romaniancommunity.net\/rci\/wp-content\/uploads\/2019\/01\/sigla-RCI.png","type":"image\/png"}],"twitter_card":"summary_large_image","twitter_misc":{"Est. reading time":"2 minutes"},"schema":{"@context":"https:\/\/schema.org","@graph":[{"@type":"WebPage","@id":"https:\/\/www.romaniancommunity.net\/rci\/voluntariat\/cum-devin-voluntar\/","url":"https:\/\/www.romaniancommunity.net\/rci\/voluntariat\/cum-devin-voluntar\/","name":"Cum devin voluntar - Romanian Community of Ireland","isPartOf":{"@id":"http:\/\/www.romaniancommunity.net\/rci\/#website"},"datePublished":"2015-05-12T16:28:41+00:00","dateModified":"2016-09-05T13:49:56+00:00","description":"Organiza\u021bia Romanian Community of Ireland este condus\u0103 de un comitet director format din minim 7 membri voluntar (un pre\u0219edinte, un secretar, un casier \u0219i","breadcrumb":{"@id":"https:\/\/www.romaniancommunity.net\/rci\/voluntariat\/cum-devin-voluntar\/#breadcrumb"},"inLanguage":"en-US","potentialAction":[{"@type":"ReadAction","target":["https:\/\/www.romaniancommunity.net\/rci\/voluntariat\/cum-devin-voluntar\/"]}]},{"@type":"BreadcrumbList","@id":"https:\/\/www.romaniancommunity.net\/rci\/voluntariat\/cum-devin-voluntar\/#breadcrumb","itemListElement":[{"@type":"ListItem","position":1,"name":"Home","item":"http:\/\/www.romaniancommunity.net\/rci\/"},{"@type":"ListItem","position":2,"name":"Voluntariat","item":"https:\/\/www.romaniancommunity.net\/rci\/voluntariat\/"},{"@type":"ListItem","position":3,"name":"Cum devin voluntar"}]},{"@type":"WebSite","@id":"http:\/\/www.romaniancommunity.net\/rci\/#website","url":"http:\/\/www.romaniancommunity.net\/rci\/","name":"Romanian Community of Ireland","description":"Comunitatea Rom\u00e2nilor din Irlanda","potentialAction":[{"@type":"SearchAction","target":{"@type":"EntryPoint","urlTemplate":"http:\/\/www.romaniancommunity.net\/rci\/?s={search_term_string}"},"query-input":{"@type":"PropertyValueSpecification","valueRequired":true,"valueName":"search_term_string"}}],"inLanguage":"en-US"}]}},"_links":{"self":[{"href":"https:\/\/www.romaniancommunity.net\/rci\/wp-json\/wp\/v2\/pages\/711","targetHints":{"allow":["GET"]}}],"collection":[{"href":"https:\/\/www.romaniancommunity.net\/rci\/wp-json\/wp\/v2\/pages"}],"about":[{"href":"https:\/\/www.romaniancommunity.net\/rci\/wp-json\/wp\/v2\/types\/page"}],"author":[{"embeddable":true,"href":"https:\/\/www.romaniancommunity.net\/rci\/wp-json\/wp\/v2\/users\/7"}],"replies":[{"embeddable":true,"href":"https:\/\/www.romaniancommunity.net\/rci\/wp-json\/wp\/v2\/comments?post=711"}],"version-history":[{"count":8,"href":"https:\/\/www.romaniancommunity.net\/rci\/wp-json\/wp\/v2\/pages\/711\/revisions"}],"predecessor-version":[{"id":2670,"href":"https:\/\/www.romaniancommunity.net\/rci\/wp-json\/wp\/v2\/pages\/711\/revisions\/2670"}],"up":[{"embeddable":true,"href":"https:\/\/www.romaniancommunity.net\/rci\/wp-json\/wp\/v2\/pages\/694"}],"wp:attachment":[{"href":"https:\/\/www.romaniancommunity.net\/rci\/wp-json\/wp\/v2\/media?parent=711"}],"curies":[{"name":"wp","href":"https:\/\/api.w.org\/{rel}","templated":true}]}}