{"id":703,"date":"2015-05-12T16:12:02","date_gmt":"2015-05-12T16:12:02","guid":{"rendered":"http:\/\/www.romaniancommunity.net\/rci\/?page_id=703"},"modified":"2016-09-05T13:32:57","modified_gmt":"2016-09-05T13:32:57","slug":"reprezentare-in-raport-cu-institutiile-locale","status":"publish","type":"page","link":"https:\/\/www.romaniancommunity.net\/rci\/servicii-rci\/reprezentare-in-raport-cu-institutiile-locale\/","title":{"rendered":"Reprezentare \u00een raport cu institu\u0163iile locale"},"content":{"rendered":"<p><img loading=\"lazy\" decoding=\"async\" class=\"alignright size-full wp-image-1849\" src=\"http:\/\/www.romaniancommunity.net\/rci\/wp-content\/uploads\/2015\/05\/irish_parliament.jpg\" alt=\"irish_parliament\" width=\"300\" height=\"200\" \/>RCI colaboreaz\u0103 cu numeroase organiza\u021bii \u0219i departamente ale institu\u021biilor publice din Irlanda:<\/p>\n<p>\u2022 Ambasada Rom\u00e2niei \u00een Irlanda;<br \/>\n\u2022 Ministerul Afacerilor de Externe- Departamentul Rom\u00e2nilor de Pretutindeni<br \/>\n\u2022 DCC &#8211; Dublin City Council;<br \/>\n\u2022 SDCC &#8211; South Dublin County Council;<br \/>\n\u2022 DLRCC \u2013 Dun Laoghaire Rathdown County Council;<br \/>\n\u2022 FCC &#8211; Fingal County Council<br \/>\n\u2022 CDVEC \u2013 City of Dublin Vocational Educational Committee<br \/>\n\u2022 Politicieni locali: TD Eric Byrne \u2013 Labour Party<\/p>\n<p>RCI este membru fondator al parteneriatului New Communities Partnership (organiza\u021bie care g\u0103zduie\u015fte sediul RCI).<\/p>\n<p>RCI a participat la numeroase \u00eent\u00e2lniri ale organiza\u021biilor de emigran\u021bi \u00een Irlanda. De asemenea, organiza\u021bia a fost reprezentat\u0103 la o serie de conferin\u021be academice pe tema migra\u021biei, diversit\u0103\u021bii \u015fi integr\u0103rii.<\/p>\n<p>RCI are reprezentan\u0163i \u00een cele patru prim\u0103rii din Dublin (Public Participation Network) \u015fi \u00een forumurile de integrare a emigran\u0163ilor de pe l\u00e2ng\u0103 consiliile locale:<br \/>\n\u2022 DCC \u2013 Migrant Forum<br \/>\n\u2022 SDCC \u2013 Migrant Integration Forum<br \/>\n\u2022 DLRCC \u2013 Minority Ethnic Forum<br \/>\n\u2022 FCC \u2013 Fingal Ethnic Network<\/p>\n<p>\u00cen 2014 \u015fi 2015, la evenimentele culturale organizate de RCI au participat:<br \/>\n&#8211; Joan Burton TD , Vicepremierul Irlandei<br \/>\n&#8211; Heather Humphreys T.D., Ministrul Culturii, Artei \u015fi Tradi\u021biilor<br \/>\n&#8211; Aodh\u00e1n \u00d3 R\u00edord\u00e1in T.D., Ministrul pentru Noile Comunit\u0103\u021bi<\/p>\n","protected":false},"excerpt":{"rendered":"<p>RCI colaboreaz\u0103 cu numeroase organiza\u021bii \u0219i departamente ale institu\u021biilor publice din Irlanda: \u2022 Ambasada Rom\u00e2niei \u00een Irlanda; \u2022 Ministerul Afacerilor de Externe- Departamentul Rom\u00e2nilor de Pretutindeni \u2022 DCC &#8211; Dublin [&hellip;]<\/p>\n","protected":false},"author":7,"featured_media":1849,"parent":28,"menu_order":0,"comment_status":"closed","ping_status":"closed","template":"","meta":{"footnotes":""},"class_list":["post-703","page","type-page","status-publish","has-post-thumbnail","hentry"],"yoast_head":"<!-- This site is optimized with the Yoast SEO plugin v27.4 - https:\/\/yoast.com\/product\/yoast-seo-wordpress\/ -->\n<title>Reprezentare \u00een raport cu institu\u0163iile locale - Romanian Community of Ireland<\/title>\n<meta name=\"description\" content=\"Reprezentare \u00een raport cu institu\u0163iile locale. RCI colaboreaz\u0103 cu numeroase organiza\u021bii \u0219i departamente ale institu\u021biilor publice din Irlanda\" \/>\n<meta name=\"robots\" content=\"index, follow, max-snippet:-1, max-image-preview:large, max-video-preview:-1\" \/>\n<link rel=\"canonical\" href=\"https:\/\/www.romaniancommunity.net\/rci\/servicii-rci\/reprezentare-in-raport-cu-institutiile-locale\/\" \/>\n<meta property=\"og:locale\" content=\"en_US\" \/>\n<meta property=\"og:type\" content=\"article\" \/>\n<meta property=\"og:title\" content=\"Reprezentare \u00een raport cu institu\u0163iile locale - Romanian Community of Ireland\" \/>\n<meta property=\"og:description\" content=\"Reprezentare \u00een raport cu institu\u0163iile locale. RCI colaboreaz\u0103 cu numeroase organiza\u021bii \u0219i departamente ale institu\u021biilor publice din Irlanda\" \/>\n<meta property=\"og:url\" content=\"https:\/\/www.romaniancommunity.net\/rci\/servicii-rci\/reprezentare-in-raport-cu-institutiile-locale\/\" \/>\n<meta property=\"og:site_name\" content=\"Romanian Community of Ireland\" \/>\n<meta property=\"article:publisher\" content=\"https:\/\/www.facebook.com\/RomanianCommunityOfIreland\/\" \/>\n<meta property=\"article:modified_time\" content=\"2016-09-05T13:32:57+00:00\" \/>\n<meta property=\"og:image\" content=\"https:\/\/www.romaniancommunity.net\/rci\/wp-content\/uploads\/2015\/05\/irish_parliament.jpg\" \/>\n\t<meta property=\"og:image:width\" content=\"300\" \/>\n\t<meta property=\"og:image:height\" content=\"200\" \/>\n\t<meta property=\"og:image:type\" content=\"image\/jpeg\" \/>\n<meta name=\"twitter:card\" content=\"summary_large_image\" \/>\n<meta name=\"twitter:label1\" content=\"Est. reading time\" \/>\n\t<meta name=\"twitter:data1\" content=\"1 minute\" \/>\n<script type=\"application\/ld+json\" class=\"yoast-schema-graph\">{\"@context\":\"https:\\\/\\\/schema.org\",\"@graph\":[{\"@type\":\"WebPage\",\"@id\":\"https:\\\/\\\/www.romaniancommunity.net\\\/rci\\\/servicii-rci\\\/reprezentare-in-raport-cu-institutiile-locale\\\/\",\"url\":\"https:\\\/\\\/www.romaniancommunity.net\\\/rci\\\/servicii-rci\\\/reprezentare-in-raport-cu-institutiile-locale\\\/\",\"name\":\"Reprezentare \u00een raport cu institu\u0163iile locale - Romanian Community of Ireland\",\"isPartOf\":{\"@id\":\"http:\\\/\\\/www.romaniancommunity.net\\\/rci\\\/#website\"},\"primaryImageOfPage\":{\"@id\":\"https:\\\/\\\/www.romaniancommunity.net\\\/rci\\\/servicii-rci\\\/reprezentare-in-raport-cu-institutiile-locale\\\/#primaryimage\"},\"image\":{\"@id\":\"https:\\\/\\\/www.romaniancommunity.net\\\/rci\\\/servicii-rci\\\/reprezentare-in-raport-cu-institutiile-locale\\\/#primaryimage\"},\"thumbnailUrl\":\"https:\\\/\\\/www.romaniancommunity.net\\\/rci\\\/wp-content\\\/uploads\\\/2015\\\/05\\\/irish_parliament.jpg\",\"datePublished\":\"2015-05-12T16:12:02+00:00\",\"dateModified\":\"2016-09-05T13:32:57+00:00\",\"description\":\"Reprezentare \u00een raport cu institu\u0163iile locale. RCI colaboreaz\u0103 cu numeroase organiza\u021bii \u0219i departamente ale institu\u021biilor publice din Irlanda\",\"breadcrumb\":{\"@id\":\"https:\\\/\\\/www.romaniancommunity.net\\\/rci\\\/servicii-rci\\\/reprezentare-in-raport-cu-institutiile-locale\\\/#breadcrumb\"},\"inLanguage\":\"en-US\",\"potentialAction\":[{\"@type\":\"ReadAction\",\"target\":[\"https:\\\/\\\/www.romaniancommunity.net\\\/rci\\\/servicii-rci\\\/reprezentare-in-raport-cu-institutiile-locale\\\/\"]}]},{\"@type\":\"ImageObject\",\"inLanguage\":\"en-US\",\"@id\":\"https:\\\/\\\/www.romaniancommunity.net\\\/rci\\\/servicii-rci\\\/reprezentare-in-raport-cu-institutiile-locale\\\/#primaryimage\",\"url\":\"https:\\\/\\\/www.romaniancommunity.net\\\/rci\\\/wp-content\\\/uploads\\\/2015\\\/05\\\/irish_parliament.jpg\",\"contentUrl\":\"https:\\\/\\\/www.romaniancommunity.net\\\/rci\\\/wp-content\\\/uploads\\\/2015\\\/05\\\/irish_parliament.jpg\",\"width\":300,\"height\":200},{\"@type\":\"BreadcrumbList\",\"@id\":\"https:\\\/\\\/www.romaniancommunity.net\\\/rci\\\/servicii-rci\\\/reprezentare-in-raport-cu-institutiile-locale\\\/#breadcrumb\",\"itemListElement\":[{\"@type\":\"ListItem\",\"position\":1,\"name\":\"Home\",\"item\":\"http:\\\/\\\/www.romaniancommunity.net\\\/rci\\\/\"},{\"@type\":\"ListItem\",\"position\":2,\"name\":\"SERVICII\",\"item\":\"http:\\\/\\\/www.romaniancommunity.net\\\/rci\\\/servicii-rci\\\/\"},{\"@type\":\"ListItem\",\"position\":3,\"name\":\"Reprezentare \u00een raport cu institu\u0163iile locale\"}]},{\"@type\":\"WebSite\",\"@id\":\"http:\\\/\\\/www.romaniancommunity.net\\\/rci\\\/#website\",\"url\":\"http:\\\/\\\/www.romaniancommunity.net\\\/rci\\\/\",\"name\":\"Romanian Community of Ireland\",\"description\":\"Comunitatea Rom\u00e2nilor din Irlanda\",\"potentialAction\":[{\"@type\":\"SearchAction\",\"target\":{\"@type\":\"EntryPoint\",\"urlTemplate\":\"http:\\\/\\\/www.romaniancommunity.net\\\/rci\\\/?s={search_term_string}\"},\"query-input\":{\"@type\":\"PropertyValueSpecification\",\"valueRequired\":true,\"valueName\":\"search_term_string\"}}],\"inLanguage\":\"en-US\"}]}<\/script>\n<!-- \/ Yoast SEO plugin. -->","yoast_head_json":{"title":"Reprezentare \u00een raport cu institu\u0163iile locale - Romanian Community of Ireland","description":"Reprezentare \u00een raport cu institu\u0163iile locale. RCI colaboreaz\u0103 cu numeroase organiza\u021bii \u0219i departamente ale institu\u021biilor publice din Irlanda","robots":{"index":"index","follow":"follow","max-snippet":"max-snippet:-1","max-image-preview":"max-image-preview:large","max-video-preview":"max-video-preview:-1"},"canonical":"https:\/\/www.romaniancommunity.net\/rci\/servicii-rci\/reprezentare-in-raport-cu-institutiile-locale\/","og_locale":"en_US","og_type":"article","og_title":"Reprezentare \u00een raport cu institu\u0163iile locale - Romanian Community of Ireland","og_description":"Reprezentare \u00een raport cu institu\u0163iile locale. RCI colaboreaz\u0103 cu numeroase organiza\u021bii \u0219i departamente ale institu\u021biilor publice din Irlanda","og_url":"https:\/\/www.romaniancommunity.net\/rci\/servicii-rci\/reprezentare-in-raport-cu-institutiile-locale\/","og_site_name":"Romanian Community of Ireland","article_publisher":"https:\/\/www.facebook.com\/RomanianCommunityOfIreland\/","article_modified_time":"2016-09-05T13:32:57+00:00","og_image":[{"width":300,"height":200,"url":"https:\/\/www.romaniancommunity.net\/rci\/wp-content\/uploads\/2015\/05\/irish_parliament.jpg","type":"image\/jpeg"}],"twitter_card":"summary_large_image","twitter_misc":{"Est. reading time":"1 minute"},"schema":{"@context":"https:\/\/schema.org","@graph":[{"@type":"WebPage","@id":"https:\/\/www.romaniancommunity.net\/rci\/servicii-rci\/reprezentare-in-raport-cu-institutiile-locale\/","url":"https:\/\/www.romaniancommunity.net\/rci\/servicii-rci\/reprezentare-in-raport-cu-institutiile-locale\/","name":"Reprezentare \u00een raport cu institu\u0163iile locale - Romanian Community of Ireland","isPartOf":{"@id":"http:\/\/www.romaniancommunity.net\/rci\/#website"},"primaryImageOfPage":{"@id":"https:\/\/www.romaniancommunity.net\/rci\/servicii-rci\/reprezentare-in-raport-cu-institutiile-locale\/#primaryimage"},"image":{"@id":"https:\/\/www.romaniancommunity.net\/rci\/servicii-rci\/reprezentare-in-raport-cu-institutiile-locale\/#primaryimage"},"thumbnailUrl":"https:\/\/www.romaniancommunity.net\/rci\/wp-content\/uploads\/2015\/05\/irish_parliament.jpg","datePublished":"2015-05-12T16:12:02+00:00","dateModified":"2016-09-05T13:32:57+00:00","description":"Reprezentare \u00een raport cu institu\u0163iile locale. RCI colaboreaz\u0103 cu numeroase organiza\u021bii \u0219i departamente ale institu\u021biilor publice din Irlanda","breadcrumb":{"@id":"https:\/\/www.romaniancommunity.net\/rci\/servicii-rci\/reprezentare-in-raport-cu-institutiile-locale\/#breadcrumb"},"inLanguage":"en-US","potentialAction":[{"@type":"ReadAction","target":["https:\/\/www.romaniancommunity.net\/rci\/servicii-rci\/reprezentare-in-raport-cu-institutiile-locale\/"]}]},{"@type":"ImageObject","inLanguage":"en-US","@id":"https:\/\/www.romaniancommunity.net\/rci\/servicii-rci\/reprezentare-in-raport-cu-institutiile-locale\/#primaryimage","url":"https:\/\/www.romaniancommunity.net\/rci\/wp-content\/uploads\/2015\/05\/irish_parliament.jpg","contentUrl":"https:\/\/www.romaniancommunity.net\/rci\/wp-content\/uploads\/2015\/05\/irish_parliament.jpg","width":300,"height":200},{"@type":"BreadcrumbList","@id":"https:\/\/www.romaniancommunity.net\/rci\/servicii-rci\/reprezentare-in-raport-cu-institutiile-locale\/#breadcrumb","itemListElement":[{"@type":"ListItem","position":1,"name":"Home","item":"http:\/\/www.romaniancommunity.net\/rci\/"},{"@type":"ListItem","position":2,"name":"SERVICII","item":"http:\/\/www.romaniancommunity.net\/rci\/servicii-rci\/"},{"@type":"ListItem","position":3,"name":"Reprezentare \u00een raport cu institu\u0163iile locale"}]},{"@type":"WebSite","@id":"http:\/\/www.romaniancommunity.net\/rci\/#website","url":"http:\/\/www.romaniancommunity.net\/rci\/","name":"Romanian Community of Ireland","description":"Comunitatea Rom\u00e2nilor din Irlanda","potentialAction":[{"@type":"SearchAction","target":{"@type":"EntryPoint","urlTemplate":"http:\/\/www.romaniancommunity.net\/rci\/?s={search_term_string}"},"query-input":{"@type":"PropertyValueSpecification","valueRequired":true,"valueName":"search_term_string"}}],"inLanguage":"en-US"}]}},"_links":{"self":[{"href":"https:\/\/www.romaniancommunity.net\/rci\/wp-json\/wp\/v2\/pages\/703","targetHints":{"allow":["GET"]}}],"collection":[{"href":"https:\/\/www.romaniancommunity.net\/rci\/wp-json\/wp\/v2\/pages"}],"about":[{"href":"https:\/\/www.romaniancommunity.net\/rci\/wp-json\/wp\/v2\/types\/page"}],"author":[{"embeddable":true,"href":"https:\/\/www.romaniancommunity.net\/rci\/wp-json\/wp\/v2\/users\/7"}],"replies":[{"embeddable":true,"href":"https:\/\/www.romaniancommunity.net\/rci\/wp-json\/wp\/v2\/comments?post=703"}],"version-history":[{"count":12,"href":"https:\/\/www.romaniancommunity.net\/rci\/wp-json\/wp\/v2\/pages\/703\/revisions"}],"predecessor-version":[{"id":2668,"href":"https:\/\/www.romaniancommunity.net\/rci\/wp-json\/wp\/v2\/pages\/703\/revisions\/2668"}],"up":[{"embeddable":true,"href":"https:\/\/www.romaniancommunity.net\/rci\/wp-json\/wp\/v2\/pages\/28"}],"wp:featuredmedia":[{"embeddable":true,"href":"https:\/\/www.romaniancommunity.net\/rci\/wp-json\/wp\/v2\/media\/1849"}],"wp:attachment":[{"href":"https:\/\/www.romaniancommunity.net\/rci\/wp-json\/wp\/v2\/media?parent=703"}],"curies":[{"name":"wp","href":"https:\/\/api.w.org\/{rel}","templated":true}]}}