{"id":634,"date":"2015-05-06T09:24:27","date_gmt":"2015-05-06T09:24:27","guid":{"rendered":"http:\/\/www.romaniancommunity.net\/rci\/?page_id=634"},"modified":"2020-03-01T14:41:50","modified_gmt":"2020-03-01T14:41:50","slug":"evenimente","status":"publish","type":"page","link":"https:\/\/www.romaniancommunity.net\/rci\/evenimente\/","title":{"rendered":"EVENIMENTE"},"content":{"rendered":"<h5><strong>Evenimente 2020<\/strong><\/h5>\n<section id=\"huge_it_portfolio_content_14\"\r\n         style=\"clear: both\"\r\n         class=\"portfolio-gallery-content \"\r\n         data-portfolio-id=\"14\">\r\n\t<div id=\"huge-it-container-loading-overlay_14\"><\/div>\r\n\t\t\t\t\t\t<div id=\"huge_it_portfolio_container_14\"\r\n\t     data-show-loading=\"on\"\r\n\t     data-show-center=\"off\"\r\n\t     class=\"huge_it_portfolio_container super-list variable-sizes clearfix view-full-width\" >\r\n\t\t\t\t\t<div\r\n\t\t\t\tclass=\"portelement portelement_14 colorbox_grouping   \" data-symbol=\"Ziua Femeii, 7 martie 2020\" data-category=\"alkaline-earth\">\r\n\t\t\t\t<div class=\"left-block_14\">\r\n\t\t\t\t\t<div class=\"main-image-block_14 add-H-relative\">\r\n                        <p style=\"display:none;\" class=\"load_date\">2020-03-01 14:37:30<\/p>\r\n                        <p style=\"display:none;\" class=\"number\">375<\/p>\r\n\t\t\t\t\t\t\t\t\t\t\t\t\t\t\t\t\t\t\t\t\t<a href=\"http:\/\/www.romaniancommunity.net\/rci\/wp-content\/uploads\/2020\/01\/82558607_3004515239581859_4952850930199429120_o.jpg\"\r\n\t\t\t\t\t\t\t\t\t   class=\" portfolio-group1-14\"\r\n                                       data-description=\" \u00cen 2020 s\u0103rb\u0103torim \u00een stilul anilor \u201920 cu farmec \u0219i str\u0103lucire, Glam Party \u2013 Anii \u201920. La cererea doamnelor \u0219i domni\u0219oarelor, invitatul special este Gabriel Cove\u0219anu, mult \u00eendr\u0103gitul prezentator de televiziune, COVE! Mul\u021bumim \u0219i partenerilor no\u0219tri pentru sus\u021binere: Atelier M, E Koncept Dublin, Popa &amp; Co. Law Firm, Parnell Medical, Ria Money Transfer Ireland, Perfectlight Photography. Partener media: Informatia Irl.\r\nV\u0103 a\u0219tept\u0103m cu un program marca RCI, cu Gala Premiilor de Excelen\u021b\u0103, cin\u0103, tombol\u0103 \u0219i cu foarte mult\u0103 muzic\u0103 de calitate \u00een compania lui DJ Marius B\u00eercu \u0219i a altor invita\u021bi, \u00eencep\u00e2nd cu ora 18:00 la Hotel Hilton Dublin Airport s\u0103 petrecem p\u00e2n\u0103 \u00een miez de noapte. Biletele se pot achizi\u021biona acces\u00e2nd https:\/\/ziuafemeii2020-rci.eventbrite.ie\"\r\n\t\t\t\t\t\t\t\t\t   title=\"Ziua Femeii, 7 martie 2020\" data-groupID=\"1-14\"><img\r\n\t\t\t\t\t\t\t\t\t\t\talt=\"Ziua Femeii, 7 martie 2020\"\r\n\t\t\t\t\t\t\t\t\t\t\tid=\"wd-cl-img0\"\r\n                                            data-title=\" 82558607_3004515239581859_4952850930199429120_o\"\r\n\t\t\t\t\t\t\t\t\t\t\tsrc=\"https:\/\/www.romaniancommunity.net\/rci\/wp-content\/uploads\/2020\/01\/82558607_3004515239581859_4952850930199429120_o.jpg\"><\/a>\r\n\t\t\t\t\t\t\t\t\t\t\t\t\t\t<\/div>\r\n\t\t\t\t\t<div class=\"thumbs-block\">\r\n\t\t\t\t\t\t\t\t\t\t\t\t\t<ul class=\"thumbs-list_14\">\r\n\t\t\t\t\t\t\t\t\t\t\t\t\t\t\t<\/ul>\r\n\t\t\t\t\t\t\t\t\t\t\t\t<\/div>\r\n\t\t\t\t<\/div>\r\n\t\t\t\t<div class=\"right-block\">\r\n\t\t\t\t\t\t\t\t\t\t<div class=\"title-block_14\">\r\n\t\t\t\t\t\t<h3 class=\"name\" >Ziua Femeii, 7 martie 2020<\/h3><\/div>\t\t\t\t\t\t\t\t\t\t\t\t<div class=\"description-block_14\">\r\n\t\t\t\t\t\t\t\t<p>\u00cen 2020 s\u0103rb\u0103torim \u00een stilul anilor \u201920 cu farmec \u0219i str\u0103lucire, Glam Party \u2013 Anii \u201920. La cererea doamnelor \u0219i domni\u0219oarelor, invitatul special este Gabriel Cove\u0219anu, mult \u00eendr\u0103gitul prezentator de televiziune, COVE! Mul\u021bumim \u0219i partenerilor no\u0219tri pentru sus\u021binere: Atelier M, E Koncept Dublin, Popa &amp; Co. Law Firm, Parnell Medical, Ria Money Transfer Ireland, Perfectlight Photography. Partener media: Informatia Irl.\r\nV\u0103 a\u0219tept\u0103m cu un program marca RCI, cu Gala Premiilor de Excelen\u021b\u0103, cin\u0103, tombol\u0103 \u0219i cu foarte mult\u0103 muzic\u0103 de calitate \u00een compania lui DJ Marius B\u00eercu \u0219i a altor invita\u021bi, \u00eencep\u00e2nd cu ora 18:00 la Hotel Hilton Dublin Airport s\u0103 petrecem p\u00e2n\u0103 \u00een miez de noapte. Biletele se pot achizi\u021biona acces\u00e2nd https:\/\/ziuafemeii2020-rci.eventbrite.ie<\/p><\/div>\r\n\t\t\t\t\t\t\t\t\t\t\t\t\t\t\t<\/div>\r\n\t\t\t<\/div>\r\n\r\n\t\t\t\r\n\t<\/div>\r\n<\/section><style>\r\n.portelement_14 .play-icon.youtube-icon  {\r\n    background: url(https:\/\/www.romaniancommunity.net\/rci\/wp-content\/plugins\/portfolio-gallery\/assets\/images\/admin_images\/play.youtube.png) center center no-repeat;\r\n    background-size: 30% 30%;\r\n}\r\n.portelement_14 .play-icon.vimeo-icon  {\r\n    background: url(https:\/\/www.romaniancommunity.net\/rci\/wp-content\/plugins\/portfolio-gallery\/assets\/images\/admin_images\/play.vimeo.png) center center no-repeat;\r\n    background-size: 30% 30%;\r\n}\r\n.portelement_14 .play-icon {\r\n    position: absolute;\r\n    top: 0px;\r\n    left: 0px;\r\n    width: 100%;\r\n    height: 100%;\r\n}\r\n.add-H-relative {\r\n    position: relative;\r\n}\r\n.add-H-block {\r\n    display: block;\r\n    border: none !important;\r\n    box-shadow: none;\r\n\r\n}\r\n\/***<\/add>***\/\r\n.portelement_14 {\r\n    position: relative;\r\n    width: calc(96% - 2px);\r\n    margin:5px 0px 5px 0px;\r\n    padding:2%;\r\n    clear:both;\r\n    overflow: hidden;\r\n    border:1px solid #dedede;\r\n    background:#f9f9f9;\r\n}\r\n\r\n.portelement_14 div.left-block_14 {\r\n    padding-right: 10px;\r\n    display: inline-block;\r\n    float: left;\r\n}\r\n\r\n.portelement_14 div.left-block_14 .main-image-block_14 {\r\n    clear:both;\r\n    width:240px;\r\n}\r\n\r\n.portelement_14 div.left-block_14 .main-image-block_14 img {\r\n    margin:0px !important;\r\n    padding:0px !important;\r\n    width:240px !important;\r\n    height:auto;\r\n}\r\n\r\n.portelement_14 div.left-block_14 .thumbs-block {\r\n    position:relative;\r\n    margin-top:10px;\r\n    display: inline-block;\r\n}\r\n\r\n.portelement_14 div.left-block_14 .thumbs-block .thumbs-list_14{\r\n    padding: 0 !important;\r\n}\r\n\r\n.portelement_14 div.left-block_14 .thumbs-block ul {\r\n    width:240px;\r\n    height:auto;\r\n    display:table;\r\n    margin:0px;\r\n    padding:0px;\r\n    list-style:none;\r\n}\r\n\r\n.portelement_14 div.left-block_14 .thumbs-block ul li {\r\n    margin:2px 3px 0px 2px;\r\n    padding:0px;\r\n    width:75px;\r\n    height:75px;\r\n    float:left;\r\n}\r\n\r\n.portelement_14 div.left-block_14 .thumbs-block ul li a {\r\n    display:block;\r\n    width:75px;\r\n    height:75px;\r\n    border: none;\r\n    box-shadow: none;\r\n}\r\n\r\n.portelement_14 div.left-block_14 .thumbs-block ul li a img {\r\n    margin:0px !important;\r\n    padding:0px !important;\r\n    width:75px;\r\n    height:75px;\r\n}\r\n\r\n.portelement_14 div.right-block {\r\n    vertical-align:top;\r\n    float: right;\r\n    display: inline-block;\r\n    width: calc(96% - 240px);\r\n}\r\n\r\n.portelement_14 div.right-block > div {\r\n    width:100%;\r\n    padding-bottom:10px;\r\n    margin-top:10px;\r\n    background:url('https:\/\/www.romaniancommunity.net\/rci\/wp-content\/plugins\/portfolio-gallery\/assets\/images\/admin_images\/divider.line.png') center bottom repeat-x;\r\n}\r\n\r\n.portelement_14 div.right-block > div:last-child {\r\n    background:none;\r\n}\r\n\r\n.portelement_14 div.right-block .title-block_14  {\r\n    margin-top:3px;\r\n}\r\n\r\n.portelement_14 div.right-block .title-block_14 h3 {\r\n    margin:0px;\r\n    padding:0px;\r\n    font-weight:normal;\r\n    font-size:18px !important;\r\n    line-height:22px !important;\r\n    color:#0074a2;\r\n}\r\n\r\n.portelement_14 div.right-block .description-block_14 p,.portelement_14 div.right-block .description-block_14  {\r\n    margin:0px;\r\n    padding:0px;\r\n    font-size:14px;\r\n    color:#555555;\r\n    text-align: justify;\r\n}\r\n\r\n\r\n.portelement_14 div.right-block .description-block_14 h1,\r\n.portelement_14 div.right-block .description-block_14 h2,\r\n.portelement_14 div.right-block .description-block_14 h3,\r\n.portelement_14 div.right-block .description-block_14 h4,\r\n.portelement_14 div.right-block .description-block_14 h5,\r\n.portelement_14 div.right-block .description-block_14 h6,\r\n.portelement_14 div.right-block .description-block_14 p,\r\n.portelement_14 div.right-block .description-block_14 strong,\r\n.portelement_14 div.right-block .description-block_14 span {\r\n    padding:2px !important;\r\n    margin:0px !important;\r\n}\r\n\r\n.portelement_14 div.right-block .description-block_14 ul,\r\n.portelement_14 div.right-block .description-block_14 li {\r\n    padding:2px 0px 2px 5px;\r\n    margin:0px 0px 0px 8px;\r\n}\r\n\r\n.portelement_14 .button-block {\r\n    position:relative;\r\n}\r\n\r\n.portelement_14 div.right-block .button-block a,.portelement_14 div.right-block .button-block a:link,.portelement_14 div.right-block .button-block a:visited {\r\n    position:relative;\r\n    display:inline-block;\r\n    padding:6px 12px;\r\n    background:#2ea2cd;\r\n    color:#ffffff;\r\n    font-size:14px;\r\n    text-decoration:none;\r\n    border:none;\r\n}\r\n\r\n.portelement_14 div.right-block .button-block a:hover,.pupup-elemen.element div.right-block .button-block a:focus,.portelement_14 div.right-block .button-block a:active {\r\n    background:#0074a2;\r\n    color:#ffffff;\r\n    border:none;\r\n}\r\n\r\n#huge_it_portfolio_content_14 #huge_it_portfolio_options_14 {\r\n    position: relative;\r\n    overflow: hidden;\r\nfloat:;margin-top:5px;max-width:180px;width:20%;display:inline-block;margin-left:1%;\r\nopacity: 0;    margin-bottom: 10px;\r\n}\r\n\r\n#huge_it_portfolio_content_14 #huge_it_portfolio_options_14 ul {\r\n    margin: 0px !important;\r\n    padding: 0px !important;\r\n    list-style: none;\r\n}\r\n\r\n#huge_it_portfolio_content_14 #huge_it_portfolio_filters_14 ul {\r\n    margin: 0px !important;\r\n    padding: 0px !important;\r\n    overflow: hidden;\r\n    width: 100%;\r\n}\r\n\r\n\r\n#huge_it_portfolio_content_14 #huge_it_portfolio_options_14 ul li {\r\n    border-radius: 0px;\r\n    list-style-type: none;\r\n    margin: 0px !important;\r\n    padding: 0;\r\nborder: 1px solid #ccc;}\r\n\r\n#huge_it_portfolio_content_14 #huge_it_portfolio_options_14 ul li a {\r\n    background-color: #F7F7F7 !important;\r\n    border-radius: 0px;\r\n    font-size:14px !important;\r\n    color:#555555 !important;\r\n    text-decoration: none;\r\n    cursor: pointer;\r\n    margin: 0px !important;\r\n    display: block;\r\n    padding:3px;\r\n}\r\n\r\n\/*#huge_it_portfolio_content_14 #huge_it_portfolio_options_14 ul li:hover {\r\n\r\n}*\/\r\n\r\n#huge_it_portfolio_content_14 #huge_it_portfolio_options_14 ul li a:hover {\r\n    background-color: #FF3845 !important;\r\n    color:#ffffff !important;\r\n    cursor: pointer;\r\n}\r\n\r\n#huge_it_portfolio_content_14 #huge_it_portfolio_filters_14 {\r\n    position: relative;\r\n    overflow: hidden;\r\nfloat:;margin-top:5px;max-width:180px;width:20%;display:inline-block;margin-left:1%;\r\nopacity: 0;}\r\n\r\n#huge_it_portfolio_content_14 #huge_it_portfolio_filters_14 ul li {\r\n    border-radius: 0px;\r\n    list-style-type: none;\r\nborder: 1px solid #ccc;}\r\n\r\n#huge_it_portfolio_content_14 #huge_it_portfolio_filters_14 ul li a {\r\n    font-size:14px !important;\r\n    color:#555555 !important;\r\n    background-color: #F7F7F7 !important;\r\n    border-radius: 0px;\r\n    padding:3px;\r\n    display: block;\r\n    text-decoration: none;\r\n}\r\n\r\n#huge_it_portfolio_content_14 #huge_it_portfolio_filters_14  ul li a:hover {\r\n    color:#ffffff !important;\r\n    background-color: #FF3845 !important;\r\n    cursor: pointer;\r\n}\r\n#huge_it_portfolio_content_14 #huge_it_portfolio_filters_14 ul li.active a,\r\n#huge_it_portfolio_content_14 #huge_it_portfolio_filters_14 ul li.active a:link,\r\n#huge_it_portfolio_content_14 #huge_it_portfolio_filters_14 ul li.active a:visited,\r\n#huge_it_portfolio_content_14 #huge_it_portfolio_filters_14  ul li.active a:hover,\r\n#huge_it_portfolio_content_14 #huge_it_portfolio_filters_14  ul li.active a:focus,\r\n#huge_it_portfolio_content_14 #huge_it_portfolio_filters_14  ul li.active a:active {\r\n    color:#ffffff !important;\r\n    background-color: #FF3845 !important;\r\n    cursor: pointer;\r\n}\r\n#huge_it_portfolio_content_14 section {\r\n    position:relative;\r\n    display:block;\r\n}\r\n\r\n#huge_it_portfolio_content_14 #huge_it_portfolio_container_14 {\r\n\r\n    width: 79%;\r\nwidth:100%;opacity: 0;\r\n}\r\n@media screen and (max-width: 768px) {\r\n\r\n    #huge_it_portfolio_content_14 #huge_it_portfolio_filters_14 ul li a,\r\n    #huge_it_portfolio_content_14 #huge_it_portfolio_filters_14 ul li a:link,\r\n    #huge_it_portfolio_content_14 #huge_it_portfolio_filters_14 ul li a:visited {\r\n        font-size: 2vw !important;\r\n    }\r\n    #huge_it_portfolio_content_14 #huge_it_portfolio_options_14 ul li a {\r\n        font-size:2vw !important;\r\n    }\r\n\r\n}\r\n\r\n@media screen and (max-width: 600px) {\r\n    .portelement_14 div.left-block_14 {\r\n        width: 100%;\r\n    }\r\n    .portelement_14 div.left-block_14 .main-image-block_14{\r\n        float: left;\r\n    }\r\n    .portelement_14 div.left-block_14 .thumbs-block{\r\n        width: calc(100% - 250px);\r\n        margin-left: 10px;\r\n    }\r\n    .portelement_14 div.left-block_14 .thumbs-block ul{\r\n        width: auto;\r\n    }\r\n    .portelement_14 div.right-block {\r\n        width: 100%;\r\n    }\r\n    .portelement_14 div.right-block .title-block_14 h3 {\r\n        text-align: center;\r\n    }\r\n}\r\n\r\n@media screen and (max-width: 480px) {\r\n\r\n    #huge_it_portfolio_content_14 #huge_it_portfolio_filters_14 ul li a,\r\n    #huge_it_portfolio_content_14 #huge_it_portfolio_filters_14 ul li a:link,\r\n    #huge_it_portfolio_content_14 #huge_it_portfolio_filters_14 ul li a:visited {\r\n        font-size: 3vw !important;\r\n    }\r\n    #huge_it_portfolio_content_14 #huge_it_portfolio_options_14 ul li a {\r\n        line-height: 3vw;\r\n        font-size:3vw !important;\r\n    }\r\n    .portelement_14 div.left-block_14 .thumbs-block{\r\n        width: auto;\r\n    }\r\n    .portelement_14 div.left-block_14 .main-image-block_14  {\r\n        left: 50%;\r\n        transform: translateX(-50%);\r\n        position: relative;\r\n    }\r\n    .portelement_14 div.left-block_14 .thumbs-block ul{\r\n        left: 50%;\r\n        transform: translateX(-50%);\r\n        position: relative;\r\n    }\r\n    .portelement_14 div.left-block_14 .thumbs-block{\r\n        width: 100%;\r\n        margin-left: 0;\r\n    }\r\n}\r\n@media screen and (max-width: 420px) {\r\n\r\n    #huge_it_portfolio_content_14 #huge_it_portfolio_filters_14 ul li a,\r\n    #huge_it_portfolio_content_14 #huge_it_portfolio_filters_14 ul li a:link,\r\n    #huge_it_portfolio_content_14 #huge_it_portfolio_filters_14 ul li a:visited {\r\n        font-size: 4vw !important;\r\n    }\r\n    #huge_it_portfolio_content_14 #huge_it_portfolio_options_14 ul li a {\r\n        font-size:4vw !important;\r\n    }\r\n}\r\n\r\n@media screen and (max-width: 765px) {\r\n    #huge_it_portfolio_content_14 .right-block {\r\n        float: left !important;\r\n        width: 100% !important;\r\n\r\n    }\r\n}\r\n#huge-it-container-loading-overlay_14 {\r\n    width: 100%;\r\n    height: 100%;\r\n    position: absolute;\r\n    z-index: 1;\r\n    background:  url(https:\/\/www.romaniancommunity.net\/rci\/wp-content\/plugins\/portfolio-gallery\/assets\/images\/loading\/loading-1.svg) center top ;\r\n    background-repeat: no-repeat;\r\n    background-size: 60px auto;\r\n}\r\n#huge_it_portfolio_options_and_filters_14{\r\n    position: relative;\r\n    float: left;\r\n    width: 20%;\r\n    max-width: 180px;\r\n    float:;\r\nmargin-left:1%;}\r\n<\/style>\n<h5><a href=\"http:\/\/www.romaniancommunity.net\/rci\/evenimente\/evenimente-2019\/\">Evenimente 2019<\/a><\/h5>\n<h5><a href=\"http:\/\/www.romaniancommunity.net\/rci\/evenimente\/evenimente-2018\/\">Evenimente 2018<\/a><\/h5>\n<h5><a href=\"http:\/\/www.romaniancommunity.net\/rci\/evenimente\/evenimente-2017\/\">Evenimente 2017<\/a><\/h5>\n<h5><a href=\"http:\/\/www.romaniancommunity.net\/rci\/evenimente\/evenimente-2016\/\">Evenimente 2016<\/a><\/h5>\n<h5><a href=\"http:\/\/www.romaniancommunity.net\/rci\/evenimente\/evenimente-2015\/\">Evenimente 2015<\/a><\/h5>\n<h5><a href=\"http:\/\/www.romaniancommunity.net\/rci\/evenimente\/evenimente-2014\/\">Evenimente 2014<\/a><\/h5>\n<h5><a href=\"http:\/\/www.romaniancommunity.net\/rci\/evenimente\/evenimente-2013\/\">Evenimente 2013<\/a><\/h5>\n<h5><a href=\"http:\/\/www.romaniancommunity.net\/rci\/evenimente\/evenimente-2012\/\">Evenimente 2012<\/a><\/h5>\n<h5><a href=\"http:\/\/www.romaniancommunity.net\/rci\/evenimente\/evenimente-2011\/\">Evenimente 2011<\/a><\/h5>\n","protected":false},"excerpt":{"rendered":"<p>Evenimente 2020 Evenimente 2019 Evenimente 2018 Evenimente 2017 Evenimente 2016 Evenimente 2015 Evenimente 2014 Evenimente 2013 Evenimente 2012 Evenimente 2011<\/p>\n","protected":false},"author":7,"featured_media":0,"parent":0,"menu_order":0,"comment_status":"closed","ping_status":"closed","template":"","meta":{"footnotes":""},"class_list":["post-634","page","type-page","status-publish","hentry"],"yoast_head":"<!-- This site is optimized with the Yoast SEO plugin v27.4 - https:\/\/yoast.com\/product\/yoast-seo-wordpress\/ -->\n<title>EVENIMENTE - Romanian Community of Ireland<\/title>\n<meta name=\"robots\" content=\"index, follow, max-snippet:-1, max-image-preview:large, max-video-preview:-1\" \/>\n<link rel=\"canonical\" href=\"http:\/\/www.romaniancommunity.net\/rci\/evenimente\/\" \/>\n<meta property=\"og:locale\" content=\"en_US\" \/>\n<meta property=\"og:type\" content=\"article\" \/>\n<meta property=\"og:title\" content=\"EVENIMENTE - Romanian Community of Ireland\" \/>\n<meta property=\"og:description\" content=\"Evenimente 2020 Evenimente 2019 Evenimente 2018 Evenimente 2017 Evenimente 2016 Evenimente 2015 Evenimente 2014 Evenimente 2013 Evenimente 2012 Evenimente 2011\" \/>\n<meta property=\"og:url\" content=\"http:\/\/www.romaniancommunity.net\/rci\/evenimente\/\" \/>\n<meta property=\"og:site_name\" content=\"Romanian Community of Ireland\" \/>\n<meta property=\"article:publisher\" content=\"https:\/\/www.facebook.com\/RomanianCommunityOfIreland\/\" \/>\n<meta property=\"article:modified_time\" content=\"2020-03-01T14:41:50+00:00\" \/>\n<meta property=\"og:image\" content=\"https:\/\/www.romaniancommunity.net\/rci\/wp-content\/uploads\/2019\/01\/sigla-RCI.png\" \/>\n\t<meta property=\"og:image:width\" content=\"682\" \/>\n\t<meta property=\"og:image:height\" content=\"682\" \/>\n\t<meta property=\"og:image:type\" content=\"image\/png\" \/>\n<meta name=\"twitter:card\" content=\"summary_large_image\" \/>\n<script type=\"application\/ld+json\" class=\"yoast-schema-graph\">{\"@context\":\"https:\\\/\\\/schema.org\",\"@graph\":[{\"@type\":\"WebPage\",\"@id\":\"http:\\\/\\\/www.romaniancommunity.net\\\/rci\\\/evenimente\\\/\",\"url\":\"http:\\\/\\\/www.romaniancommunity.net\\\/rci\\\/evenimente\\\/\",\"name\":\"EVENIMENTE - Romanian Community of Ireland\",\"isPartOf\":{\"@id\":\"http:\\\/\\\/www.romaniancommunity.net\\\/rci\\\/#website\"},\"datePublished\":\"2015-05-06T09:24:27+00:00\",\"dateModified\":\"2020-03-01T14:41:50+00:00\",\"breadcrumb\":{\"@id\":\"http:\\\/\\\/www.romaniancommunity.net\\\/rci\\\/evenimente\\\/#breadcrumb\"},\"inLanguage\":\"en-US\",\"potentialAction\":[{\"@type\":\"ReadAction\",\"target\":[\"http:\\\/\\\/www.romaniancommunity.net\\\/rci\\\/evenimente\\\/\"]}]},{\"@type\":\"BreadcrumbList\",\"@id\":\"http:\\\/\\\/www.romaniancommunity.net\\\/rci\\\/evenimente\\\/#breadcrumb\",\"itemListElement\":[{\"@type\":\"ListItem\",\"position\":1,\"name\":\"Home\",\"item\":\"http:\\\/\\\/www.romaniancommunity.net\\\/rci\\\/\"},{\"@type\":\"ListItem\",\"position\":2,\"name\":\"EVENIMENTE\"}]},{\"@type\":\"WebSite\",\"@id\":\"http:\\\/\\\/www.romaniancommunity.net\\\/rci\\\/#website\",\"url\":\"http:\\\/\\\/www.romaniancommunity.net\\\/rci\\\/\",\"name\":\"Romanian Community of Ireland\",\"description\":\"Comunitatea Rom\u00e2nilor din Irlanda\",\"potentialAction\":[{\"@type\":\"SearchAction\",\"target\":{\"@type\":\"EntryPoint\",\"urlTemplate\":\"http:\\\/\\\/www.romaniancommunity.net\\\/rci\\\/?s={search_term_string}\"},\"query-input\":{\"@type\":\"PropertyValueSpecification\",\"valueRequired\":true,\"valueName\":\"search_term_string\"}}],\"inLanguage\":\"en-US\"}]}<\/script>\n<!-- \/ Yoast SEO plugin. -->","yoast_head_json":{"title":"EVENIMENTE - Romanian Community of Ireland","robots":{"index":"index","follow":"follow","max-snippet":"max-snippet:-1","max-image-preview":"max-image-preview:large","max-video-preview":"max-video-preview:-1"},"canonical":"http:\/\/www.romaniancommunity.net\/rci\/evenimente\/","og_locale":"en_US","og_type":"article","og_title":"EVENIMENTE - Romanian Community of Ireland","og_description":"Evenimente 2020 Evenimente 2019 Evenimente 2018 Evenimente 2017 Evenimente 2016 Evenimente 2015 Evenimente 2014 Evenimente 2013 Evenimente 2012 Evenimente 2011","og_url":"http:\/\/www.romaniancommunity.net\/rci\/evenimente\/","og_site_name":"Romanian Community of Ireland","article_publisher":"https:\/\/www.facebook.com\/RomanianCommunityOfIreland\/","article_modified_time":"2020-03-01T14:41:50+00:00","og_image":[{"width":682,"height":682,"url":"https:\/\/www.romaniancommunity.net\/rci\/wp-content\/uploads\/2019\/01\/sigla-RCI.png","type":"image\/png"}],"twitter_card":"summary_large_image","schema":{"@context":"https:\/\/schema.org","@graph":[{"@type":"WebPage","@id":"http:\/\/www.romaniancommunity.net\/rci\/evenimente\/","url":"http:\/\/www.romaniancommunity.net\/rci\/evenimente\/","name":"EVENIMENTE - Romanian Community of Ireland","isPartOf":{"@id":"http:\/\/www.romaniancommunity.net\/rci\/#website"},"datePublished":"2015-05-06T09:24:27+00:00","dateModified":"2020-03-01T14:41:50+00:00","breadcrumb":{"@id":"http:\/\/www.romaniancommunity.net\/rci\/evenimente\/#breadcrumb"},"inLanguage":"en-US","potentialAction":[{"@type":"ReadAction","target":["http:\/\/www.romaniancommunity.net\/rci\/evenimente\/"]}]},{"@type":"BreadcrumbList","@id":"http:\/\/www.romaniancommunity.net\/rci\/evenimente\/#breadcrumb","itemListElement":[{"@type":"ListItem","position":1,"name":"Home","item":"http:\/\/www.romaniancommunity.net\/rci\/"},{"@type":"ListItem","position":2,"name":"EVENIMENTE"}]},{"@type":"WebSite","@id":"http:\/\/www.romaniancommunity.net\/rci\/#website","url":"http:\/\/www.romaniancommunity.net\/rci\/","name":"Romanian Community of Ireland","description":"Comunitatea Rom\u00e2nilor din Irlanda","potentialAction":[{"@type":"SearchAction","target":{"@type":"EntryPoint","urlTemplate":"http:\/\/www.romaniancommunity.net\/rci\/?s={search_term_string}"},"query-input":{"@type":"PropertyValueSpecification","valueRequired":true,"valueName":"search_term_string"}}],"inLanguage":"en-US"}]}},"_links":{"self":[{"href":"https:\/\/www.romaniancommunity.net\/rci\/wp-json\/wp\/v2\/pages\/634","targetHints":{"allow":["GET"]}}],"collection":[{"href":"https:\/\/www.romaniancommunity.net\/rci\/wp-json\/wp\/v2\/pages"}],"about":[{"href":"https:\/\/www.romaniancommunity.net\/rci\/wp-json\/wp\/v2\/types\/page"}],"author":[{"embeddable":true,"href":"https:\/\/www.romaniancommunity.net\/rci\/wp-json\/wp\/v2\/users\/7"}],"replies":[{"embeddable":true,"href":"https:\/\/www.romaniancommunity.net\/rci\/wp-json\/wp\/v2\/comments?post=634"}],"version-history":[{"count":35,"href":"https:\/\/www.romaniancommunity.net\/rci\/wp-json\/wp\/v2\/pages\/634\/revisions"}],"predecessor-version":[{"id":4316,"href":"https:\/\/www.romaniancommunity.net\/rci\/wp-json\/wp\/v2\/pages\/634\/revisions\/4316"}],"wp:attachment":[{"href":"https:\/\/www.romaniancommunity.net\/rci\/wp-json\/wp\/v2\/media?parent=634"}],"curies":[{"name":"wp","href":"https:\/\/api.w.org\/{rel}","templated":true}]}}