{"id":471,"date":"2015-05-04T12:32:24","date_gmt":"2015-05-04T12:32:24","guid":{"rendered":"http:\/\/www.romaniancommunity.net\/rci\/?page_id=471"},"modified":"2016-09-05T10:14:04","modified_gmt":"2016-09-05T10:14:04","slug":"biserici-romanesti","status":"publish","type":"page","link":"https:\/\/www.romaniancommunity.net\/rci\/ghidul-noului-venit-irlanda\/biserici-romanesti\/","title":{"rendered":"Biserici rom\u00e2ne\u015fti"},"content":{"rendered":"<h3>Biserici rom\u00e2ne\u015fti Ortodoxe<\/h3>\n<div class=\"list-listing2col\">\n<h5><span style=\"text-decoration: underline;\">Biserica Ortodox\u0103 \u00cen\u0103l\u021barea Sfintei Cruci<\/span><\/h5>\n<p>Leeson Park, Ballsbridge, Dublin 4<br \/>\nCl\u0103direa Christ Church<br \/>\nweb: <a href=\"www.romanianorthodoxy.ie\" target=\"_blank\">www.romanianorthodoxy.ie<\/a><br \/>\nemail: dublin1@mitropolia.eu<\/p>\n<p><strong>Preot Florea C\u0103lin<br \/>\n<\/strong>tel: 0876148140<br \/>\nemail: revcalin.florea@gmail.com<br \/>\n<strong>Preot Uncu Constantin<br \/>\n<\/strong>tel: 0872512101<br \/>\nemail: uncu_expres@yahoo.com<br \/>\n<strong>D. Romeo G\u0103mulescu<br \/>\n<\/strong>tel: 0879792043<\/p>\n<p><strong>Slujbe religioase:<\/strong><br \/>\nDuminic\u0103 &#8211; Utrenie 8:30<br \/>\nLiturghie 10:00<br \/>\nVecernie 18:00<\/p>\n<p><strong>Centrul Misionar Cultural Sf. Ioan Botez\u0103torul<\/strong><br \/>\nDrimnagh Castle, Long Mile Road, Drimnagh, Dublin 12<\/p>\n<\/div>\n<div class=\"list-listing2col\">\n<h5><span style=\"text-decoration: underline;\">Biserica Ortodox\u0103 \u201cBuna Vestire\u201d \u0219i \u201cDuminica Sfin\u021bilor Rom\u00e2ni\u201d<\/span><\/h5>\n<p>Porter\u2019s Road , Coolmine Industrial Estate<br \/>\n(l\u00e2ng\u0103 Magazinul Alimentar Rom\u00e2nesc din Coolmine Industrial Estate)<br \/>\nBlanchardstown, Dublin 15<br \/>\nweb: <a href=\"http:\/\/www.bisericasfintiiromani.com\/\" target=\"_blank\">www.bisericasfintiiromani.com<\/a><br \/>\nE-mail: dublin3@mitropolia.eu; secretariat@bisericasfintiiromani.com<\/p>\n<p><strong>Preot Irineu Cr\u0103ciun<br \/>\n<\/strong>tel: 0877941988<br \/>\nemail: fririneu.craciun@yahoo.com<br \/>\n<strong>Preot Petru Ioan Vlaic<br \/>\n<\/strong>tel: 0863940784<\/p>\n<p><strong>Slujbe religioase:<\/strong><br \/>\nDuminic\u0103 &#8211; Utrenie 9.00 \/ Sf. Liturghie 10.00<br \/>\nMiercuri \u2013 Acatist\/ Sf. Maslu 19.00<br \/>\nS\u00e2mb\u0103t\u0103 \u2013 Vecernie 18.00<\/p>\n<\/div>\n<div class=\"clear\"><\/div>\n<div class=\"list-listing2col\">\n<p>&nbsp;<\/p>\n<h5><span style=\"text-decoration: underline;\">Parohia Ortodox\u0103 Dublin West \u201eSf\u00e2ntul Columba\u201d<\/span><\/h5>\n<p>Hartstown Road Community Centre<br \/>\n(l\u00e2ng\u0103 biserica Catolic\u0103 Sf. Ciran din Hartstown)<br \/>\nClonsilla, Dublin 15<br \/>\nweb: <a href=\"http:\/\/www.bisericaortodoxadublin.com\" target=\"_blank\">www.bisericaortodoxadublin.com<\/a><br \/>\nemail: dublin2@mitropolia.eu<\/p>\n<p><strong>Preot Gheorghe Raul Simion<br \/>\n<\/strong>tel: 0876394530<br \/>\nemail: pr_simion@yahoo.com<br \/>\n<strong>Preot Godfrey O\u2019Donnell<br \/>\n<\/strong>tel: 0876780150<br \/>\nemail: godo@eircom.net<br \/>\n<strong>D. Dragos Mihai Blanaru<br \/>\n<\/strong>tel: 0871172526<\/p>\n<p><strong>Slujbe religioase:<\/strong><br \/>\nDuminic\u0103 \u2013 Utrenie 9.00 \/ Sf. Liturghie 10.00<br \/>\n<strong>Important! Loca\u0163ia este temporar\u0103, iar accesul este posibil numai duminic\u0103.<\/strong><\/p>\n<\/div>\n<div class=\"list-listing2col\">\n<p>&nbsp;<\/p>\n<h5><span style=\"text-decoration: underline;\">Biserica Ortodox\u0103 Carlow<\/span><\/h5>\n<p><strong>Preot Petru Ioan Vlaic<\/strong>\u00a0&#8211; 0863940784<br \/>\n<em>(vezi Parohia Buna Vestire \u015fi Duminica Sfin\u0163ilor Rom\u00e2ni din Dublin)<\/em><\/p>\n<h5><span style=\"text-decoration: underline;\">Biserica Ortodox\u0103 Gorey<\/span><\/h5>\n<p><strong>Preot C\u0103lin Florea<\/strong> &#8211; 0876148140<br \/>\n<em>(vezi Parohia \u00cen\u0103l\u0163area Sfintei Cruci din Dublin)<\/em><\/p>\n<h5><span style=\"text-decoration: underline;\">Biserica Ortodox\u0103 Limerick<\/span><\/h5>\n<p>Sisters of Mercy, Westbourne Convent<br \/>\nCourtbrack Avenue, Limerick<\/p>\n<p><strong>Preot Tudor Ghi\u0163\u0103<br \/>\n<\/strong>tel: 0862282690 sau 0873127934<br \/>\nemail: tuxghita@yahoo.com<br \/>\n<em>(vezi Parohia Sf\u00e2ntul Nicolae \u015fi Sf\u00e2nta Brighita din Galway)<\/em><\/p>\n<\/div>\n<div class=\"clear\"><\/div>\n<div class=\"list-listing2col\">\n<h5><span style=\"text-decoration: underline;\">Biserica Ortodox\u0103 Mullingar<\/span><\/h5>\n<p><strong>Preot C\u0103lin Florea<\/strong> 0876148140<br \/>\n<em>(vezi Parohia \u00cen\u0103l\u0163area Sfintei Crucidin Dublin)<\/em><\/p>\n<h5><span style=\"text-decoration: underline;\">Biserica Ortodox\u0103 Galway Sf\u00e2ntul Nicolae \u015fi Sf\u00e2nta Brighita de la Kildare<\/span><\/h5>\n<p>St Nicholas Collegiate Church Lombard St.Galway<br \/>\nweb: <a href=\"http:\/\/bisericaortodoxagalway.com\/\" target=\"_blank\">http:\/\/bisericaortodoxagalway.com\/<\/a><br \/>\nemail: galway@mitropolia.eu<\/p>\n<p><strong>Preot Tudor Ghi\u0163\u0103<\/strong><br \/>\ntel: 0862282690 sau 0873127934<br \/>\nemail: tuxghita@yahoo.com<\/p>\n<h5><span style=\"text-decoration: underline;\">Biserica Ortodox\u0103 Cork Sf\u00e2ntul Ierarh Calinic de la Cernica \u015fi Sf\u00e2ntul Patrick<\/span><\/h5>\n<p>Convent Chapel, Presentation Sister Chapel,<br \/>\nSouth Douglas Street, Cork<br \/>\nweb: <a href=\"http:\/\/cork.mitropolia.eu\" target=\"_blank\">cork.mitropolia.eu<\/a>; <a href=\"http:\/\/www.parohiacork.org\" target=\"_blank\">www.parohiacork.org<\/a><br \/>\nemail: cork@mitropolia.eu<\/p>\n<p><strong>Preot Viorel Hurjui<\/strong><br \/>\ntel: 0876772241<br \/>\nemail: viorel.hurjui@parohiacork.org, viohur@yahoo.com<\/p>\n<\/div>\n<div class=\"list-listing2col\">\n<h5><span style=\"text-decoration: underline;\">Biserica Ortodox\u0103 Kildare<\/span><\/h5>\n<p><strong>Preot C\u0103lin Florea<\/strong> 0876148140<br \/>\n<em>(vezi Parohia \u00cen\u0103l\u0163area Sfintei Crucidin Dublin)<\/em><\/p>\n<h5><span style=\"text-decoration: underline;\">Biserica Ortodox\u0103 Killkeny<\/span><\/h5>\n<p><strong>Preot C\u0103lin Florea<\/strong>\u00a0&#8211; 0876148140<br \/>\n<em>(vezi Parohia \u00cen\u0103l\u0163area Sfintei Crucidin Dublin)<\/em><\/p>\n<h5><span style=\"text-decoration: underline;\">Biserica Ortodox\u0103 Sligo<\/span><\/h5>\n<p><strong>Preot C\u0103lin Florea<\/strong> &#8211; 0876148140<br \/>\n<em>(vezi Parohia \u00cen\u0103l\u0163area Sfintei Crucidin Dublin)<\/em><\/p>\n<h5><span style=\"text-decoration: underline;\">Biserica Ortodox\u0103 Portlaoise<\/span><\/h5>\n<p>Cork Road, Stradbally, Co. Laoise<br \/>\n<strong>Preot C\u0103lin Florea<\/strong>\u00a0&#8211; 0876148140<br \/>\n<em>(vezi Parohia \u00cen\u0103l\u0163area Sfintei Crucidin Dublin)<\/em><\/p>\n<h5><span style=\"text-decoration: underline;\">Biserica Ortodox\u0103 Waterford<\/span><\/h5>\n<p><strong>Preot Constantin Uncu<\/strong>\u00a0&#8211; 0872512101<br \/>\n<em>(vezi Parohia \u00cen\u0103l\u0163area Sfintei Crucidin Dublin)<\/em><\/p>\n<\/div>\n<div class=\"clear\"><\/div>\n<h3>Biserici rom\u00e2ne\u015fti Romano &#8211; Catolice<\/h3>\n<div class=\"clear hrule\"><\/div>\n<h5><span style=\"text-decoration: underline;\">Biserica Romano-Catolic\u0103 \u201cOur Lady of Lourdes\u201d<\/span><\/h5>\n<p>Sean McDermott Street, Dublin 1<\/p>\n<p><strong>Preot Eugen \u021a\u00e2mpu<\/strong>\u00a0&#8211; 0863266467<\/p>\n<p><strong>Slujbe religioase:<\/strong><br \/>\nDuminic\u0103: 9:50 \u0219i 17.00<br \/>\nLuni- S\u00e2mb\u0103t\u0103 20.00<\/p>\n<h5><span style=\"text-decoration: underline;\">Grupul \u201cEgido\u201d<\/span><\/h5>\n<p>\u2013 parte a Bisericii Romano-Catolice<br \/>\nRathmines, Dublin 6<\/p>\n<h3>Biserici rom\u00e2ne\u015fti Greco &#8211; Catolice<\/h3>\n<div class=\"clear hrule\"><\/div>\n<h5><span style=\"text-decoration: underline;\">Comunitatea Greco- Catolic\u0103 Rom\u00e2n\u0103 Dublin Sf. Maria<\/span><\/h5>\n<p>St. Michan\u2019s Church, Halston Street, Dublin 7<\/p>\n<p><strong>Preot Dr. Coriolan Ciprian Mure\u0219an<br \/>\n<\/strong>tel: 089 437 2793<br \/>\nemail: coryolan26@yahoo.it<br \/>\n<strong><br \/>\nSlujbe religioase:<br \/>\n<\/strong>Duminic\u0103 10.00 \u2013 Sf. Liturghie a Sf. Ioan Gur\u0103 de Aur<\/p>\n<h3>Biserici rom\u00e2ne\u015fti Baptiste<\/h3>\n<div class=\"clear hrule\"><\/div>\n<h5><span style=\"text-decoration: underline;\">Biserica Baptist\u0103 \u201cGrace\u201d<\/span><\/h5>\n<p>28 A Pearse Street, Dublin 2, Cladirea Grace Bible Fellowship<br \/>\nweb:<a href=\"http:\/\/www.gracedublin.ro\/\" target=\"_blank\"> www.gracedublin.ro<br \/>\n<\/a>email: contact@gracedublin.ro<br \/>\n<strong>Pastor Narcis Nichita<\/strong>\u00a0&#8211; 0862257515<\/p>\n<p><strong>Serviciu Divin:<\/strong><br \/>\nDuminica: 18:00 \u2013 20:00<\/p>\n<h5><span style=\"text-decoration: underline;\">Biserica Baptist\u0103 \u201cSf\u00e2nta Treime\u201d Rathgar<\/span><\/h5>\n<p>Rathgar Road, Rathgar, Dublin 6, Cl\u0103direa Christ Presbytherian Church<\/p>\n<p><strong>Prezbiter Maxim Strambu<\/strong>, tel: 0863327076<\/p>\n<p><strong>Serviciu Divin:<\/strong><br \/>\nDuminic\u0103 18:00 \u2013 20:00<br \/>\n<strong>Rug\u0103ciune:<\/strong><br \/>\nS\u00e2mb\u0103t\u0103 20:00 \u2013 22:00<\/p>\n<h3>Biserici rom\u00e2ne\u015fti Penticostale<\/h3>\n<div class=\"clear hrule\"><\/div>\n<h5><span style=\"text-decoration: underline;\">Biserica Penticostal\u0103 \u201cBetel\u201d<\/span><\/h5>\n<p>Parnell Square Nort, Dublin 1, Cl\u0103direa Abbey Prebyterian Church<br \/>\nweb:<a href=\"http:\/\/www.beteldublin.com\/\"> www.beteldublin.com<\/a><\/p>\n<p><strong>Pastor Petru Aron<\/strong>\u00a0&#8211; 086 082 4864<br \/>\n<strong>Prezbiter Ioan Frim<\/strong>\u00a0&#8211; 086 195 3069<\/p>\n<p><strong>Serviciu Divin:<\/strong><br \/>\nDuminic\u0103 17:00 \u2013 19:30<br \/>\n<strong>Rug\u0103ciune:<\/strong><br \/>\nMar\u021bi 20:00 \u2013 22:00<br \/>\nJoi 20:00 \u2013 22:00<br \/>\n<strong>Program tineri:<\/strong><br \/>\nLuni 20:00 \u2013 22:00<\/p>\n<h5><span style=\"text-decoration: underline;\">Biserica Penticostal\u0103 \u201cMuntele Sionului\u201d<\/span><\/h5>\n<p>143B Slaney Close, Dublin Industrial Estate, Glasnevin, Dublin 11<\/p>\n<p><strong>Prezbiter Cornel David<\/strong>\u00a0&#8211; 0876206932<br \/>\n<strong>Diacon Maricel Buiciuc<\/strong>\u00a0&#8211; 0863224413<\/p>\n<p><strong>Serviciu Divin<\/strong><br \/>\nDuminic\u0103: 9:00 \u2013 12:00 \u0219i 18:00 \u2013 21:00<br \/>\n<strong>Rug\u0103ciune<\/strong><br \/>\nVineri: 20:00 \u2013 22:00<\/p>\n<h5><span style=\"text-decoration: underline;\">Biserica Penticostal\u0103 \u201cEmanuel\u201d<\/span><\/h5>\n<p>Calvary Christian Centre &#8211; 19A Naas Road Business Park,<br \/>\nNaas Road, Dublin 12 (L\u00e2ng\u0103 Bluebell Luas Station)<br \/>\nweb:<a href=\"http:\/\/www.emmanueldublin.org\/\"> www.emmanueldublin.org<\/a><br \/>\nemail: <a href=\"mailto:emmanuel.ro.dublin@gmail.com\">emmanuel.ro.dublin@gmail.com<\/a><\/p>\n<p><strong>Pastor \u0218tefan Csadi<\/strong>\u00a0&#8211; 0879848850<\/p>\n<p><strong>Serviciu Divin:\u00a0<\/strong><br \/>\nDuminic\u0103: 17:00 \u2013 19:00<br \/>\n<strong>Rug\u0103ciune \u0219i Studiu Biblic:<\/strong><br \/>\nJoi: 19:00 \u2013 21:00<br \/>\n<strong>Program de tineret \u0219i \u00eenchinare:<\/strong><br \/>\nS\u00e2mb\u0103t\u0103: 19:00 \u2013 21:00<\/p>\n<h5><span style=\"text-decoration: underline;\">Biserica Penticostal\u0103 \u201cBetezda\u201d<\/span><\/h5>\n<p>Unit 49 Coolmine Industrial Estate, Clonsilla, Dublin 15<br \/>\nEmail: \u00a0<a href=\"mailto:betesdadublin@ireland.com\">betesdadublin@ireland.com<\/a><\/p>\n<p><strong>Pastor Petru Aron<\/strong>\u00a0&#8211; 086 082 8644<br \/>\n<strong>Prezbiter Jozsef Bocotan<\/strong>\u00a0&#8211; 087 900 0765<\/p>\n<p>Serviciu Divin:<strong><br \/>\n<\/strong>Duminic\u0103 9:00 \u2013 12:00 \u0219i 18:00 \u2013 20:00<br \/>\n<strong>Rug\u0103ciune:<\/strong><br \/>\nMiercuri 19:00 \u2013 21:00, Vineri 19:00 \u2013 21:00<\/p>\n<h5><span style=\"text-decoration: underline;\">Biserica Penticostal\u0103 \u201cBetania\u201d<\/span><\/h5>\n<p>Damastown Road, Damastown Industrial Estate, Dublin 15<br \/>\nweb:<a href=\"http:\/\/www.betania.ie\/\"> www.betania.ie<\/a><\/p>\n<p><strong>Prezbiter Valerian Jurjea<\/strong>\u00a0&#8211; 0864051381<br \/>\n<strong>Diacon Avram H\u0103d\u0103r\u0103u<\/strong>\u00a0&#8211; 086 0527922<br \/>\n<strong>Diacon C\u0103lin Oni\u0163iu<\/strong>\u00a0&#8211; 086 3847938<\/p>\n<p><strong>Serviciu Divin:<\/strong><br \/>\nDuminic\u0103: 10:00 \u2013 12:00 si 18:00 \u2013 20:30<br \/>\n<strong>Rug\u0103ciune:<\/strong><br \/>\nMar\u021bi: 20:00 &#8211; 22:00 \u0219i Joi: 20:00 -22:00<br \/>\n<strong>Program tineri:<\/strong><br \/>\nS\u00e2mb\u0103t\u0103 19:00 \u2013 21:00<\/p>\n<h5><span style=\"text-decoration: underline;\">Biserica Metanoia Interna\u021bional &#8211; Church of God Ireland<\/span><\/h5>\n<p>Unit 6A Goldenbridge Industrial Estate, Tyrconnel Road, Inchicore, Dublin 8<br \/>\nweb:<a href=\"http:\/\/www.metanoiachurch.ie\/\"> www.metanoiachurch.ie<\/a><\/p>\n<p><strong>Rev. Lucian Pop<\/strong>\u00a0&#8211; 086 1236427 \/ 086 1236431<br \/>\n<strong>Deac. Mihai Andrus<\/strong>\u00a0&#8211; 086 3225004<br \/>\n<strong>Deac. Ioan Baciu<\/strong>\u00a0&#8211; 086 8982145<\/p>\n<p><strong>Serviciu Divin:<\/strong><br \/>\nDuminic\u0103 18:00 \u2013 20:00<br \/>\nJoi 20:00 \u2013 21:30<br \/>\nS\u00e2mb\u0103t\u0103: 19:00 &#8211; 21.00<\/p>\n<h5><span style=\"text-decoration: underline;\">Biserica Penticostal\u0103 \u201cAgape Christian Fellowship\u201d<\/span><\/h5>\n<p>Hampton Hotel, 19-29 Morehampton Road, Donnybrook, Dublin 4<\/p>\n<p><strong>Pastor: Adrian Nedelca<\/strong>\u00a0&#8211; 086 221 1417<\/p>\n<p><strong>Serviciu Divin<\/strong><br \/>\nDuminic\u0103: 17:00 \u2013 19:00<br \/>\n<strong>Studiu Biblic<\/strong><br \/>\nVineri: 19:30- 21:00 (\u00een Blanchardstown, Dublin)<\/p>\n<h3>Biserici rom\u00e2ne\u015fti Adventiste<\/h3>\n<div class=\"clear hrule\"><\/div>\n<h5><span style=\"text-decoration: underline;\">Biserica Adventist\u0103<\/span><\/h5>\n<p>Ranelagh Road 47a, Ranelagh, Dublin 6 &#8211; Cl\u0103direa Seventh-Day Adventist Church<br \/>\nweb:<a href=\"http:\/\/www.dublinadventist.org\/\"> www.dublinadventist.org<\/a><\/p>\n<p><strong>Pastor Dan Serb<\/strong>\u00a0&#8211; 0857531872<\/p>\n<p><strong>Serviciu Divin:<\/strong><br \/>\nVineri: 20:00 \u2013 21:00<br \/>\nS\u00e2mb\u0103t\u0103: 9:30 \u2013 13:00<\/p>\n<p><img loading=\"lazy\" decoding=\"async\" class=\"size-full wp-image-1656 alignleft\" src=\"http:\/\/www.romaniancommunity.net\/rci\/wp-content\/uploads\/2015\/04\/dprrpmic.jpg\" alt=\"dprrpmic\" width=\"100\" height=\"56\" \/><br \/>\nGhidul a fost realizat cu sprijinul <a href=\"http:\/\/www.dprp.gov.ro\/\" target=\"_blank\">Departamentului Politici pentru Rela\u0163ia cu Rom\u00e2nii de Pretutindeni<\/a><\/p>\n","protected":false},"excerpt":{"rendered":"<p>Biserici rom\u00e2ne\u015fti Ortodoxe Biserica Ortodox\u0103 \u00cen\u0103l\u021barea Sfintei Cruci Leeson Park, Ballsbridge, Dublin 4 Cl\u0103direa Christ Church web: www.romanianorthodoxy.ie email: dublin1@mitropolia.eu Preot Florea C\u0103lin tel: 0876148140 email: revcalin.florea@gmail.com Preot Uncu Constantin [&hellip;]<\/p>\n","protected":false},"author":7,"featured_media":2643,"parent":2,"menu_order":0,"comment_status":"closed","ping_status":"closed","template":"","meta":{"footnotes":""},"class_list":["post-471","page","type-page","status-publish","has-post-thumbnail","hentry"],"yoast_head":"<!-- This site is optimized with the Yoast SEO plugin v27.3 - https:\/\/yoast.com\/product\/yoast-seo-wordpress\/ -->\n<title>Biserici rom\u00e2ne\u015fti - Romanian Community of Ireland<\/title>\n<meta name=\"description\" content=\"Lista cu biserici rom\u00e2ne\u015fti \u00een Irlanda, Biserici Ortodoxe, Romano \u2013 Catolice, Greco \u2013 Catolice, Baptiste, Penticostale, Adventiste\" \/>\n<meta name=\"robots\" content=\"index, follow, max-snippet:-1, max-image-preview:large, max-video-preview:-1\" \/>\n<link rel=\"canonical\" href=\"https:\/\/www.romaniancommunity.net\/rci\/ghidul-noului-venit-irlanda\/biserici-romanesti\/\" \/>\n<meta property=\"og:locale\" content=\"en_US\" \/>\n<meta property=\"og:type\" content=\"article\" \/>\n<meta property=\"og:title\" content=\"Biserici rom\u00e2ne\u015fti - Romanian Community of Ireland\" \/>\n<meta property=\"og:description\" content=\"Lista cu biserici rom\u00e2ne\u015fti \u00een Irlanda, Biserici Ortodoxe, Romano \u2013 Catolice, Greco \u2013 Catolice, Baptiste, Penticostale, Adventiste\" \/>\n<meta property=\"og:url\" content=\"https:\/\/www.romaniancommunity.net\/rci\/ghidul-noului-venit-irlanda\/biserici-romanesti\/\" \/>\n<meta property=\"og:site_name\" content=\"Romanian Community of Ireland\" \/>\n<meta property=\"article:publisher\" content=\"https:\/\/www.facebook.com\/RomanianCommunityOfIreland\/\" \/>\n<meta property=\"article:modified_time\" content=\"2016-09-05T10:14:04+00:00\" \/>\n<meta property=\"og:image\" content=\"https:\/\/www.romaniancommunity.net\/rci\/wp-content\/uploads\/2015\/05\/bisriciromanesti.jpg\" \/>\n\t<meta property=\"og:image:width\" content=\"1600\" \/>\n\t<meta property=\"og:image:height\" content=\"1066\" \/>\n\t<meta property=\"og:image:type\" content=\"image\/jpeg\" \/>\n<meta name=\"twitter:card\" content=\"summary_large_image\" \/>\n<meta name=\"twitter:label1\" content=\"Est. reading time\" \/>\n\t<meta name=\"twitter:data1\" content=\"5 minutes\" \/>\n<script type=\"application\/ld+json\" class=\"yoast-schema-graph\">{\"@context\":\"https:\\\/\\\/schema.org\",\"@graph\":[{\"@type\":\"WebPage\",\"@id\":\"https:\\\/\\\/www.romaniancommunity.net\\\/rci\\\/ghidul-noului-venit-irlanda\\\/biserici-romanesti\\\/\",\"url\":\"https:\\\/\\\/www.romaniancommunity.net\\\/rci\\\/ghidul-noului-venit-irlanda\\\/biserici-romanesti\\\/\",\"name\":\"Biserici rom\u00e2ne\u015fti - Romanian Community of Ireland\",\"isPartOf\":{\"@id\":\"https:\\\/\\\/www.romaniancommunity.net\\\/rci\\\/#website\"},\"primaryImageOfPage\":{\"@id\":\"https:\\\/\\\/www.romaniancommunity.net\\\/rci\\\/ghidul-noului-venit-irlanda\\\/biserici-romanesti\\\/#primaryimage\"},\"image\":{\"@id\":\"https:\\\/\\\/www.romaniancommunity.net\\\/rci\\\/ghidul-noului-venit-irlanda\\\/biserici-romanesti\\\/#primaryimage\"},\"thumbnailUrl\":\"https:\\\/\\\/www.romaniancommunity.net\\\/rci\\\/wp-content\\\/uploads\\\/2015\\\/05\\\/bisriciromanesti.jpg\",\"datePublished\":\"2015-05-04T12:32:24+00:00\",\"dateModified\":\"2016-09-05T10:14:04+00:00\",\"description\":\"Lista cu biserici rom\u00e2ne\u015fti \u00een Irlanda, Biserici Ortodoxe, Romano \u2013 Catolice, Greco \u2013 Catolice, Baptiste, Penticostale, Adventiste\",\"breadcrumb\":{\"@id\":\"https:\\\/\\\/www.romaniancommunity.net\\\/rci\\\/ghidul-noului-venit-irlanda\\\/biserici-romanesti\\\/#breadcrumb\"},\"inLanguage\":\"en-US\",\"potentialAction\":[{\"@type\":\"ReadAction\",\"target\":[\"https:\\\/\\\/www.romaniancommunity.net\\\/rci\\\/ghidul-noului-venit-irlanda\\\/biserici-romanesti\\\/\"]}]},{\"@type\":\"ImageObject\",\"inLanguage\":\"en-US\",\"@id\":\"https:\\\/\\\/www.romaniancommunity.net\\\/rci\\\/ghidul-noului-venit-irlanda\\\/biserici-romanesti\\\/#primaryimage\",\"url\":\"https:\\\/\\\/www.romaniancommunity.net\\\/rci\\\/wp-content\\\/uploads\\\/2015\\\/05\\\/bisriciromanesti.jpg\",\"contentUrl\":\"https:\\\/\\\/www.romaniancommunity.net\\\/rci\\\/wp-content\\\/uploads\\\/2015\\\/05\\\/bisriciromanesti.jpg\",\"width\":1600,\"height\":1066,\"caption\":\"Biserici rom\u00e2ne\u015fti in irlanda\"},{\"@type\":\"BreadcrumbList\",\"@id\":\"https:\\\/\\\/www.romaniancommunity.net\\\/rci\\\/ghidul-noului-venit-irlanda\\\/biserici-romanesti\\\/#breadcrumb\",\"itemListElement\":[{\"@type\":\"ListItem\",\"position\":1,\"name\":\"Home\",\"item\":\"http:\\\/\\\/www.romaniancommunity.net\\\/rci\\\/\"},{\"@type\":\"ListItem\",\"position\":2,\"name\":\"GHIDUL NOULUI VENIT\",\"item\":\"http:\\\/\\\/www.romaniancommunity.net\\\/rci\\\/ghidul-noului-venit-irlanda\\\/\"},{\"@type\":\"ListItem\",\"position\":3,\"name\":\"Biserici rom\u00e2ne\u015fti\"}]},{\"@type\":\"WebSite\",\"@id\":\"https:\\\/\\\/www.romaniancommunity.net\\\/rci\\\/#website\",\"url\":\"https:\\\/\\\/www.romaniancommunity.net\\\/rci\\\/\",\"name\":\"Romanian Community of Ireland\",\"description\":\"Comunitatea Rom\u00e2nilor din Irlanda\",\"potentialAction\":[{\"@type\":\"SearchAction\",\"target\":{\"@type\":\"EntryPoint\",\"urlTemplate\":\"https:\\\/\\\/www.romaniancommunity.net\\\/rci\\\/?s={search_term_string}\"},\"query-input\":{\"@type\":\"PropertyValueSpecification\",\"valueRequired\":true,\"valueName\":\"search_term_string\"}}],\"inLanguage\":\"en-US\"}]}<\/script>\n<!-- \/ Yoast SEO plugin. -->","yoast_head_json":{"title":"Biserici rom\u00e2ne\u015fti - Romanian Community of Ireland","description":"Lista cu biserici rom\u00e2ne\u015fti \u00een Irlanda, Biserici Ortodoxe, Romano \u2013 Catolice, Greco \u2013 Catolice, Baptiste, Penticostale, Adventiste","robots":{"index":"index","follow":"follow","max-snippet":"max-snippet:-1","max-image-preview":"max-image-preview:large","max-video-preview":"max-video-preview:-1"},"canonical":"https:\/\/www.romaniancommunity.net\/rci\/ghidul-noului-venit-irlanda\/biserici-romanesti\/","og_locale":"en_US","og_type":"article","og_title":"Biserici rom\u00e2ne\u015fti - Romanian Community of Ireland","og_description":"Lista cu biserici rom\u00e2ne\u015fti \u00een Irlanda, Biserici Ortodoxe, Romano \u2013 Catolice, Greco \u2013 Catolice, Baptiste, Penticostale, Adventiste","og_url":"https:\/\/www.romaniancommunity.net\/rci\/ghidul-noului-venit-irlanda\/biserici-romanesti\/","og_site_name":"Romanian Community of Ireland","article_publisher":"https:\/\/www.facebook.com\/RomanianCommunityOfIreland\/","article_modified_time":"2016-09-05T10:14:04+00:00","og_image":[{"width":1600,"height":1066,"url":"https:\/\/www.romaniancommunity.net\/rci\/wp-content\/uploads\/2015\/05\/bisriciromanesti.jpg","type":"image\/jpeg"}],"twitter_card":"summary_large_image","twitter_misc":{"Est. reading time":"5 minutes"},"schema":{"@context":"https:\/\/schema.org","@graph":[{"@type":"WebPage","@id":"https:\/\/www.romaniancommunity.net\/rci\/ghidul-noului-venit-irlanda\/biserici-romanesti\/","url":"https:\/\/www.romaniancommunity.net\/rci\/ghidul-noului-venit-irlanda\/biserici-romanesti\/","name":"Biserici rom\u00e2ne\u015fti - Romanian Community of Ireland","isPartOf":{"@id":"https:\/\/www.romaniancommunity.net\/rci\/#website"},"primaryImageOfPage":{"@id":"https:\/\/www.romaniancommunity.net\/rci\/ghidul-noului-venit-irlanda\/biserici-romanesti\/#primaryimage"},"image":{"@id":"https:\/\/www.romaniancommunity.net\/rci\/ghidul-noului-venit-irlanda\/biserici-romanesti\/#primaryimage"},"thumbnailUrl":"https:\/\/www.romaniancommunity.net\/rci\/wp-content\/uploads\/2015\/05\/bisriciromanesti.jpg","datePublished":"2015-05-04T12:32:24+00:00","dateModified":"2016-09-05T10:14:04+00:00","description":"Lista cu biserici rom\u00e2ne\u015fti \u00een Irlanda, Biserici Ortodoxe, Romano \u2013 Catolice, Greco \u2013 Catolice, Baptiste, Penticostale, Adventiste","breadcrumb":{"@id":"https:\/\/www.romaniancommunity.net\/rci\/ghidul-noului-venit-irlanda\/biserici-romanesti\/#breadcrumb"},"inLanguage":"en-US","potentialAction":[{"@type":"ReadAction","target":["https:\/\/www.romaniancommunity.net\/rci\/ghidul-noului-venit-irlanda\/biserici-romanesti\/"]}]},{"@type":"ImageObject","inLanguage":"en-US","@id":"https:\/\/www.romaniancommunity.net\/rci\/ghidul-noului-venit-irlanda\/biserici-romanesti\/#primaryimage","url":"https:\/\/www.romaniancommunity.net\/rci\/wp-content\/uploads\/2015\/05\/bisriciromanesti.jpg","contentUrl":"https:\/\/www.romaniancommunity.net\/rci\/wp-content\/uploads\/2015\/05\/bisriciromanesti.jpg","width":1600,"height":1066,"caption":"Biserici rom\u00e2ne\u015fti in irlanda"},{"@type":"BreadcrumbList","@id":"https:\/\/www.romaniancommunity.net\/rci\/ghidul-noului-venit-irlanda\/biserici-romanesti\/#breadcrumb","itemListElement":[{"@type":"ListItem","position":1,"name":"Home","item":"http:\/\/www.romaniancommunity.net\/rci\/"},{"@type":"ListItem","position":2,"name":"GHIDUL NOULUI VENIT","item":"http:\/\/www.romaniancommunity.net\/rci\/ghidul-noului-venit-irlanda\/"},{"@type":"ListItem","position":3,"name":"Biserici rom\u00e2ne\u015fti"}]},{"@type":"WebSite","@id":"https:\/\/www.romaniancommunity.net\/rci\/#website","url":"https:\/\/www.romaniancommunity.net\/rci\/","name":"Romanian Community of Ireland","description":"Comunitatea Rom\u00e2nilor din Irlanda","potentialAction":[{"@type":"SearchAction","target":{"@type":"EntryPoint","urlTemplate":"https:\/\/www.romaniancommunity.net\/rci\/?s={search_term_string}"},"query-input":{"@type":"PropertyValueSpecification","valueRequired":true,"valueName":"search_term_string"}}],"inLanguage":"en-US"}]}},"_links":{"self":[{"href":"https:\/\/www.romaniancommunity.net\/rci\/wp-json\/wp\/v2\/pages\/471","targetHints":{"allow":["GET"]}}],"collection":[{"href":"https:\/\/www.romaniancommunity.net\/rci\/wp-json\/wp\/v2\/pages"}],"about":[{"href":"https:\/\/www.romaniancommunity.net\/rci\/wp-json\/wp\/v2\/types\/page"}],"author":[{"embeddable":true,"href":"https:\/\/www.romaniancommunity.net\/rci\/wp-json\/wp\/v2\/users\/7"}],"replies":[{"embeddable":true,"href":"https:\/\/www.romaniancommunity.net\/rci\/wp-json\/wp\/v2\/comments?post=471"}],"version-history":[{"count":48,"href":"https:\/\/www.romaniancommunity.net\/rci\/wp-json\/wp\/v2\/pages\/471\/revisions"}],"predecessor-version":[{"id":2642,"href":"https:\/\/www.romaniancommunity.net\/rci\/wp-json\/wp\/v2\/pages\/471\/revisions\/2642"}],"up":[{"embeddable":true,"href":"https:\/\/www.romaniancommunity.net\/rci\/wp-json\/wp\/v2\/pages\/2"}],"wp:featuredmedia":[{"embeddable":true,"href":"https:\/\/www.romaniancommunity.net\/rci\/wp-json\/wp\/v2\/media\/2643"}],"wp:attachment":[{"href":"https:\/\/www.romaniancommunity.net\/rci\/wp-json\/wp\/v2\/media?parent=471"}],"curies":[{"name":"wp","href":"https:\/\/api.w.org\/{rel}","templated":true}]}}