{"id":408,"date":"2015-05-04T10:19:53","date_gmt":"2015-05-04T10:19:53","guid":{"rendered":"http:\/\/www.romaniancommunity.net\/rci\/?page_id=408"},"modified":"2016-09-05T10:55:29","modified_gmt":"2016-09-05T10:55:29","slug":"cursuri-limba-engleza","status":"publish","type":"page","link":"https:\/\/www.romaniancommunity.net\/rci\/ghidul-noului-venit-irlanda\/cursuri-limba-engleza\/","title":{"rendered":"Cursuri Limba Englez\u0103"},"content":{"rendered":"<h4 class=\"clear\">Pentru cei care vor s\u0103 \u00eenve\u0163e sau s\u0103 dezvolte abilit\u0103\u0163ile de limba enlglez\u0103, v\u0103 prezent\u0103m mai multe posibilit\u0103\u0163i de cursuri limba englez\u0103.<\/h4>\n<div class=\"list-listing \"><span style=\"line-height: 1.2em;\"><span style=\"line-height: 1.2em;\"><br \/>\n<b>Dublin Central Mission \u2013 Dublin 1<\/b><\/span><\/span><\/p>\n<div class=\"hrule1\"><\/div>\n<p>Adresa: 9C Lower Abbey Street, Etajul 1, Dublin 1<br \/>\nTel: 01 8744668<br \/>\nNivel: \u00cencep\u0103tori \u015fi intermediari<br \/>\nPre\u0163: <b>Gratuit<\/b><\/p>\n<\/div>\n<div class=\"list-listing \"><span style=\"line-height: 1.2em;\"><span style=\"line-height: 1.2em;\"><br \/>\n<b>International House \u2013 Dublin 2<\/b><\/span><\/span><\/p>\n<div class=\"hrule1\"><\/div>\n<p>Adresa: Dawson Street, Dublin 2<br \/>\nTelefon: 01475 9011<br \/>\nProgram:<br \/>\n\u00b7 Full-time: \u00a0Luni &#8211; Vineri (2.00 pm \u2013 4.00 pm)<br \/>\n\u00b7\u00a0Part-time: \u00a0Miercuri \u015fi Vineri (6.00 pm \u2013 8.00 pm)<br \/>\nCost: 40 Euro\/ 40 ore sau <b>Gratuit<\/b> dac\u0103 aduce\u0163i scrisoare de la FAS<br \/>\nCursuri limba enlez\u0103 lunar!<br \/>\nNivel : Pre-Intermediate\u00a0\u015fi Upper-Intermediate<\/p>\n<\/div>\n<div class=\"list-listing \"><span style=\"line-height: 1.2em;\"><span style=\"line-height: 1.2em;\"><br \/>\n<b>Eurocollege &#8211; Dublin 1 <\/b><\/span><\/span><\/p>\n<div class=\"hrule1\"><\/div>\n<p>Adresa: Unit 1\/2\/3 Parnell Court, Granby Row, Dublin 1<br \/>\n(La intersec\u0163ia Parnell Square N &amp; W)<br \/>\nTel: 01 878 3183<br \/>\nE-mail: info@eurocollege.ie<br \/>\nProgram:<br \/>\n\u00b7\u00a0Luni &#8211; Joi (9.00 am- 1.00 pm)<br \/>\n\u00b7\u00a0Vineri &#8211; S\u00e2mb\u0103t\u0103 (9.00 am-5.00 pm)<br \/>\n\u00b7\u00a0Luni &#8211; Joi (6.00 pm -10.00 pm)<br \/>\nPre\u0163: 150 Euro\/ 48 de ore (o luna)<\/p>\n<\/div>\n<div class=\"clear\"><\/div>\n<div class=\"list-listing \"><span style=\"line-height: 1.2em;\"><span style=\"line-height: 1.2em;\"><br \/>\n<b>The English Academy &#8211; Dublin 1 <\/b><\/span><\/span><\/p>\n<div class=\"hrule1\"><\/div>\n<p>Adresa: Findlater House, 28-32 Upper O\u2019Connell Street, Dublin 1<br \/>\nTel: 01 872660<br \/>\nFax: 01 873 6022<br \/>\nE-mail: admissions@theenglishacademy.ie<br \/>\n<a href=\"http:\/\/www.theenglishacademy.ie\/\">www.theenglishacademy.ie<br \/>\n<\/a>Pre\u0163: Difer\u0103 \u00een func\u0163ie de program, dar au \u015fi <b>cursuri limba englez\u0103 gratuite<\/b>, dar se va pl\u0103ti o tax\u0103 de 20 Eur pentru materiale.<\/p>\n<\/div>\n<div class=\"list-listing \"><span style=\"line-height: 1.2em;\"><span style=\"line-height: 1.2em;\"><br \/>\n<b>The People\u2019s College &#8211; Dublin 1<\/b><\/span><\/span><\/p>\n<div class=\"hrule1\"><\/div>\n<p>Adresa: 31 Parnell Square, Dublin 1<br \/>\nTel: (01) 8735879<br \/>\nE-mail: info@peoplescollege.ie<br \/>\nNivel :<br \/>\n\u00b7 \u00cencep\u0103tor: Luni (6.15 pm &#8211; 7.45 pm)<br \/>\n\u00b7\u00a0Intermediar Luni (8.00 pm &#8211; 9.45 pm)<br \/>\nTaxa: 30 Euro<\/p>\n<\/div>\n<div class=\"list-listing\"><span style=\"line-height: 1.2em;\"><span style=\"line-height: 1.2em;\"><br \/>\n<b>Alpha College \u2013 Dublin 1<\/b><\/span><\/span><\/p>\n<div class=\"hrule1\"><\/div>\n<p>Adres\u0103: 4 North Great George\u2019s Street, Dublin 1<br \/>\nTel: 01-8747024<br \/>\n<b>Gratuit<\/b><\/p>\n<\/div>\n<div class=\"clear\"><\/div>\n<div class=\"msg-warning\">\n<div class=\"msg-box-icon\"><span style=\"line-height: 1.7em;\"><b>Important!<\/b> Se organizeaz\u0103 cursuri de limbi str\u0103ine \u00een toate bibliotecile din Dublin \u015fi nu numai:<\/span><\/div>\n<\/div>\n<div class=\"list-listing \"><span style=\"line-height: 1.7em;\"><br \/>\n<b>Dublin North West<\/b><br \/>\n<a href=\"http:\/\/www.dublincity.ie\/RecreationandCulture\/libraries\/FindALibrary\/Pages\/ballymun_library.aspx\">Ballymun Library<br \/>\n<\/a><a href=\"http:\/\/www.dublincity.ie\/RecreationandCulture\/libraries\/FindALibrary\/Pages\/finglas_library.aspx\">Finglas Library<\/a><\/span><\/div>\n<div class=\"list-listing \"><span style=\"line-height: 1.7em;\"><br \/>\n<b>Dublin North Central<\/b><br \/>\n<a href=\"http:\/\/www.dublincity.ie\/RecreationandCulture\/libraries\/FindALibrary\/Pages\/coolock_library.aspx\" target=\"_blank\">Coolock Library<br \/>\n<\/a><a href=\"http:\/\/www.dublincity.ie\/RecreationandCulture\/libraries\/FindALibrary\/Pages\/donaghmede_library.aspx\">Donaghmede Library<br \/>\n<\/a><a style=\"line-height: 1.5em;\" href=\"http:\/\/www.dublincity.ie\/RecreationandCulture\/libraries\/FindALibrary\/Pages\/marino_library.aspx\">Marino Library<br \/>\n<\/a><a href=\"http:\/\/www.dublincity.ie\/RecreationandCulture\/libraries\/FindALibrary\/Pages\/raheny_library.aspx\">Raheny Library<\/a><br \/>\n<\/span><\/div>\n<div class=\"list-listing \"><span style=\"line-height: 1.7em;\"><br \/>\n<b>Dublin South East<\/b><br \/>\n<a href=\"http:\/\/www.dublincity.ie\/RecreationandCulture\/libraries\/FindALibrary\/Pages\/dublin_city_library_and_archive.aspx\">Dublin City Library<br \/>\n<\/a><a href=\"http:\/\/www.dublincity.ie\/RecreationandCulture\/libraries\/FindALibrary\/Pages\/kevin_street_library.aspx\">Kevin Street Library<br \/>\n<\/a><a href=\"http:\/\/www.dublincity.ie\/RecreationandCulture\/libraries\/FindALibrary\/Pages\/pearse_street_library.aspx\">Pearse Street Library<br \/>\n<\/a><a href=\"http:\/\/www.dublincity.ie\/RecreationandCulture\/libraries\/FindALibrary\/Pages\/pembroke_library.aspx\">Pembroke (Ballsbridge) Library<br \/>\n<\/a><a href=\"http:\/\/www.dublincity.ie\/RecreationandCulture\/libraries\/FindALibrary\/Pages\/rathmines_library.aspx\">Rathmines Library<br \/>\n<\/a><a href=\"http:\/\/www.dublincity.ie\/RecreationandCulture\/libraries\/FindALibrary\/Pages\/ringsend_library.aspx\">Ringsend Library<\/a><br \/>\n<\/span><\/div>\n<div class=\"clear\"><\/div>\n<div class=\"list-listing \"><span style=\"line-height: 1.7em;\"><br \/>\n<b>Dublin South Central<\/b><br \/>\n<a href=\"http:\/\/www.dublincity.ie\/RecreationandCulture\/libraries\/FindALibrary\/Pages\/ballyfermot_library.aspx\">Ballyfermot Library<br \/>\n<\/a><a href=\"http:\/\/www.dublincity.ie\/RecreationandCulture\/libraries\/FindALibrary\/Pages\/dolphins_barn_library.aspx\">Dolphin\u2019s Barn Library<br \/>\n<\/a><a href=\"http:\/\/www.dublincity.ie\/RecreationandCulture\/libraries\/FindALibrary\/Pages\/inchicore_library.aspx\">Inchicore Library<br \/>\n<\/a><a href=\"http:\/\/www.dublincity.ie\/RecreationandCulture\/libraries\/FindALibrary\/Pages\/terenure_library.aspx\">Terenure Library<br \/>\n<\/a><a href=\"http:\/\/www.dublincity.ie\/RecreationandCulture\/libraries\/FindALibrary\/Pages\/walkinstown_library.aspx\">Walkinstown Library<\/a><br \/>\n<\/span><\/div>\n<div class=\"list-listing \"><span style=\"line-height: 1.7em;\"><br \/>\n<b>Dublin Central<\/b><br \/>\n<a href=\"http:\/\/www.dublincity.ie\/RecreationandCulture\/libraries\/FindALibrary\/Pages\/business_information_centre.aspx\">Business Information Centre<br \/>\n<\/a><a href=\"http:\/\/www.dublincity.ie\/RecreationandCulture\/libraries\/FindALibrary\/Pages\/cabra_library.aspx\">Cabra Library<br \/>\n<\/a><a href=\"http:\/\/www.dublincity.ie\/RecreationandCulture\/libraries\/FindALibrary\/Pages\/central_library.aspx\">Central Library<br \/>\n<\/a><a href=\"http:\/\/www.dublincity.ie\/RecreationandCulture\/libraries\/FindALibrary\/Pages\/charleville_mall_library.aspx\">Charleville Mall Library<br \/>\n<\/a><a href=\"http:\/\/www.dublincity.ie\/RecreationandCulture\/libraries\/FindALibrary\/Pages\/drumcondra_library.aspx\">Drumcondra Library<br \/>\n<\/a><a href=\"http:\/\/www.dublincity.ie\/RecreationandCulture\/libraries\/FindALibrary\/Pages\/phibsboro_library.aspx\">Phibsboro\u2019 Library<\/a><br \/>\n<\/span><\/p>\n<div class=\"clear\"><\/div>\n<\/div>\n<div class=\"clear\"><\/div>\n<div class=\"hrule1\"><\/div>\n<p><b style=\"line-height: 1.5em;\">Cursuri Limba Englez\u0103 FULL-TIME<\/b><\/p>\n<p>Durata: de la mijlocul lui Septembrie p\u00e2n\u0103 \u00een Aprilie \u2013 cca 8 luni<br \/>\nVacan\u0163e: 2 s\u0103pt\u0103m\u00e2ni de Pa\u015fti \u015fi 2 s\u0103pt\u0103m\u00e2ni de Cr\u0103ciun<br \/>\nMajoritatea cursurilor sunt de la 9.00 am p\u00e2n\u0103 la 1.00 pm<br \/>\n<b>Important!<\/b> Dac\u0103 nu e\u0219ti angajat i\u021bi po\u0163i men\u021bine ajutorul de la stat!<\/p>\n<div class=\"list-listing \"><span style=\"line-height: 1.6em;\"><br \/>\n<b>CDVEC Ballsbridge College\u00a0<\/b>\u2013 Dublin 4<br \/>\nAdresa: Shelbourne Road, Ballsbridge, Dublin 4<br \/>\nTel: 01- 6684806 (se poate \u00eentreba de Laura)<br \/>\n<a href=\"http:\/\/www.ballsbridge.com\/\">www.ballsbridge.com<br \/>\n<\/a>Program: 20 ore\/s\u0103pt\u0103m\u00e2n\u0103: 4 ore \/ zi de luni p\u00e2n\u0103 vineri<br \/>\nOrar: 9.00 am \u2013 1.00 pm sau 1.00 pm \u2013 5.00 pm \u00een fiecare zi<br \/>\nCost: <b>Gratuit<\/b><br \/>\n\u00cenregistrare: \u00een fiecare joi de la ora 2 pm<br \/>\n<\/span><\/div>\n<div class=\"list-listing \"><span style=\"line-height: 1.6em;\"><br \/>\n<b>Plunket College<\/b> \u2013 Dublin 9<br \/>\nAdresa: Swords Road, Whitehall, Dublin 9<br \/>\nTel: 01-8371680<br \/>\nData \u00eenceperii: septembrie<br \/>\n<a href=\"http:\/\/www.plunketcollege.ie\/\">www.plunketcollege.ie<\/a><br \/>\n<\/span><\/div>\n<div class=\"list-listing \"><span style=\"line-height: 1.6em;\"><br \/>\n<b>Colaiste Eanna<\/b> \u2013 Dublin 7<br \/>\nAdresa: Kilkieran Rd, Cabra, Dublin 7<br \/>\n<a href=\"http:\/\/www.colaiste-eanna.com\/\">www.colaiste-eanna.com<br \/>\n<\/a>Tel: 01-8389577 (se poate \u00eentreba de Lucy Kirwan)<br \/>\nE-mail: info@cec.cdvec.ie<br \/>\nDiploma: Fetac Level 2 sau Fetac Level 5<br \/>\n<\/span><\/div>\n<div class=\"clear\"><\/div>\n<div class=\"list-listing \"><span style=\"line-height: 1.6em;\"><br \/>\n<b>Whitehall college of Further Education<\/b> \u2013 Dublin 9<br \/>\nAdresa: Swords Road, Dublin 9<br \/>\nTel: 01- 8376011<br \/>\nDiploma: Fetac Level 5<br \/>\n<a href=\"http:\/\/www.whitehallcollege.com\/\">www.whitehallcollege.com<br \/>\n<\/a>\u00censcrieri: \u00cencep\u00e2nd cu ianuarie<br \/>\nCursurile \u00eencep din septembrie<br \/>\n<\/span><\/div>\n<div class=\"list-listing \"><span style=\"line-height: 1.6em;\"><br \/>\n<b>Colaiste Dhulaigh College of Further Education\u00a0<\/b>\u2013 Dublin 17<br \/>\nAdresa: Barryscourt Road, Coolock, Dublin 17<br \/>\nTel: 01-8481400<br \/>\nDiploma : FETAC Level 5<br \/>\n\u00censcrieri: \u00cencep\u00e2nd cu ianuarie<br \/>\nCursurile \u00eencep din septembrie<br \/>\n<\/span><\/div>\n<div class=\"list-listing \"><span style=\"line-height: 1.6em;\"><br \/>\n<b>Ballsbridge College of Further Education<\/b> \u2013 Dublin 4<br \/>\nAdresa: Shelbourne Road, Ballsbridge<br \/>\nTel : 01-6684806<br \/>\nwww.BallsbridgeCollege.ie<br \/>\nDiploma: FETAC Level 5<br \/>\nCursurile \u00eencep din Septembrie<br \/>\n<\/span><\/div>\n<div class=\"list-listing \"><span style=\"line-height: 1.6em;\"><br \/>\n<b>Rathmines College of Further Education<\/b> \u2013 Dublin 6<br \/>\nAdresa: Town Hall, Rathmines<br \/>\nTel: 01-4975334<br \/>\n<a href=\"http:\/\/www.rathminescollege.ie\/\">www.RathminesCollege.ie<br \/>\n<\/a>Diploma: FETAC Level 5<br \/>\nCursurile \u00eencep din septembrie<br \/>\n<\/span><\/div>\n<div class=\"clear\"><\/div>\n<p><b>Cursuri Online pentru \u00eenv\u0103\u0163area Limbii Engleze:<\/b><br \/>\n<a href=\"http:\/\/www.writeon.ie\/\">http:\/\/www.writeon.ie<br \/>\n<\/a><a href=\"http:\/\/www.alisoncourses.com\/\">www.alisoncourses.com<br \/>\n<\/a><a href=\"http:\/\/www.learnenglish.org.uk\/\">www.learnenglish.org.uk<\/a><\/p>\n<p>&nbsp;<\/p>\n<p><img loading=\"lazy\" decoding=\"async\" class=\"size-full wp-image-1656 alignleft\" src=\"http:\/\/www.romaniancommunity.net\/rci\/wp-content\/uploads\/2015\/04\/dprrpmic.jpg\" alt=\"dprrpmic\" width=\"100\" height=\"56\" \/><br \/>\nGhidul a fost realizat cu sprijinul <a href=\"http:\/\/www.dprp.gov.ro\/\" target=\"_blank\">Departamentului Politici pentru Rela\u0163ia cu Rom\u00e2nii de Pretutindeni<\/a><\/p>\n","protected":false},"excerpt":{"rendered":"<p>Pentru cei care vor s\u0103 \u00eenve\u0163e sau s\u0103 dezvolte abilit\u0103\u0163ile de limba enlglez\u0103, v\u0103 prezent\u0103m mai multe posibilit\u0103\u0163i de cursuri limba englez\u0103. Dublin Central Mission \u2013 Dublin 1 Adresa: 9C [&hellip;]<\/p>\n","protected":false},"author":7,"featured_media":2649,"parent":2,"menu_order":0,"comment_status":"closed","ping_status":"closed","template":"","meta":{"footnotes":""},"class_list":["post-408","page","type-page","status-publish","has-post-thumbnail","hentry"],"yoast_head":"<!-- This site is optimized with the Yoast SEO plugin v27.4 - https:\/\/yoast.com\/product\/yoast-seo-wordpress\/ -->\n<title>Cursuri Limba Englez\u0103 - Romanian Community of Ireland<\/title>\n<meta name=\"description\" content=\"Pentru cei care vor s\u0103 \u00eenve\u0163e sau s\u0103 dezvolte abilit\u0103\u0163ile de limba enlglez\u0103, v\u0103 prezent\u0103m mai multe posibilit\u0103\u0163i de cursuri limba englez\u0103.\" \/>\n<meta name=\"robots\" content=\"index, follow, max-snippet:-1, max-image-preview:large, max-video-preview:-1\" \/>\n<link rel=\"canonical\" href=\"https:\/\/www.romaniancommunity.net\/rci\/ghidul-noului-venit-irlanda\/cursuri-limba-engleza\/\" \/>\n<meta property=\"og:locale\" content=\"en_US\" \/>\n<meta property=\"og:type\" content=\"article\" \/>\n<meta property=\"og:title\" content=\"Cursuri Limba Englez\u0103 - Romanian Community of Ireland\" \/>\n<meta property=\"og:description\" content=\"Pentru cei care vor s\u0103 \u00eenve\u0163e sau s\u0103 dezvolte abilit\u0103\u0163ile de limba enlglez\u0103, v\u0103 prezent\u0103m mai multe posibilit\u0103\u0163i de cursuri limba englez\u0103.\" \/>\n<meta property=\"og:url\" content=\"https:\/\/www.romaniancommunity.net\/rci\/ghidul-noului-venit-irlanda\/cursuri-limba-engleza\/\" \/>\n<meta property=\"og:site_name\" content=\"Romanian Community of Ireland\" \/>\n<meta property=\"article:publisher\" content=\"https:\/\/www.facebook.com\/RomanianCommunityOfIreland\/\" \/>\n<meta property=\"article:modified_time\" content=\"2016-09-05T10:55:29+00:00\" \/>\n<meta property=\"og:image\" content=\"https:\/\/www.romaniancommunity.net\/rci\/wp-content\/uploads\/2015\/05\/cursurilimbaengleza-e1473072797198.jpg\" \/>\n\t<meta property=\"og:image:width\" content=\"250\" \/>\n\t<meta property=\"og:image:height\" content=\"145\" \/>\n\t<meta property=\"og:image:type\" content=\"image\/jpeg\" \/>\n<meta name=\"twitter:card\" content=\"summary_large_image\" \/>\n<meta name=\"twitter:label1\" content=\"Est. reading time\" \/>\n\t<meta name=\"twitter:data1\" content=\"3 minutes\" \/>\n<script type=\"application\/ld+json\" class=\"yoast-schema-graph\">{\"@context\":\"https:\\\/\\\/schema.org\",\"@graph\":[{\"@type\":\"WebPage\",\"@id\":\"https:\\\/\\\/www.romaniancommunity.net\\\/rci\\\/ghidul-noului-venit-irlanda\\\/cursuri-limba-engleza\\\/\",\"url\":\"https:\\\/\\\/www.romaniancommunity.net\\\/rci\\\/ghidul-noului-venit-irlanda\\\/cursuri-limba-engleza\\\/\",\"name\":\"Cursuri Limba Englez\u0103 - Romanian Community of Ireland\",\"isPartOf\":{\"@id\":\"http:\\\/\\\/www.romaniancommunity.net\\\/rci\\\/#website\"},\"primaryImageOfPage\":{\"@id\":\"https:\\\/\\\/www.romaniancommunity.net\\\/rci\\\/ghidul-noului-venit-irlanda\\\/cursuri-limba-engleza\\\/#primaryimage\"},\"image\":{\"@id\":\"https:\\\/\\\/www.romaniancommunity.net\\\/rci\\\/ghidul-noului-venit-irlanda\\\/cursuri-limba-engleza\\\/#primaryimage\"},\"thumbnailUrl\":\"https:\\\/\\\/www.romaniancommunity.net\\\/rci\\\/wp-content\\\/uploads\\\/2015\\\/05\\\/cursurilimbaengleza-e1473072797198.jpg\",\"datePublished\":\"2015-05-04T10:19:53+00:00\",\"dateModified\":\"2016-09-05T10:55:29+00:00\",\"description\":\"Pentru cei care vor s\u0103 \u00eenve\u0163e sau s\u0103 dezvolte abilit\u0103\u0163ile de limba enlglez\u0103, v\u0103 prezent\u0103m mai multe posibilit\u0103\u0163i de cursuri limba englez\u0103.\",\"breadcrumb\":{\"@id\":\"https:\\\/\\\/www.romaniancommunity.net\\\/rci\\\/ghidul-noului-venit-irlanda\\\/cursuri-limba-engleza\\\/#breadcrumb\"},\"inLanguage\":\"en-US\",\"potentialAction\":[{\"@type\":\"ReadAction\",\"target\":[\"https:\\\/\\\/www.romaniancommunity.net\\\/rci\\\/ghidul-noului-venit-irlanda\\\/cursuri-limba-engleza\\\/\"]}]},{\"@type\":\"ImageObject\",\"inLanguage\":\"en-US\",\"@id\":\"https:\\\/\\\/www.romaniancommunity.net\\\/rci\\\/ghidul-noului-venit-irlanda\\\/cursuri-limba-engleza\\\/#primaryimage\",\"url\":\"https:\\\/\\\/www.romaniancommunity.net\\\/rci\\\/wp-content\\\/uploads\\\/2015\\\/05\\\/cursurilimbaengleza-e1473072797198.jpg\",\"contentUrl\":\"https:\\\/\\\/www.romaniancommunity.net\\\/rci\\\/wp-content\\\/uploads\\\/2015\\\/05\\\/cursurilimbaengleza-e1473072797198.jpg\",\"width\":250,\"height\":145,\"caption\":\"cursuri limba englez\u0103\"},{\"@type\":\"BreadcrumbList\",\"@id\":\"https:\\\/\\\/www.romaniancommunity.net\\\/rci\\\/ghidul-noului-venit-irlanda\\\/cursuri-limba-engleza\\\/#breadcrumb\",\"itemListElement\":[{\"@type\":\"ListItem\",\"position\":1,\"name\":\"Home\",\"item\":\"http:\\\/\\\/www.romaniancommunity.net\\\/rci\\\/\"},{\"@type\":\"ListItem\",\"position\":2,\"name\":\"GHIDUL NOULUI VENIT\",\"item\":\"https:\\\/\\\/www.romaniancommunity.net\\\/rci\\\/ghidul-noului-venit-irlanda\\\/\"},{\"@type\":\"ListItem\",\"position\":3,\"name\":\"Cursuri Limba Englez\u0103\"}]},{\"@type\":\"WebSite\",\"@id\":\"http:\\\/\\\/www.romaniancommunity.net\\\/rci\\\/#website\",\"url\":\"http:\\\/\\\/www.romaniancommunity.net\\\/rci\\\/\",\"name\":\"Romanian Community of Ireland\",\"description\":\"Comunitatea Rom\u00e2nilor din Irlanda\",\"potentialAction\":[{\"@type\":\"SearchAction\",\"target\":{\"@type\":\"EntryPoint\",\"urlTemplate\":\"http:\\\/\\\/www.romaniancommunity.net\\\/rci\\\/?s={search_term_string}\"},\"query-input\":{\"@type\":\"PropertyValueSpecification\",\"valueRequired\":true,\"valueName\":\"search_term_string\"}}],\"inLanguage\":\"en-US\"}]}<\/script>\n<!-- \/ Yoast SEO plugin. -->","yoast_head_json":{"title":"Cursuri Limba Englez\u0103 - Romanian Community of Ireland","description":"Pentru cei care vor s\u0103 \u00eenve\u0163e sau s\u0103 dezvolte abilit\u0103\u0163ile de limba enlglez\u0103, v\u0103 prezent\u0103m mai multe posibilit\u0103\u0163i de cursuri limba englez\u0103.","robots":{"index":"index","follow":"follow","max-snippet":"max-snippet:-1","max-image-preview":"max-image-preview:large","max-video-preview":"max-video-preview:-1"},"canonical":"https:\/\/www.romaniancommunity.net\/rci\/ghidul-noului-venit-irlanda\/cursuri-limba-engleza\/","og_locale":"en_US","og_type":"article","og_title":"Cursuri Limba Englez\u0103 - Romanian Community of Ireland","og_description":"Pentru cei care vor s\u0103 \u00eenve\u0163e sau s\u0103 dezvolte abilit\u0103\u0163ile de limba enlglez\u0103, v\u0103 prezent\u0103m mai multe posibilit\u0103\u0163i de cursuri limba englez\u0103.","og_url":"https:\/\/www.romaniancommunity.net\/rci\/ghidul-noului-venit-irlanda\/cursuri-limba-engleza\/","og_site_name":"Romanian Community of Ireland","article_publisher":"https:\/\/www.facebook.com\/RomanianCommunityOfIreland\/","article_modified_time":"2016-09-05T10:55:29+00:00","og_image":[{"width":250,"height":145,"url":"https:\/\/www.romaniancommunity.net\/rci\/wp-content\/uploads\/2015\/05\/cursurilimbaengleza-e1473072797198.jpg","type":"image\/jpeg"}],"twitter_card":"summary_large_image","twitter_misc":{"Est. reading time":"3 minutes"},"schema":{"@context":"https:\/\/schema.org","@graph":[{"@type":"WebPage","@id":"https:\/\/www.romaniancommunity.net\/rci\/ghidul-noului-venit-irlanda\/cursuri-limba-engleza\/","url":"https:\/\/www.romaniancommunity.net\/rci\/ghidul-noului-venit-irlanda\/cursuri-limba-engleza\/","name":"Cursuri Limba Englez\u0103 - Romanian Community of Ireland","isPartOf":{"@id":"http:\/\/www.romaniancommunity.net\/rci\/#website"},"primaryImageOfPage":{"@id":"https:\/\/www.romaniancommunity.net\/rci\/ghidul-noului-venit-irlanda\/cursuri-limba-engleza\/#primaryimage"},"image":{"@id":"https:\/\/www.romaniancommunity.net\/rci\/ghidul-noului-venit-irlanda\/cursuri-limba-engleza\/#primaryimage"},"thumbnailUrl":"https:\/\/www.romaniancommunity.net\/rci\/wp-content\/uploads\/2015\/05\/cursurilimbaengleza-e1473072797198.jpg","datePublished":"2015-05-04T10:19:53+00:00","dateModified":"2016-09-05T10:55:29+00:00","description":"Pentru cei care vor s\u0103 \u00eenve\u0163e sau s\u0103 dezvolte abilit\u0103\u0163ile de limba enlglez\u0103, v\u0103 prezent\u0103m mai multe posibilit\u0103\u0163i de cursuri limba englez\u0103.","breadcrumb":{"@id":"https:\/\/www.romaniancommunity.net\/rci\/ghidul-noului-venit-irlanda\/cursuri-limba-engleza\/#breadcrumb"},"inLanguage":"en-US","potentialAction":[{"@type":"ReadAction","target":["https:\/\/www.romaniancommunity.net\/rci\/ghidul-noului-venit-irlanda\/cursuri-limba-engleza\/"]}]},{"@type":"ImageObject","inLanguage":"en-US","@id":"https:\/\/www.romaniancommunity.net\/rci\/ghidul-noului-venit-irlanda\/cursuri-limba-engleza\/#primaryimage","url":"https:\/\/www.romaniancommunity.net\/rci\/wp-content\/uploads\/2015\/05\/cursurilimbaengleza-e1473072797198.jpg","contentUrl":"https:\/\/www.romaniancommunity.net\/rci\/wp-content\/uploads\/2015\/05\/cursurilimbaengleza-e1473072797198.jpg","width":250,"height":145,"caption":"cursuri limba englez\u0103"},{"@type":"BreadcrumbList","@id":"https:\/\/www.romaniancommunity.net\/rci\/ghidul-noului-venit-irlanda\/cursuri-limba-engleza\/#breadcrumb","itemListElement":[{"@type":"ListItem","position":1,"name":"Home","item":"http:\/\/www.romaniancommunity.net\/rci\/"},{"@type":"ListItem","position":2,"name":"GHIDUL NOULUI VENIT","item":"https:\/\/www.romaniancommunity.net\/rci\/ghidul-noului-venit-irlanda\/"},{"@type":"ListItem","position":3,"name":"Cursuri Limba Englez\u0103"}]},{"@type":"WebSite","@id":"http:\/\/www.romaniancommunity.net\/rci\/#website","url":"http:\/\/www.romaniancommunity.net\/rci\/","name":"Romanian Community of Ireland","description":"Comunitatea Rom\u00e2nilor din Irlanda","potentialAction":[{"@type":"SearchAction","target":{"@type":"EntryPoint","urlTemplate":"http:\/\/www.romaniancommunity.net\/rci\/?s={search_term_string}"},"query-input":{"@type":"PropertyValueSpecification","valueRequired":true,"valueName":"search_term_string"}}],"inLanguage":"en-US"}]}},"_links":{"self":[{"href":"https:\/\/www.romaniancommunity.net\/rci\/wp-json\/wp\/v2\/pages\/408","targetHints":{"allow":["GET"]}}],"collection":[{"href":"https:\/\/www.romaniancommunity.net\/rci\/wp-json\/wp\/v2\/pages"}],"about":[{"href":"https:\/\/www.romaniancommunity.net\/rci\/wp-json\/wp\/v2\/types\/page"}],"author":[{"embeddable":true,"href":"https:\/\/www.romaniancommunity.net\/rci\/wp-json\/wp\/v2\/users\/7"}],"replies":[{"embeddable":true,"href":"https:\/\/www.romaniancommunity.net\/rci\/wp-json\/wp\/v2\/comments?post=408"}],"version-history":[{"count":73,"href":"https:\/\/www.romaniancommunity.net\/rci\/wp-json\/wp\/v2\/pages\/408\/revisions"}],"predecessor-version":[{"id":2648,"href":"https:\/\/www.romaniancommunity.net\/rci\/wp-json\/wp\/v2\/pages\/408\/revisions\/2648"}],"up":[{"embeddable":true,"href":"https:\/\/www.romaniancommunity.net\/rci\/wp-json\/wp\/v2\/pages\/2"}],"wp:featuredmedia":[{"embeddable":true,"href":"https:\/\/www.romaniancommunity.net\/rci\/wp-json\/wp\/v2\/media\/2649"}],"wp:attachment":[{"href":"https:\/\/www.romaniancommunity.net\/rci\/wp-json\/wp\/v2\/media?parent=408"}],"curies":[{"name":"wp","href":"https:\/\/api.w.org\/{rel}","templated":true}]}}