{"id":210,"date":"2015-04-23T09:11:25","date_gmt":"2015-04-23T09:11:25","guid":{"rendered":"http:\/\/www.romaniancommunity.net\/rci\/?page_id=210"},"modified":"2016-09-05T12:15:00","modified_gmt":"2016-09-05T12:15:00","slug":"rezidenta-in-irlanda-si-implicatiile-ei-asupra-impozitarii-venitului","status":"publish","type":"page","link":"https:\/\/www.romaniancommunity.net\/rci\/ghidul-noului-venit-irlanda\/rezidenta-in-irlanda-si-implicatiile-ei-asupra-impozitarii-venitului\/","title":{"rendered":"Reziden\u0163a\/Impozit pe venit"},"content":{"rendered":"<div class=\"two_third\" style=\"text-align: justify;\">\n<p><span class=\"dropcap\">D<\/span>omiciliul este un concept de drept general, acesta put\u00e2nd fi interpretat \u00een sens larg ca fiind \u015federea \u00eentr-o anumit\u0103 \u0163ar\u0103 cu inten\u0163ia de a locui permanent \u00een acel loc. Fiecare persoan\u0103 are un domiciliu de origine la na\u015ftere. Domiciliul de origine va r\u0103m\u00e2ne aplicabil p\u00e2n\u0103 \u00een momentul \u00een care ceta\u0163eanul contribuabil va dob\u00e2ndi un domiciliu nou ales. Cu toate acestea, \u00eenainte ca domiciliul de origine s\u0103 devin\u0103 irelevant, trebuie s\u0103 existe dovezi clare c\u0103 individul are inten\u0163ia de a r\u0103m\u00e2ne permanent \u00eentr-o alt\u0103 \u0163ar\u0103 \u015fi c\u0103 a renun\u0163at s\u0103 se mai \u00eentoarc\u0103 vreodat\u0103 pentru a locui \u00een statul de origine.<\/p>\n<p><strong>Obliga\u0163iile fiscale<\/strong> \u00een Irlanda pot fi influen\u0163ate de statutul dumneavoastr\u0103 \u015fi anume dac\u0103 sunte\u0163i rezident sau dac\u0103 ave\u0163i domiciliul stabil \u00een acest stat. Dac\u0103 nu \u00eendeplini\u0163i condi\u0163iile de reziden\u0163\u0103 \u00eentr-un anumit an, Irlanda poate constitui statutul de \u201creziden\u0163\u0103 obi\u015fnuit\u0103\u201d, ceea ce face trimitere la \u0163ara \u00een care locui\u0163i \u00een mod obi\u015fnuit un anumit num\u0103r de ani. Statul \u00een care ave\u0163i locuin\u0163a permanent\u0103 este cunoscut ca fiind statul de domiciliu.<\/p>\n<p>Termenul de \u201crezident obi\u015fnuit\u201d, spre deosebire de termenul de rezident, se refer\u0103 la particularit\u0103\u0163ile reziden\u0163ei unei persoane pe parcursul unui num\u0103r de ani. Dac\u0103 veni\u0163i \u00een Irlanda pentru prima dat\u0103 \u015fi r\u0103m\u00e2ne\u0163i rezident pe durata a trei ani fiscali consecutivi, ve\u0163i dob\u00e2ndi statutul de rezident obi\u015fnuit de la \u00eenceputul celui de-al patrulea an fiscal.<\/p>\n<\/div>\n<div class=\"one_third last_column\" style=\"text-align: justify;\">\n<blockquote><p>Din punct de vedere fiscal, statutul de rezident depinde de num\u0103rul de zile petrecute \u00een Irlanda pe parcursul unui an fiscal (perioada cuprins\u0103 \u00eentre 1 ianuarie \u015fi 31 decembrie a fiec\u0103rui an). Sunte\u0163i rezident pe parcursul unui an din punct de vedere fiscal dac\u0103:<br \/>\n\u2022 a\u0163i petrecut cel pu\u0163in 183 de zile \u00een Irlanda \u00een acel an \u00een intervalul 1 ianuarie \u2013 31<br \/>\ndecembrie, sau<br \/>\n\u2022 a\u0163i petrecut cel pu\u0163in 280 de zile \u00een Irlanda \u00eentr-un interval de doi ani fiscali consecutivi, atunci ve\u0163i fi considerat rezident pentru cel de-al doilea an fiscal.<\/p><\/blockquote>\n<\/div>\n<div class=\"clear\" style=\"text-align: justify;\"><\/div>\n<p style=\"text-align: justify;\"><a href=\"http:\/\/www.romaniancommunity.net\/rci\/wp-content\/uploads\/2015\/04\/residentcard.jpg\"><img loading=\"lazy\" decoding=\"async\" class=\"alignleft wp-image-229 size-full\" src=\"http:\/\/www.romaniancommunity.net\/rci\/wp-content\/uploads\/2015\/04\/residentcard.jpg\" alt=\"Obliga\u0163iile fiscale \u00een Irlanda\" width=\"320\" height=\"191\" srcset=\"https:\/\/www.romaniancommunity.net\/rci\/wp-content\/uploads\/2015\/04\/residentcard.jpg 320w, https:\/\/www.romaniancommunity.net\/rci\/wp-content\/uploads\/2015\/04\/residentcard-300x179.jpg 300w\" sizes=\"auto, (max-width: 320px) 100vw, 320px\" \/><\/a>Dac\u0103 veni\u0163i \u00een Irlanda \u00eentr-un anumit an, dar nu sunte\u0163i prezent num\u0103rul necesar de zile, pute\u0163i alege s\u0103 deveni\u0163i rezident pentru acel an, cu condi\u0163ia de a r\u0103m\u00e2ne rezident \u015fi \u00een anul urm\u0103tor. Cu toate acestea, odat\u0103 ce a\u0163i f\u0103cut aceast\u0103 alegere, nu v\u0103 ve\u0163i putea schimba op\u0163iunea. Ca rezident ve\u0163i fi supus obliga\u0163iei de a pl\u0103ti impozitul pentru toate veniturile ob\u0163inute \u00een cursul anului fiscal de la sosirea \u00een Irlanda, indiferent de sursa veniturilor \u015fi locul de provenien\u0163\u0103. Cu toate acestea, veniturile ob\u0163inute la locul de munc\u0103 vor fi impozitate numai \u00eencep\u00e2nd cu data sosirii dumneavoastr\u0103 \u00een Irlanda. Op\u0163iunea cu privire la locul de reziden\u0163\u0103 poate fi f\u0103cut\u0103 \u00een scris la biroul fiscal local.<\/p>\n<p style=\"text-align: justify;\">Dac\u0103 r\u0103m\u00e2ne\u0163i rezident \u00een Irlanda \u00een cursul unui an fiscal \u015fi pute\u0163i demonstra c\u0103 inten\u0163iona\u0163i s\u0103 r\u0103m\u00e2ne\u0163i rezident \u015fi \u00een anul fiscal urm\u0103tor, nu ve\u0163i fi supus obliga\u0163iei de a pl\u0103ti impozit \u015fi pentru veniturile din munc\u0103 ob\u0163inute \u00eenainte de a sosi \u00een Irlanda. Dac\u0103 sunte\u0163i rezident \u00een Irlanda pe durata unui an fiscal \u015fi decide\u0163i s\u0103 p\u0103r\u0103si\u0163i \u0163ara, cu inten\u0163ia de a nu reveni \u015fi pe parcursul anului fiscal urm\u0103tor, \u00een aceste condi\u0163ii nu vi se va re\u0163ine impozitul pe veniturile ob\u0163inute din munca desf\u0103\u015furat\u0103 \u00een afara Irlandei, corespunz\u0103tor perioadei din an de dup\u0103 plecarea dumneavoastr\u0103 din acest stat.<\/p>\n<div class=\"msg-about\" style=\"text-align: justify;\">\n<div class=\"msg-box-icon\">\n<p><strong>Este recomandabil s\u0103 informa\u0163i autorit\u0103\u0163ile fiscale asupra inten\u0163iei de a p\u0103r\u0103si teritoriul Irlandei deoarece \u00een anumite situa\u0163ii pute\u0163i beneficia de rambursarea impozitului pl\u0103tit.<\/strong> Pentru aceasta va trebui s\u0103 prezenta\u0163i autorit\u0103\u0163ilor fiscale Formularul P50 \u00eenso\u0163it de Formularul P45 (p\u0103r\u0163ile 2 \u015fi 3) emis de angajatorul dumneavoastr\u0103. Av\u00e2nd \u00een vedere faptul c\u0103 anumite venituri pot fi impozitate at\u00e2t \u00een statul \u00een care au fost ob\u0163inute c\u00e2t \u015fi \u00een statul de re\u015fedin\u0163\u0103, Irlanda a \u00eencheiat o serie de acorduri bilaterale pentru evitarea dublei impuneri, pentru a elimina situa\u0163iile de dubl\u0103 impunere sau pentru a acorda credit \u00een cazul \u00een care impozitul este pl\u0103tit \u00een ambele state. Un astfel de acord a fost \u00eencheiat \u015fi cu Rom\u00e2nia.<\/p>\n<\/div>\n<\/div>\n<p style=\"text-align: justify;\">\u00cen general, \u00een cazul \u00een care veniturile ar trebui impozitate at\u00e2t \u00een Irlanda, c\u00e2t \u015fi \u00een Rom\u00e2nia, dubla impunere este evitat\u0103 prin:<br \/>\n\u2022 Scutirea de impozitul pe venit \u00een una din \u0163\u0103ri sau<br \/>\n\u2022 Acordarea de credit \u00eentr-unul din state pentru impozitul pl\u0103tit \u00een cel\u0103lalt stat pentru aceea\u015fi categorie de venituri.<\/p>\n<p style=\"text-align: justify;\">Av\u00e2nd \u00een vedere faptul c\u0103 regimul fiscal aplicabil veniturilor poate depinde de tipul \u015fi sursa acestora, v\u0103 recomand\u0103m s\u0103 contacta\u0163i autorit\u0103\u0163ile fiscale pentru a verifica regimul fiscal care este aplicabil \u00een cazul dumneavoastr\u0103- <a href=\"http:\/\/www.revenue.ie \" target=\"_blank\">www.revenue.ie <\/a><br \/>\nUnele persoane pot pl\u0103ti o sum\u0103 forfetar\u0103 \u00een fiecare an sau periodic, prin debit direct, \u00een conformitate cu ceea ce este cunoscut sub numele de sistem de impozitare prin \u201eAuto \u2013 Evaluare\u201d. Acest sistem este utilizat de c\u0103tre persoanele fizice care desf\u0103\u015foar\u0103 activit\u0103\u0163i independente sau care ob\u0163in venituri provenind din surse str\u0103ine.<\/p>\n<p style=\"text-align: justify;\">(sursa: Ghidul Lucratorului Roman publicat de Ambasada Romaniei in Irlanda)<\/p>\n<p style=\"text-align: justify;\"><img loading=\"lazy\" decoding=\"async\" class=\"size-full wp-image-1656 alignleft\" src=\"http:\/\/www.romaniancommunity.net\/rci\/wp-content\/uploads\/2015\/04\/dprrpmic.jpg\" alt=\"dprrpmic\" width=\"100\" height=\"56\" \/><br \/>\nGhidul a fost realizat cu sprijinul <a href=\"http:\/\/www.dprp.gov.ro\/\" target=\"_blank\">Departamentului Politici pentru Rela\u0163ia cu Rom\u00e2nii de Pretutindeni<\/a><\/p>\n","protected":false},"excerpt":{"rendered":"<p>Domiciliul este un concept de drept general, acesta put\u00e2nd fi interpretat \u00een sens larg ca fiind \u015federea \u00eentr-o anumit\u0103 \u0163ar\u0103 cu inten\u0163ia de a locui permanent \u00een acel loc. Fiecare [&hellip;]<\/p>\n","protected":false},"author":7,"featured_media":0,"parent":2,"menu_order":0,"comment_status":"closed","ping_status":"closed","template":"","meta":{"footnotes":""},"class_list":["post-210","page","type-page","status-publish","hentry"],"yoast_head":"<!-- This site is optimized with the Yoast SEO plugin v27.4 - https:\/\/yoast.com\/product\/yoast-seo-wordpress\/ -->\n<title>Rezident, Obliga\u0163iile fiscale \u00een Irlanda - Romanian Community of Ireland<\/title>\n<meta name=\"description\" content=\"Rezident, Obliga\u0163iile fiscale \u00een Irlanda pot fi influen\u0163ate de statutul dumneavoastr\u0103 \u015fi anume dac\u0103 sunte\u0163i rezident sau dac\u0103 ave\u0163i domiciliul\" \/>\n<meta name=\"robots\" content=\"index, follow, max-snippet:-1, max-image-preview:large, max-video-preview:-1\" \/>\n<link rel=\"canonical\" href=\"https:\/\/www.romaniancommunity.net\/rci\/ghidul-noului-venit-irlanda\/rezidenta-in-irlanda-si-implicatiile-ei-asupra-impozitarii-venitului\/\" \/>\n<meta property=\"og:locale\" content=\"en_US\" \/>\n<meta property=\"og:type\" content=\"article\" \/>\n<meta property=\"og:title\" content=\"Rezident, Obliga\u0163iile fiscale \u00een Irlanda - Romanian Community of Ireland\" \/>\n<meta property=\"og:description\" content=\"Rezident, Obliga\u0163iile fiscale \u00een Irlanda pot fi influen\u0163ate de statutul dumneavoastr\u0103 \u015fi anume dac\u0103 sunte\u0163i rezident sau dac\u0103 ave\u0163i domiciliul\" \/>\n<meta property=\"og:url\" content=\"https:\/\/www.romaniancommunity.net\/rci\/ghidul-noului-venit-irlanda\/rezidenta-in-irlanda-si-implicatiile-ei-asupra-impozitarii-venitului\/\" \/>\n<meta property=\"og:site_name\" content=\"Romanian Community of Ireland\" \/>\n<meta property=\"article:publisher\" content=\"https:\/\/www.facebook.com\/RomanianCommunityOfIreland\/\" \/>\n<meta property=\"article:modified_time\" content=\"2016-09-05T12:15:00+00:00\" \/>\n<meta property=\"og:image\" content=\"http:\/\/www.romaniancommunity.net\/rci\/wp-content\/uploads\/2015\/04\/residentcard.jpg\" \/>\n<meta name=\"twitter:card\" content=\"summary_large_image\" \/>\n<meta name=\"twitter:label1\" content=\"Est. reading time\" \/>\n\t<meta name=\"twitter:data1\" content=\"5 minutes\" \/>\n<script type=\"application\/ld+json\" class=\"yoast-schema-graph\">{\"@context\":\"https:\\\/\\\/schema.org\",\"@graph\":[{\"@type\":\"WebPage\",\"@id\":\"https:\\\/\\\/www.romaniancommunity.net\\\/rci\\\/ghidul-noului-venit-irlanda\\\/rezidenta-in-irlanda-si-implicatiile-ei-asupra-impozitarii-venitului\\\/\",\"url\":\"https:\\\/\\\/www.romaniancommunity.net\\\/rci\\\/ghidul-noului-venit-irlanda\\\/rezidenta-in-irlanda-si-implicatiile-ei-asupra-impozitarii-venitului\\\/\",\"name\":\"Rezident, Obliga\u0163iile fiscale \u00een Irlanda - Romanian Community of Ireland\",\"isPartOf\":{\"@id\":\"http:\\\/\\\/www.romaniancommunity.net\\\/rci\\\/#website\"},\"primaryImageOfPage\":{\"@id\":\"https:\\\/\\\/www.romaniancommunity.net\\\/rci\\\/ghidul-noului-venit-irlanda\\\/rezidenta-in-irlanda-si-implicatiile-ei-asupra-impozitarii-venitului\\\/#primaryimage\"},\"image\":{\"@id\":\"https:\\\/\\\/www.romaniancommunity.net\\\/rci\\\/ghidul-noului-venit-irlanda\\\/rezidenta-in-irlanda-si-implicatiile-ei-asupra-impozitarii-venitului\\\/#primaryimage\"},\"thumbnailUrl\":\"http:\\\/\\\/www.romaniancommunity.net\\\/rci\\\/wp-content\\\/uploads\\\/2015\\\/04\\\/residentcard.jpg\",\"datePublished\":\"2015-04-23T09:11:25+00:00\",\"dateModified\":\"2016-09-05T12:15:00+00:00\",\"description\":\"Rezident, Obliga\u0163iile fiscale \u00een Irlanda pot fi influen\u0163ate de statutul dumneavoastr\u0103 \u015fi anume dac\u0103 sunte\u0163i rezident sau dac\u0103 ave\u0163i domiciliul\",\"breadcrumb\":{\"@id\":\"https:\\\/\\\/www.romaniancommunity.net\\\/rci\\\/ghidul-noului-venit-irlanda\\\/rezidenta-in-irlanda-si-implicatiile-ei-asupra-impozitarii-venitului\\\/#breadcrumb\"},\"inLanguage\":\"en-US\",\"potentialAction\":[{\"@type\":\"ReadAction\",\"target\":[\"https:\\\/\\\/www.romaniancommunity.net\\\/rci\\\/ghidul-noului-venit-irlanda\\\/rezidenta-in-irlanda-si-implicatiile-ei-asupra-impozitarii-venitului\\\/\"]}]},{\"@type\":\"ImageObject\",\"inLanguage\":\"en-US\",\"@id\":\"https:\\\/\\\/www.romaniancommunity.net\\\/rci\\\/ghidul-noului-venit-irlanda\\\/rezidenta-in-irlanda-si-implicatiile-ei-asupra-impozitarii-venitului\\\/#primaryimage\",\"url\":\"https:\\\/\\\/www.romaniancommunity.net\\\/rci\\\/wp-content\\\/uploads\\\/2015\\\/04\\\/residentcard.jpg\",\"contentUrl\":\"https:\\\/\\\/www.romaniancommunity.net\\\/rci\\\/wp-content\\\/uploads\\\/2015\\\/04\\\/residentcard.jpg\",\"width\":320,\"height\":191},{\"@type\":\"BreadcrumbList\",\"@id\":\"https:\\\/\\\/www.romaniancommunity.net\\\/rci\\\/ghidul-noului-venit-irlanda\\\/rezidenta-in-irlanda-si-implicatiile-ei-asupra-impozitarii-venitului\\\/#breadcrumb\",\"itemListElement\":[{\"@type\":\"ListItem\",\"position\":1,\"name\":\"Home\",\"item\":\"http:\\\/\\\/www.romaniancommunity.net\\\/rci\\\/\"},{\"@type\":\"ListItem\",\"position\":2,\"name\":\"GHIDUL NOULUI VENIT\",\"item\":\"http:\\\/\\\/www.romaniancommunity.net\\\/rci\\\/ghidul-noului-venit-irlanda\\\/\"},{\"@type\":\"ListItem\",\"position\":3,\"name\":\"Reziden\u0163a\\\/Impozit pe venit\"}]},{\"@type\":\"WebSite\",\"@id\":\"http:\\\/\\\/www.romaniancommunity.net\\\/rci\\\/#website\",\"url\":\"http:\\\/\\\/www.romaniancommunity.net\\\/rci\\\/\",\"name\":\"Romanian Community of Ireland\",\"description\":\"Comunitatea Rom\u00e2nilor din Irlanda\",\"potentialAction\":[{\"@type\":\"SearchAction\",\"target\":{\"@type\":\"EntryPoint\",\"urlTemplate\":\"http:\\\/\\\/www.romaniancommunity.net\\\/rci\\\/?s={search_term_string}\"},\"query-input\":{\"@type\":\"PropertyValueSpecification\",\"valueRequired\":true,\"valueName\":\"search_term_string\"}}],\"inLanguage\":\"en-US\"}]}<\/script>\n<!-- \/ Yoast SEO plugin. -->","yoast_head_json":{"title":"Rezident, Obliga\u0163iile fiscale \u00een Irlanda - Romanian Community of Ireland","description":"Rezident, Obliga\u0163iile fiscale \u00een Irlanda pot fi influen\u0163ate de statutul dumneavoastr\u0103 \u015fi anume dac\u0103 sunte\u0163i rezident sau dac\u0103 ave\u0163i domiciliul","robots":{"index":"index","follow":"follow","max-snippet":"max-snippet:-1","max-image-preview":"max-image-preview:large","max-video-preview":"max-video-preview:-1"},"canonical":"https:\/\/www.romaniancommunity.net\/rci\/ghidul-noului-venit-irlanda\/rezidenta-in-irlanda-si-implicatiile-ei-asupra-impozitarii-venitului\/","og_locale":"en_US","og_type":"article","og_title":"Rezident, Obliga\u0163iile fiscale \u00een Irlanda - Romanian Community of Ireland","og_description":"Rezident, Obliga\u0163iile fiscale \u00een Irlanda pot fi influen\u0163ate de statutul dumneavoastr\u0103 \u015fi anume dac\u0103 sunte\u0163i rezident sau dac\u0103 ave\u0163i domiciliul","og_url":"https:\/\/www.romaniancommunity.net\/rci\/ghidul-noului-venit-irlanda\/rezidenta-in-irlanda-si-implicatiile-ei-asupra-impozitarii-venitului\/","og_site_name":"Romanian Community of Ireland","article_publisher":"https:\/\/www.facebook.com\/RomanianCommunityOfIreland\/","article_modified_time":"2016-09-05T12:15:00+00:00","og_image":[{"url":"http:\/\/www.romaniancommunity.net\/rci\/wp-content\/uploads\/2015\/04\/residentcard.jpg","type":"","width":"","height":""}],"twitter_card":"summary_large_image","twitter_misc":{"Est. reading time":"5 minutes"},"schema":{"@context":"https:\/\/schema.org","@graph":[{"@type":"WebPage","@id":"https:\/\/www.romaniancommunity.net\/rci\/ghidul-noului-venit-irlanda\/rezidenta-in-irlanda-si-implicatiile-ei-asupra-impozitarii-venitului\/","url":"https:\/\/www.romaniancommunity.net\/rci\/ghidul-noului-venit-irlanda\/rezidenta-in-irlanda-si-implicatiile-ei-asupra-impozitarii-venitului\/","name":"Rezident, Obliga\u0163iile fiscale \u00een Irlanda - Romanian Community of Ireland","isPartOf":{"@id":"http:\/\/www.romaniancommunity.net\/rci\/#website"},"primaryImageOfPage":{"@id":"https:\/\/www.romaniancommunity.net\/rci\/ghidul-noului-venit-irlanda\/rezidenta-in-irlanda-si-implicatiile-ei-asupra-impozitarii-venitului\/#primaryimage"},"image":{"@id":"https:\/\/www.romaniancommunity.net\/rci\/ghidul-noului-venit-irlanda\/rezidenta-in-irlanda-si-implicatiile-ei-asupra-impozitarii-venitului\/#primaryimage"},"thumbnailUrl":"http:\/\/www.romaniancommunity.net\/rci\/wp-content\/uploads\/2015\/04\/residentcard.jpg","datePublished":"2015-04-23T09:11:25+00:00","dateModified":"2016-09-05T12:15:00+00:00","description":"Rezident, Obliga\u0163iile fiscale \u00een Irlanda pot fi influen\u0163ate de statutul dumneavoastr\u0103 \u015fi anume dac\u0103 sunte\u0163i rezident sau dac\u0103 ave\u0163i domiciliul","breadcrumb":{"@id":"https:\/\/www.romaniancommunity.net\/rci\/ghidul-noului-venit-irlanda\/rezidenta-in-irlanda-si-implicatiile-ei-asupra-impozitarii-venitului\/#breadcrumb"},"inLanguage":"en-US","potentialAction":[{"@type":"ReadAction","target":["https:\/\/www.romaniancommunity.net\/rci\/ghidul-noului-venit-irlanda\/rezidenta-in-irlanda-si-implicatiile-ei-asupra-impozitarii-venitului\/"]}]},{"@type":"ImageObject","inLanguage":"en-US","@id":"https:\/\/www.romaniancommunity.net\/rci\/ghidul-noului-venit-irlanda\/rezidenta-in-irlanda-si-implicatiile-ei-asupra-impozitarii-venitului\/#primaryimage","url":"https:\/\/www.romaniancommunity.net\/rci\/wp-content\/uploads\/2015\/04\/residentcard.jpg","contentUrl":"https:\/\/www.romaniancommunity.net\/rci\/wp-content\/uploads\/2015\/04\/residentcard.jpg","width":320,"height":191},{"@type":"BreadcrumbList","@id":"https:\/\/www.romaniancommunity.net\/rci\/ghidul-noului-venit-irlanda\/rezidenta-in-irlanda-si-implicatiile-ei-asupra-impozitarii-venitului\/#breadcrumb","itemListElement":[{"@type":"ListItem","position":1,"name":"Home","item":"http:\/\/www.romaniancommunity.net\/rci\/"},{"@type":"ListItem","position":2,"name":"GHIDUL NOULUI VENIT","item":"http:\/\/www.romaniancommunity.net\/rci\/ghidul-noului-venit-irlanda\/"},{"@type":"ListItem","position":3,"name":"Reziden\u0163a\/Impozit pe venit"}]},{"@type":"WebSite","@id":"http:\/\/www.romaniancommunity.net\/rci\/#website","url":"http:\/\/www.romaniancommunity.net\/rci\/","name":"Romanian Community of Ireland","description":"Comunitatea Rom\u00e2nilor din Irlanda","potentialAction":[{"@type":"SearchAction","target":{"@type":"EntryPoint","urlTemplate":"http:\/\/www.romaniancommunity.net\/rci\/?s={search_term_string}"},"query-input":{"@type":"PropertyValueSpecification","valueRequired":true,"valueName":"search_term_string"}}],"inLanguage":"en-US"}]}},"_links":{"self":[{"href":"https:\/\/www.romaniancommunity.net\/rci\/wp-json\/wp\/v2\/pages\/210","targetHints":{"allow":["GET"]}}],"collection":[{"href":"https:\/\/www.romaniancommunity.net\/rci\/wp-json\/wp\/v2\/pages"}],"about":[{"href":"https:\/\/www.romaniancommunity.net\/rci\/wp-json\/wp\/v2\/types\/page"}],"author":[{"embeddable":true,"href":"https:\/\/www.romaniancommunity.net\/rci\/wp-json\/wp\/v2\/users\/7"}],"replies":[{"embeddable":true,"href":"https:\/\/www.romaniancommunity.net\/rci\/wp-json\/wp\/v2\/comments?post=210"}],"version-history":[{"count":28,"href":"https:\/\/www.romaniancommunity.net\/rci\/wp-json\/wp\/v2\/pages\/210\/revisions"}],"predecessor-version":[{"id":2656,"href":"https:\/\/www.romaniancommunity.net\/rci\/wp-json\/wp\/v2\/pages\/210\/revisions\/2656"}],"up":[{"embeddable":true,"href":"https:\/\/www.romaniancommunity.net\/rci\/wp-json\/wp\/v2\/pages\/2"}],"wp:attachment":[{"href":"https:\/\/www.romaniancommunity.net\/rci\/wp-json\/wp\/v2\/media?parent=210"}],"curies":[{"name":"wp","href":"https:\/\/api.w.org\/{rel}","templated":true}]}}