{"id":697,"date":"2015-05-12T15:18:09","date_gmt":"2015-05-12T15:18:09","guid":{"rendered":"http:\/\/www.romaniancommunity.net\/rci\/?page_id=697"},"modified":"2016-09-05T13:58:38","modified_gmt":"2016-09-05T13:58:38","slug":"recrutare-voluntari","status":"publish","type":"page","link":"http:\/\/www.romaniancommunity.net\/rci\/voluntariat\/recrutare-voluntari\/","title":{"rendered":"Recrutare voluntari"},"content":{"rendered":"<p style=\"text-align: justify;\"><strong>Al\u0103tur\u0103-te echipei noastre!<\/strong><\/p>\n<p style=\"text-align: justify;\">Membrii organiza\u0163iei <b>Romanian Community of Ireland <\/b>sunt \u00een permanent\u0103 c\u0103utare de noi colegi care s\u0103 sus\u0163in\u0103 \u015fi s\u0103 dezvolte proiectele organiza\u0163iei.<\/p>\n<p style=\"text-align: justify;\">Dac\u0103 e\u015fti pozitiv, creativ, flexibil, diplomat \u015fi \u00ee\u0163i dore\u015fti s\u0103 aju\u0163i comunitatea din care faci parte, atunci echipa RCI este cea mai potrivit\u0103 pentru tine.<\/p>\n<p style=\"text-align: justify;\">To\u0163i cei care doresc s\u0103 \u00ee\u015fi aduc\u0103 aportul la dezvoltarea unei platforme deschise rom\u00e2nilor din Irlanda, sunt invita\u0163i s\u0103 trimit\u0103 CV-ul la adresa de email <a href=\"mailto:info@romaniancommunity.net\"><b>info@romaniancommunity.net<\/b><\/a> \u00eempreun\u0103 cu scrisoarea de inten\u0163ie. De asemenea, cei interesa\u0163i sunt ruga\u0163i s\u0103 includ\u0103 \u00een aplica\u0163ie \u015fi r\u0103spunsurile la urm\u0103toarele \u00eentreb\u0103ri:<\/p>\n<ul style=\"text-align: justify;\">\n<li>Care sunt motivele pentru care dore\u015fti s\u0103 te al\u0103turi organiza\u0163iei RCI?<\/li>\n<li>\u00cen opinia ta, care dintre calit\u0103\u0163ile\/abilit\u0103\u0163ile\/competen\u0163ele tale ar aduce un plus echipei RCI? Detaliaz\u0103 \u015fi argumenteaz\u0103 r\u0103spunsul t\u0103u.<\/li>\n<li>Care sunt a\u015ftept\u0103rile tale \u00een rela\u0163ia cu organiza\u0163ia RCI \u0219i cu comunitatea din care faci parte?<\/li>\n<\/ul>\n<p style=\"text-align: justify;\">Rolurile de voluntar sunt oferite pe baza competen\u0163ei \u015fi a entuziasmului \u00een corela\u0163ie cu obiectivele organiza\u0163iei.\u00a0Toate candidaturile vor fi tratate \u00een confiden\u0163ialitate \u015fi non-discriminatoriu.<\/p>\n<p style=\"text-align: justify;\">Pentru mai multe informa\u0163ii, trimiteti e-mail la: <a href=\"mailto:info@romaniancommunity.net\"><strong>info@romaniancommunity.net<\/strong><\/a> sau\u00a0suna\u0163i la<b> 01 &#8211; 872 7842<\/b> .<\/p>\n","protected":false},"excerpt":{"rendered":"<p>Al\u0103tur\u0103-te echipei noastre! Membrii organiza\u0163iei Romanian Community of Ireland sunt \u00een permanent\u0103 c\u0103utare de noi colegi care s\u0103 sus\u0163in\u0103 \u015fi s\u0103 dezvolte proiectele organiza\u0163iei. Dac\u0103 e\u015fti pozitiv, creativ, flexibil, diplomat [&hellip;]<\/p>\n","protected":false},"author":7,"featured_media":782,"parent":694,"menu_order":0,"comment_status":"closed","ping_status":"closed","template":"","meta":{"footnotes":""},"class_list":["post-697","page","type-page","status-publish","has-post-thumbnail","hentry"],"yoast_head":"<!-- This site is optimized with the Yoast SEO plugin v27.4 - https:\/\/yoast.com\/product\/yoast-seo-wordpress\/ -->\n<title>Al\u0103tur\u0103-te echipei noastre! - Romanian Community of Ireland<\/title>\n<meta name=\"description\" content=\"Al\u0103tur\u0103-te echipei noastre! Membrii organiza\u0163iei Romanian Community of Ireland sunt \u00een permanent\u0103 c\u0103utare de noi colegi care s\u0103 sus\u0163in\u0103\" \/>\n<meta name=\"robots\" content=\"index, follow, max-snippet:-1, max-image-preview:large, max-video-preview:-1\" \/>\n<link rel=\"canonical\" href=\"https:\/\/www.romaniancommunity.net\/rci\/voluntariat\/recrutare-voluntari\/\" \/>\n<meta property=\"og:locale\" content=\"en_US\" \/>\n<meta property=\"og:type\" content=\"article\" \/>\n<meta property=\"og:title\" content=\"Al\u0103tur\u0103-te echipei noastre! - Romanian Community of Ireland\" \/>\n<meta property=\"og:description\" content=\"Al\u0103tur\u0103-te echipei noastre! Membrii organiza\u0163iei Romanian Community of Ireland sunt \u00een permanent\u0103 c\u0103utare de noi colegi care s\u0103 sus\u0163in\u0103\" \/>\n<meta property=\"og:url\" content=\"https:\/\/www.romaniancommunity.net\/rci\/voluntariat\/recrutare-voluntari\/\" \/>\n<meta property=\"og:site_name\" content=\"Romanian Community of Ireland\" \/>\n<meta property=\"article:publisher\" content=\"https:\/\/www.facebook.com\/RomanianCommunityOfIreland\/\" \/>\n<meta property=\"article:modified_time\" content=\"2016-09-05T13:58:38+00:00\" \/>\n<meta property=\"og:image\" content=\"https:\/\/www.romaniancommunity.net\/rci\/wp-content\/uploads\/2015\/05\/slide_09.jpg\" \/>\n\t<meta property=\"og:image:width\" content=\"1700\" \/>\n\t<meta property=\"og:image:height\" content=\"400\" \/>\n\t<meta property=\"og:image:type\" content=\"image\/jpeg\" \/>\n<meta name=\"twitter:card\" content=\"summary_large_image\" \/>\n<meta name=\"twitter:label1\" content=\"Est. reading time\" \/>\n\t<meta name=\"twitter:data1\" content=\"1 minute\" \/>\n<script type=\"application\/ld+json\" class=\"yoast-schema-graph\">{\"@context\":\"https:\\\/\\\/schema.org\",\"@graph\":[{\"@type\":\"WebPage\",\"@id\":\"https:\\\/\\\/www.romaniancommunity.net\\\/rci\\\/voluntariat\\\/recrutare-voluntari\\\/\",\"url\":\"https:\\\/\\\/www.romaniancommunity.net\\\/rci\\\/voluntariat\\\/recrutare-voluntari\\\/\",\"name\":\"Al\u0103tur\u0103-te echipei noastre! - Romanian Community of Ireland\",\"isPartOf\":{\"@id\":\"http:\\\/\\\/www.romaniancommunity.net\\\/rci\\\/#website\"},\"primaryImageOfPage\":{\"@id\":\"https:\\\/\\\/www.romaniancommunity.net\\\/rci\\\/voluntariat\\\/recrutare-voluntari\\\/#primaryimage\"},\"image\":{\"@id\":\"https:\\\/\\\/www.romaniancommunity.net\\\/rci\\\/voluntariat\\\/recrutare-voluntari\\\/#primaryimage\"},\"thumbnailUrl\":\"http:\\\/\\\/www.romaniancommunity.net\\\/rci\\\/wp-content\\\/uploads\\\/2015\\\/05\\\/slide_09.jpg\",\"datePublished\":\"2015-05-12T15:18:09+00:00\",\"dateModified\":\"2016-09-05T13:58:38+00:00\",\"description\":\"Al\u0103tur\u0103-te echipei noastre! Membrii organiza\u0163iei Romanian Community of Ireland sunt \u00een permanent\u0103 c\u0103utare de noi colegi care s\u0103 sus\u0163in\u0103\",\"breadcrumb\":{\"@id\":\"https:\\\/\\\/www.romaniancommunity.net\\\/rci\\\/voluntariat\\\/recrutare-voluntari\\\/#breadcrumb\"},\"inLanguage\":\"en-US\",\"potentialAction\":[{\"@type\":\"ReadAction\",\"target\":[\"https:\\\/\\\/www.romaniancommunity.net\\\/rci\\\/voluntariat\\\/recrutare-voluntari\\\/\"]}]},{\"@type\":\"ImageObject\",\"inLanguage\":\"en-US\",\"@id\":\"https:\\\/\\\/www.romaniancommunity.net\\\/rci\\\/voluntariat\\\/recrutare-voluntari\\\/#primaryimage\",\"url\":\"http:\\\/\\\/www.romaniancommunity.net\\\/rci\\\/wp-content\\\/uploads\\\/2015\\\/05\\\/slide_09.jpg\",\"contentUrl\":\"http:\\\/\\\/www.romaniancommunity.net\\\/rci\\\/wp-content\\\/uploads\\\/2015\\\/05\\\/slide_09.jpg\",\"width\":1700,\"height\":400,\"caption\":\"Al\u0103tur\u0103-te echipei noastre!\"},{\"@type\":\"BreadcrumbList\",\"@id\":\"https:\\\/\\\/www.romaniancommunity.net\\\/rci\\\/voluntariat\\\/recrutare-voluntari\\\/#breadcrumb\",\"itemListElement\":[{\"@type\":\"ListItem\",\"position\":1,\"name\":\"Home\",\"item\":\"http:\\\/\\\/www.romaniancommunity.net\\\/rci\\\/\"},{\"@type\":\"ListItem\",\"position\":2,\"name\":\"Voluntariat\",\"item\":\"https:\\\/\\\/www.romaniancommunity.net\\\/rci\\\/voluntariat\\\/\"},{\"@type\":\"ListItem\",\"position\":3,\"name\":\"Recrutare voluntari\"}]},{\"@type\":\"WebSite\",\"@id\":\"http:\\\/\\\/www.romaniancommunity.net\\\/rci\\\/#website\",\"url\":\"http:\\\/\\\/www.romaniancommunity.net\\\/rci\\\/\",\"name\":\"Romanian Community of Ireland\",\"description\":\"Comunitatea Rom\u00e2nilor din Irlanda\",\"potentialAction\":[{\"@type\":\"SearchAction\",\"target\":{\"@type\":\"EntryPoint\",\"urlTemplate\":\"http:\\\/\\\/www.romaniancommunity.net\\\/rci\\\/?s={search_term_string}\"},\"query-input\":{\"@type\":\"PropertyValueSpecification\",\"valueRequired\":true,\"valueName\":\"search_term_string\"}}],\"inLanguage\":\"en-US\"}]}<\/script>\n<!-- \/ Yoast SEO plugin. -->","yoast_head_json":{"title":"Al\u0103tur\u0103-te echipei noastre! - Romanian Community of Ireland","description":"Al\u0103tur\u0103-te echipei noastre! Membrii organiza\u0163iei Romanian Community of Ireland sunt \u00een permanent\u0103 c\u0103utare de noi colegi care s\u0103 sus\u0163in\u0103","robots":{"index":"index","follow":"follow","max-snippet":"max-snippet:-1","max-image-preview":"max-image-preview:large","max-video-preview":"max-video-preview:-1"},"canonical":"https:\/\/www.romaniancommunity.net\/rci\/voluntariat\/recrutare-voluntari\/","og_locale":"en_US","og_type":"article","og_title":"Al\u0103tur\u0103-te echipei noastre! - Romanian Community of Ireland","og_description":"Al\u0103tur\u0103-te echipei noastre! Membrii organiza\u0163iei Romanian Community of Ireland sunt \u00een permanent\u0103 c\u0103utare de noi colegi care s\u0103 sus\u0163in\u0103","og_url":"https:\/\/www.romaniancommunity.net\/rci\/voluntariat\/recrutare-voluntari\/","og_site_name":"Romanian Community of Ireland","article_publisher":"https:\/\/www.facebook.com\/RomanianCommunityOfIreland\/","article_modified_time":"2016-09-05T13:58:38+00:00","og_image":[{"width":1700,"height":400,"url":"https:\/\/www.romaniancommunity.net\/rci\/wp-content\/uploads\/2015\/05\/slide_09.jpg","type":"image\/jpeg"}],"twitter_card":"summary_large_image","twitter_misc":{"Est. reading time":"1 minute"},"schema":{"@context":"https:\/\/schema.org","@graph":[{"@type":"WebPage","@id":"https:\/\/www.romaniancommunity.net\/rci\/voluntariat\/recrutare-voluntari\/","url":"https:\/\/www.romaniancommunity.net\/rci\/voluntariat\/recrutare-voluntari\/","name":"Al\u0103tur\u0103-te echipei noastre! - Romanian Community of Ireland","isPartOf":{"@id":"http:\/\/www.romaniancommunity.net\/rci\/#website"},"primaryImageOfPage":{"@id":"https:\/\/www.romaniancommunity.net\/rci\/voluntariat\/recrutare-voluntari\/#primaryimage"},"image":{"@id":"https:\/\/www.romaniancommunity.net\/rci\/voluntariat\/recrutare-voluntari\/#primaryimage"},"thumbnailUrl":"http:\/\/www.romaniancommunity.net\/rci\/wp-content\/uploads\/2015\/05\/slide_09.jpg","datePublished":"2015-05-12T15:18:09+00:00","dateModified":"2016-09-05T13:58:38+00:00","description":"Al\u0103tur\u0103-te echipei noastre! Membrii organiza\u0163iei Romanian Community of Ireland sunt \u00een permanent\u0103 c\u0103utare de noi colegi care s\u0103 sus\u0163in\u0103","breadcrumb":{"@id":"https:\/\/www.romaniancommunity.net\/rci\/voluntariat\/recrutare-voluntari\/#breadcrumb"},"inLanguage":"en-US","potentialAction":[{"@type":"ReadAction","target":["https:\/\/www.romaniancommunity.net\/rci\/voluntariat\/recrutare-voluntari\/"]}]},{"@type":"ImageObject","inLanguage":"en-US","@id":"https:\/\/www.romaniancommunity.net\/rci\/voluntariat\/recrutare-voluntari\/#primaryimage","url":"http:\/\/www.romaniancommunity.net\/rci\/wp-content\/uploads\/2015\/05\/slide_09.jpg","contentUrl":"http:\/\/www.romaniancommunity.net\/rci\/wp-content\/uploads\/2015\/05\/slide_09.jpg","width":1700,"height":400,"caption":"Al\u0103tur\u0103-te echipei noastre!"},{"@type":"BreadcrumbList","@id":"https:\/\/www.romaniancommunity.net\/rci\/voluntariat\/recrutare-voluntari\/#breadcrumb","itemListElement":[{"@type":"ListItem","position":1,"name":"Home","item":"http:\/\/www.romaniancommunity.net\/rci\/"},{"@type":"ListItem","position":2,"name":"Voluntariat","item":"https:\/\/www.romaniancommunity.net\/rci\/voluntariat\/"},{"@type":"ListItem","position":3,"name":"Recrutare voluntari"}]},{"@type":"WebSite","@id":"http:\/\/www.romaniancommunity.net\/rci\/#website","url":"http:\/\/www.romaniancommunity.net\/rci\/","name":"Romanian Community of Ireland","description":"Comunitatea Rom\u00e2nilor din Irlanda","potentialAction":[{"@type":"SearchAction","target":{"@type":"EntryPoint","urlTemplate":"http:\/\/www.romaniancommunity.net\/rci\/?s={search_term_string}"},"query-input":{"@type":"PropertyValueSpecification","valueRequired":true,"valueName":"search_term_string"}}],"inLanguage":"en-US"}]}},"_links":{"self":[{"href":"http:\/\/www.romaniancommunity.net\/rci\/wp-json\/wp\/v2\/pages\/697","targetHints":{"allow":["GET"]}}],"collection":[{"href":"http:\/\/www.romaniancommunity.net\/rci\/wp-json\/wp\/v2\/pages"}],"about":[{"href":"http:\/\/www.romaniancommunity.net\/rci\/wp-json\/wp\/v2\/types\/page"}],"author":[{"embeddable":true,"href":"http:\/\/www.romaniancommunity.net\/rci\/wp-json\/wp\/v2\/users\/7"}],"replies":[{"embeddable":true,"href":"http:\/\/www.romaniancommunity.net\/rci\/wp-json\/wp\/v2\/comments?post=697"}],"version-history":[{"count":14,"href":"http:\/\/www.romaniancommunity.net\/rci\/wp-json\/wp\/v2\/pages\/697\/revisions"}],"predecessor-version":[{"id":2065,"href":"http:\/\/www.romaniancommunity.net\/rci\/wp-json\/wp\/v2\/pages\/697\/revisions\/2065"}],"up":[{"embeddable":true,"href":"http:\/\/www.romaniancommunity.net\/rci\/wp-json\/wp\/v2\/pages\/694"}],"wp:featuredmedia":[{"embeddable":true,"href":"http:\/\/www.romaniancommunity.net\/rci\/wp-json\/wp\/v2\/media\/782"}],"wp:attachment":[{"href":"http:\/\/www.romaniancommunity.net\/rci\/wp-json\/wp\/v2\/media?parent=697"}],"curies":[{"name":"wp","href":"https:\/\/api.w.org\/{rel}","templated":true}]}}