{"id":505,"date":"2015-05-04T15:08:07","date_gmt":"2015-05-04T15:08:07","guid":{"rendered":"http:\/\/www.romaniancommunity.net\/rci\/?page_id=505"},"modified":"2016-09-05T12:05:11","modified_gmt":"2016-09-05T12:05:11","slug":"organizatii-de-sprijin","status":"publish","type":"page","link":"http:\/\/www.romaniancommunity.net\/rci\/ghidul-noului-venit-irlanda\/organizatii-de-sprijin\/","title":{"rendered":"Organiza\u0163ii de sprijin"},"content":{"rendered":"<h5><span style=\"text-decoration: underline;\">Organiza\u0163ia ROMANIAN COMMUNITY OF IRELAND &#8211; RCI<\/span><\/h5>\n<p>53 Upper Dorset Street, Dublin 1.<br \/>\nWebsite:<br \/>\n<a href=\"http:\/\/www.romaniancommunity.net\" target=\"_blank\">www.romaniancommunity.net<\/a><br \/>\n<a href=\"http:\/\/www.tweeter.com\/romcomirl\" target=\"_blank\">www.tweeter.com\/romcomirl<\/a><br \/>\n<a href=\"http:\/\/www.facebook.com\/RomanianCommunityOfIreland \" target=\"_blank\">www.facebook.com\/RomanianCommunityOfIreland <\/a><br \/>\nEmail: info@romaniancommunity.net<\/p>\n<h5><span style=\"text-decoration: underline;\">Trustul de Pres\u0103 ACTUALITATEA IRL \u0219i Centrul Cultural Rom\u00e2n Dublin<\/span><\/h5>\n<p>1, Bow Lane West, Kilmainham, Dublin 8.<br \/>\nWebsite:<br \/>\n<a href=\"http:\/\/www.actualitateairl.com\/\" target=\"_blank\">www.actualitateairl.com\/<\/a><br \/>\n<a href=\"http:\/\/www.facebook.com\/actualitateairl\" target=\"_blank\">www.facebook.com\/actualitateairl<\/a><br \/>\n<a href=\"http:\/\/www.facebook.com\/ccrdublin \" target=\"_blank\">www.facebook.com\/ccrdublin <\/a><br \/>\nEmail: info@actualitateairl.com<\/p>\n<h5><span style=\"text-decoration: underline;\">Centrul de Excelen\u0163\u0103 \u00een Promovarea Creativit\u0103\u0163ii Rom\u00e2ne\u015fti ITACA Dublin<\/span><\/h5>\n<p>Website:<br \/>\n<a href=\"http:\/\/www.hopernicus.falezedepiatra.net\/CentruldePromovareaCulturiiDUBLIN\" target=\"_blank\">www.hopernicus.falezedepiatra.net\/CentruldePromovareaCulturiiDUBLIN<\/a><br \/>\n<a href=\"http:\/\/www.facebook.com\/sufletromanescdublin\" target=\"_blank\">www.facebook.com\/sufletromanescdublin<\/a><br \/>\nEmail: centruldepromovaredublin@gmail.com<\/p>\n<h5><span style=\"text-decoration: underline;\">Asocia\u0163ia Roman\u0103 &#8211; Irlandez\u0103 ICRBA Limerick<\/span><\/h5>\n<p>Website:<br \/>\n<a href=\"http:\/\/www.ircba.ie\/\" target=\"_blank\">www.ircba.ie\/<\/a><br \/>\n<a href=\"http:\/\/www.facebook.com\/asociatiaromanairlandeza.ircba\" target=\"_blank\">www.facebook.com\/asociatiaromanairlandeza.ircba<\/a><br \/>\nblog: <a href=\"http:\/\/http:\/\/ircba.blogspot.ie\/\" target=\"_blank\">http:\/\/ircba.blogspot.ie\/<\/a><br \/>\nEmail: asociatiaromanairlandeza.ircba@facebook.com; sauinfo@ircba.ie<\/p>\n<h5><span style=\"text-decoration: underline;\">Romanian Irish Cork Association<\/span><\/h5>\n<p>Website:<br \/>\n<a href=\"http:\/\/www.facebook.com\/RICBCA\" target=\"_blank\">www.facebook.com\/RICBCA<\/a><br \/>\n<a href=\"http:\/\/www.parohiacork.org\" target=\"_blank\">www.parohiacork.org<\/a><br \/>\nEmail: ricbca@gmail.com<\/p>\n<h5><span style=\"text-decoration: underline;\">Moldova Vision \u2013 Comunitatea Basarabenilor din Irlanda<\/span><\/h5>\n<p>Website: <a href=\"http:\/\/www.iremoldova.blogspot.ie\" target=\"_blank\">www.iremoldova.blogspot.ie<\/a><br \/>\n<a href=\"https:\/\/www.facebook.com\/pages\/Moldova-Vision-Comunitatea-Basarabenilor-dinIrlanda\/109889672396455\" target=\"_blank\">https:\/\/www.facebook.com\/pages\/Moldova-Vision-Comunitatea-Basarabenilor-dinIrlanda\/109889672396455<\/a><br \/>\nEmail: petrovschis@yahoo.com<\/p>\n<h5><span style=\"text-decoration: underline;\">New Communities Partnership<\/span><\/h5>\n<p>53 Upper Dorset Street, Dublin 1<br \/>\nTel: 01- 8727842<br \/>\nWebsite:<br \/>\n<a href=\"http:\/\/www.newcommunities.ie\" target=\"_blank\">www.newcommunities.ie<\/a><br \/>\n<a href=\"http:\/\/www.facebook.com\/newcommunities\" target=\"_blank\">www.facebook.com\/newcommunities<\/a><br \/>\nEmail: info@newcommunities.ie<\/p>\n<h5><span style=\"text-decoration: underline;\">FLAC &#8211; Free Legal Advice Centre<\/span><\/h5>\n<p>13 Lower Dorset Street, Dublin 1<br \/>\nTelefon: Lo-Call 1890 350 250 sau 01-874 5690<br \/>\nWebsite:<br \/>\n<a href=\"http:\/\/www.flac.ie \" target=\"_blank\">www.flac.ie <\/a><\/p>\n<h5><span style=\"text-decoration: underline;\">Citizens Information Centre &#8211; CIC<\/span><\/h5>\n<p>Website:<a href=\"http:\/\/ www.citizensinformation.ie\" target=\"_blank\"> www.citizensinformation.ie<\/a><br \/>\nDocumente disponibile \u00een limba rom\u00e2n\u0103: <a href=\"http:\/\/www.citizensinformation.ie\/ro\/languageindex\/\" target=\"_blank\">http:\/\/www.citizensinformation.ie\/ro\/languageindex\/<\/a><br \/>\nAdresele tuturor centrelor CIC pe teritoriul Irlandei: <a href=\"http:\/\/centres.citizensinformation.ie\/county.php?county=dublin\" target=\"_blank\">http:\/\/centres.citizensinformation.ie\/county.php?county=dublin<\/a><br \/>\nTelefon: 0761 07 4000<\/p>\n<h5><span style=\"text-decoration: underline;\">Oficiul de Taxe \u0219i Impozite (Revenue Office)<\/span><\/h5>\n<p>Website:<a href=\"http:\/\/ www.revenue.ie\" target=\"_blank\"> www.revenue.ie<\/a><br \/>\nTelefon: 01 702 3011<br \/>\nServicii diposponibile: <a href=\"http:\/\/www.revenue.ie\/en\/contact\/lo-call.html\" target=\"_blank\">http:\/\/www.revenue.ie\/en\/contact\/lo-call.html<br \/>\n<\/a><\/p>\n<h5><span style=\"text-decoration: underline;\">Asisten\u0163\u0103 social\u0103\/ \u015fomaj\/ cursuri de recalificare (Intreo)<\/span><\/h5>\n<p>Website: <a href=\"http:\/\/www.welfare.ie\" target=\"_blank\">www.welfare.ie<\/a><br \/>\nAdresele tuturor centrelor Intreo de pe teritoriul Irlandei: <a href=\"http:\/\/www.welfare.ie\/en\/Pages\/List-of-Social-Welfare-Local-and-Branch-Offices-by-County.aspx\" target=\"_blank\">http:\/\/www.welfare.ie\/en\/Pages\/List-of-Social-Welfare-Local-and-Branch-Offices-by-County.aspx<\/a><\/p>\n<h5><span style=\"text-decoration: underline;\">Alte date de contact utile:<\/span><\/h5>\n<p><strong>Alcoholics Anonymous (Dublin)<\/strong> &#8211; 01 453 8998<br \/>\n<strong>Irish Tourist Assistance Service<\/strong> &#8211; 01 478 5295<br \/>\n<strong>Rape Crisis Centre<\/strong> &#8211; 1800 778 888 or 1800 212 122 &#8211; asisten\u0163\u0103 \u00een cazuri de viol sau abuz sexual<br \/>\n<strong>AWARE<\/strong> \u2013 01 676 6166 &#8211; Sprijin \u00een cazuri de depresie<br \/>\n<strong>Samaritans<\/strong> &#8211; 1850 609 090 &#8211; Sprijin \u00een cazuri de depresie<br \/>\n<strong>Women\u2019s Aid\u00a0<\/strong>&#8211; 1800 341 900 &#8211; Sprijin \u00een situa\u0163ii de violen\u0163\u0103 domestic<br \/>\n<strong>Protec\u0163ia Copilului &#8211; Tusla\/ Child and Family Agency\u00a0<\/strong>&#8211; www.tusla.ie \/ 01 870 8000<\/p>\n<h5><span style=\"text-decoration: underline;\">Numere de telefon \u00een caz de urgen\u0163e:<\/span><\/h5>\n<p><strong>Poli\u0163ia &#8211; An Garda Siochana\u00a0<\/strong>&#8211; telefon (apel gratuit) 112 sau 999<br \/>\n<strong>Pompieri<\/strong> &#8211; telefon (apel gratuit) 112 sau 999<br \/>\n<strong>Ambulan\u0163\u0103<\/strong> &#8211; telefon (apel gratuit) 112 sau 999<\/p>\n<p><img loading=\"lazy\" decoding=\"async\" class=\"size-full wp-image-1656 alignleft\" src=\"http:\/\/www.romaniancommunity.net\/rci\/wp-content\/uploads\/2015\/04\/dprrpmic.jpg\" alt=\"dprrpmic\" width=\"100\" height=\"56\" \/><br \/>\nGhidul a fost realizat cu sprijinul <a href=\"http:\/\/www.dprp.gov.ro\/\" target=\"_blank\">Departamentului Politici pentru Rela\u0163ia cu Rom\u00e2nii de Pretutindeni<\/a><\/p>\n","protected":false},"excerpt":{"rendered":"<p>Organiza\u0163ia ROMANIAN COMMUNITY OF IRELAND &#8211; RCI 53 Upper Dorset Street, Dublin 1. Website: www.romaniancommunity.net www.tweeter.com\/romcomirl www.facebook.com\/RomanianCommunityOfIreland Email: info@romaniancommunity.net Trustul de Pres\u0103 ACTUALITATEA IRL \u0219i Centrul Cultural Rom\u00e2n Dublin 1, [&hellip;]<\/p>\n","protected":false},"author":7,"featured_media":0,"parent":2,"menu_order":0,"comment_status":"closed","ping_status":"closed","template":"","meta":{"footnotes":""},"class_list":["post-505","page","type-page","status-publish","hentry"],"yoast_head":"<!-- This site is optimized with the Yoast SEO plugin v27.5 - https:\/\/yoast.com\/product\/yoast-seo-wordpress\/ -->\n<title>Organiza\u0163ii de sprijin - Romanian Community of Ireland<\/title>\n<meta name=\"description\" content=\"Organiza\u0163iii de sprijin: ROMANIAN COMMUNITY OF IRELAND - RCI 53 Upper Dorset Street, Dublin 1.Website:www.romaniancommunity.net\" \/>\n<meta name=\"robots\" content=\"index, follow, max-snippet:-1, max-image-preview:large, max-video-preview:-1\" \/>\n<link rel=\"canonical\" href=\"http:\/\/www.romaniancommunity.net\/rci\/ghidul-noului-venit-irlanda\/organizatii-de-sprijin\/\" \/>\n<meta property=\"og:locale\" content=\"en_US\" \/>\n<meta property=\"og:type\" content=\"article\" \/>\n<meta property=\"og:title\" content=\"Organiza\u0163ii de sprijin - Romanian Community of Ireland\" \/>\n<meta property=\"og:description\" content=\"Organiza\u0163iii de sprijin: ROMANIAN COMMUNITY OF IRELAND - RCI 53 Upper Dorset Street, Dublin 1.Website:www.romaniancommunity.net\" \/>\n<meta property=\"og:url\" content=\"http:\/\/www.romaniancommunity.net\/rci\/ghidul-noului-venit-irlanda\/organizatii-de-sprijin\/\" \/>\n<meta property=\"og:site_name\" content=\"Romanian Community of Ireland\" \/>\n<meta property=\"article:publisher\" content=\"https:\/\/www.facebook.com\/RomanianCommunityOfIreland\/\" \/>\n<meta property=\"article:modified_time\" content=\"2016-09-05T12:05:11+00:00\" \/>\n<meta property=\"og:image\" content=\"http:\/\/www.romaniancommunity.net\/rci\/wp-content\/uploads\/2015\/04\/dprrpmic.jpg\" \/>\n<meta name=\"twitter:card\" content=\"summary_large_image\" \/>\n<meta name=\"twitter:label1\" content=\"Est. reading time\" \/>\n\t<meta name=\"twitter:data1\" content=\"2 minutes\" \/>\n<script type=\"application\/ld+json\" class=\"yoast-schema-graph\">{\"@context\":\"https:\\\/\\\/schema.org\",\"@graph\":[{\"@type\":\"WebPage\",\"@id\":\"http:\\\/\\\/www.romaniancommunity.net\\\/rci\\\/ghidul-noului-venit-irlanda\\\/organizatii-de-sprijin\\\/\",\"url\":\"http:\\\/\\\/www.romaniancommunity.net\\\/rci\\\/ghidul-noului-venit-irlanda\\\/organizatii-de-sprijin\\\/\",\"name\":\"Organiza\u0163ii de sprijin - Romanian Community of Ireland\",\"isPartOf\":{\"@id\":\"http:\\\/\\\/www.romaniancommunity.net\\\/rci\\\/#website\"},\"primaryImageOfPage\":{\"@id\":\"http:\\\/\\\/www.romaniancommunity.net\\\/rci\\\/ghidul-noului-venit-irlanda\\\/organizatii-de-sprijin\\\/#primaryimage\"},\"image\":{\"@id\":\"http:\\\/\\\/www.romaniancommunity.net\\\/rci\\\/ghidul-noului-venit-irlanda\\\/organizatii-de-sprijin\\\/#primaryimage\"},\"thumbnailUrl\":\"http:\\\/\\\/www.romaniancommunity.net\\\/rci\\\/wp-content\\\/uploads\\\/2015\\\/04\\\/dprrpmic.jpg\",\"datePublished\":\"2015-05-04T15:08:07+00:00\",\"dateModified\":\"2016-09-05T12:05:11+00:00\",\"description\":\"Organiza\u0163iii de sprijin: ROMANIAN COMMUNITY OF IRELAND - RCI 53 Upper Dorset Street, Dublin 1.Website:www.romaniancommunity.net\",\"breadcrumb\":{\"@id\":\"http:\\\/\\\/www.romaniancommunity.net\\\/rci\\\/ghidul-noului-venit-irlanda\\\/organizatii-de-sprijin\\\/#breadcrumb\"},\"inLanguage\":\"en-US\",\"potentialAction\":[{\"@type\":\"ReadAction\",\"target\":[\"http:\\\/\\\/www.romaniancommunity.net\\\/rci\\\/ghidul-noului-venit-irlanda\\\/organizatii-de-sprijin\\\/\"]}]},{\"@type\":\"ImageObject\",\"inLanguage\":\"en-US\",\"@id\":\"http:\\\/\\\/www.romaniancommunity.net\\\/rci\\\/ghidul-noului-venit-irlanda\\\/organizatii-de-sprijin\\\/#primaryimage\",\"url\":\"http:\\\/\\\/www.romaniancommunity.net\\\/rci\\\/wp-content\\\/uploads\\\/2015\\\/04\\\/dprrpmic.jpg\",\"contentUrl\":\"http:\\\/\\\/www.romaniancommunity.net\\\/rci\\\/wp-content\\\/uploads\\\/2015\\\/04\\\/dprrpmic.jpg\",\"width\":100,\"height\":56},{\"@type\":\"BreadcrumbList\",\"@id\":\"http:\\\/\\\/www.romaniancommunity.net\\\/rci\\\/ghidul-noului-venit-irlanda\\\/organizatii-de-sprijin\\\/#breadcrumb\",\"itemListElement\":[{\"@type\":\"ListItem\",\"position\":1,\"name\":\"Home\",\"item\":\"http:\\\/\\\/www.romaniancommunity.net\\\/rci\\\/\"},{\"@type\":\"ListItem\",\"position\":2,\"name\":\"GHIDUL NOULUI VENIT\",\"item\":\"https:\\\/\\\/www.romaniancommunity.net\\\/rci\\\/ghidul-noului-venit-irlanda\\\/\"},{\"@type\":\"ListItem\",\"position\":3,\"name\":\"Organiza\u0163ii de sprijin\"}]},{\"@type\":\"WebSite\",\"@id\":\"http:\\\/\\\/www.romaniancommunity.net\\\/rci\\\/#website\",\"url\":\"http:\\\/\\\/www.romaniancommunity.net\\\/rci\\\/\",\"name\":\"Romanian Community of Ireland\",\"description\":\"Comunitatea Rom\u00e2nilor din Irlanda\",\"potentialAction\":[{\"@type\":\"SearchAction\",\"target\":{\"@type\":\"EntryPoint\",\"urlTemplate\":\"http:\\\/\\\/www.romaniancommunity.net\\\/rci\\\/?s={search_term_string}\"},\"query-input\":{\"@type\":\"PropertyValueSpecification\",\"valueRequired\":true,\"valueName\":\"search_term_string\"}}],\"inLanguage\":\"en-US\"}]}<\/script>\n<!-- \/ Yoast SEO plugin. -->","yoast_head_json":{"title":"Organiza\u0163ii de sprijin - Romanian Community of Ireland","description":"Organiza\u0163iii de sprijin: ROMANIAN COMMUNITY OF IRELAND - RCI 53 Upper Dorset Street, Dublin 1.Website:www.romaniancommunity.net","robots":{"index":"index","follow":"follow","max-snippet":"max-snippet:-1","max-image-preview":"max-image-preview:large","max-video-preview":"max-video-preview:-1"},"canonical":"http:\/\/www.romaniancommunity.net\/rci\/ghidul-noului-venit-irlanda\/organizatii-de-sprijin\/","og_locale":"en_US","og_type":"article","og_title":"Organiza\u0163ii de sprijin - Romanian Community of Ireland","og_description":"Organiza\u0163iii de sprijin: ROMANIAN COMMUNITY OF IRELAND - RCI 53 Upper Dorset Street, Dublin 1.Website:www.romaniancommunity.net","og_url":"http:\/\/www.romaniancommunity.net\/rci\/ghidul-noului-venit-irlanda\/organizatii-de-sprijin\/","og_site_name":"Romanian Community of Ireland","article_publisher":"https:\/\/www.facebook.com\/RomanianCommunityOfIreland\/","article_modified_time":"2016-09-05T12:05:11+00:00","og_image":[{"url":"http:\/\/www.romaniancommunity.net\/rci\/wp-content\/uploads\/2015\/04\/dprrpmic.jpg","type":"","width":"","height":""}],"twitter_card":"summary_large_image","twitter_misc":{"Est. reading time":"2 minutes"},"schema":{"@context":"https:\/\/schema.org","@graph":[{"@type":"WebPage","@id":"http:\/\/www.romaniancommunity.net\/rci\/ghidul-noului-venit-irlanda\/organizatii-de-sprijin\/","url":"http:\/\/www.romaniancommunity.net\/rci\/ghidul-noului-venit-irlanda\/organizatii-de-sprijin\/","name":"Organiza\u0163ii de sprijin - Romanian Community of Ireland","isPartOf":{"@id":"http:\/\/www.romaniancommunity.net\/rci\/#website"},"primaryImageOfPage":{"@id":"http:\/\/www.romaniancommunity.net\/rci\/ghidul-noului-venit-irlanda\/organizatii-de-sprijin\/#primaryimage"},"image":{"@id":"http:\/\/www.romaniancommunity.net\/rci\/ghidul-noului-venit-irlanda\/organizatii-de-sprijin\/#primaryimage"},"thumbnailUrl":"http:\/\/www.romaniancommunity.net\/rci\/wp-content\/uploads\/2015\/04\/dprrpmic.jpg","datePublished":"2015-05-04T15:08:07+00:00","dateModified":"2016-09-05T12:05:11+00:00","description":"Organiza\u0163iii de sprijin: ROMANIAN COMMUNITY OF IRELAND - RCI 53 Upper Dorset Street, Dublin 1.Website:www.romaniancommunity.net","breadcrumb":{"@id":"http:\/\/www.romaniancommunity.net\/rci\/ghidul-noului-venit-irlanda\/organizatii-de-sprijin\/#breadcrumb"},"inLanguage":"en-US","potentialAction":[{"@type":"ReadAction","target":["http:\/\/www.romaniancommunity.net\/rci\/ghidul-noului-venit-irlanda\/organizatii-de-sprijin\/"]}]},{"@type":"ImageObject","inLanguage":"en-US","@id":"http:\/\/www.romaniancommunity.net\/rci\/ghidul-noului-venit-irlanda\/organizatii-de-sprijin\/#primaryimage","url":"http:\/\/www.romaniancommunity.net\/rci\/wp-content\/uploads\/2015\/04\/dprrpmic.jpg","contentUrl":"http:\/\/www.romaniancommunity.net\/rci\/wp-content\/uploads\/2015\/04\/dprrpmic.jpg","width":100,"height":56},{"@type":"BreadcrumbList","@id":"http:\/\/www.romaniancommunity.net\/rci\/ghidul-noului-venit-irlanda\/organizatii-de-sprijin\/#breadcrumb","itemListElement":[{"@type":"ListItem","position":1,"name":"Home","item":"http:\/\/www.romaniancommunity.net\/rci\/"},{"@type":"ListItem","position":2,"name":"GHIDUL NOULUI VENIT","item":"https:\/\/www.romaniancommunity.net\/rci\/ghidul-noului-venit-irlanda\/"},{"@type":"ListItem","position":3,"name":"Organiza\u0163ii de sprijin"}]},{"@type":"WebSite","@id":"http:\/\/www.romaniancommunity.net\/rci\/#website","url":"http:\/\/www.romaniancommunity.net\/rci\/","name":"Romanian Community of Ireland","description":"Comunitatea Rom\u00e2nilor din Irlanda","potentialAction":[{"@type":"SearchAction","target":{"@type":"EntryPoint","urlTemplate":"http:\/\/www.romaniancommunity.net\/rci\/?s={search_term_string}"},"query-input":{"@type":"PropertyValueSpecification","valueRequired":true,"valueName":"search_term_string"}}],"inLanguage":"en-US"}]}},"_links":{"self":[{"href":"http:\/\/www.romaniancommunity.net\/rci\/wp-json\/wp\/v2\/pages\/505","targetHints":{"allow":["GET"]}}],"collection":[{"href":"http:\/\/www.romaniancommunity.net\/rci\/wp-json\/wp\/v2\/pages"}],"about":[{"href":"http:\/\/www.romaniancommunity.net\/rci\/wp-json\/wp\/v2\/types\/page"}],"author":[{"embeddable":true,"href":"http:\/\/www.romaniancommunity.net\/rci\/wp-json\/wp\/v2\/users\/7"}],"replies":[{"embeddable":true,"href":"http:\/\/www.romaniancommunity.net\/rci\/wp-json\/wp\/v2\/comments?post=505"}],"version-history":[{"count":12,"href":"http:\/\/www.romaniancommunity.net\/rci\/wp-json\/wp\/v2\/pages\/505\/revisions"}],"predecessor-version":[{"id":2057,"href":"http:\/\/www.romaniancommunity.net\/rci\/wp-json\/wp\/v2\/pages\/505\/revisions\/2057"}],"up":[{"embeddable":true,"href":"http:\/\/www.romaniancommunity.net\/rci\/wp-json\/wp\/v2\/pages\/2"}],"wp:attachment":[{"href":"http:\/\/www.romaniancommunity.net\/rci\/wp-json\/wp\/v2\/media?parent=505"}],"curies":[{"name":"wp","href":"https:\/\/api.w.org\/{rel}","templated":true}]}}