{"id":46,"date":"2015-04-16T10:19:18","date_gmt":"2015-04-16T10:19:18","guid":{"rendered":"http:\/\/www.romaniancommunity.net\/rci\/?page_id=46"},"modified":"2016-09-05T13:07:56","modified_gmt":"2016-09-05T13:07:56","slug":"actiuni-umanitare","status":"publish","type":"page","link":"http:\/\/www.romaniancommunity.net\/rci\/servicii-rci\/actiuni-umanitare\/","title":{"rendered":"Ac\u0163iuni umanitare"},"content":{"rendered":"<p style=\"text-align: justify;\">Pentru a putea sprijini c\u00e2t mai eficient apelurile umanitare ale comunit\u0103\u0163ii rom\u00e2ne\u015fti din Irlanda, Romanian Community of Ireland a deschis un cont bancar dedicat special pentru ac\u0163iuni umanitare\u00a0de urgen\u0163\u0103. A fost necesar s\u0103 fie creat\u0103 aceast\u0103 facilitate \u00eentruc\u00e2t mul\u0163i dintre cei care ar fi dorit s\u0103 fac\u0103 o dona\u0163ie nu au avut posibilitatea s\u0103 se deplaseze \u00een ora\u015ful \u00een care se afl\u0103 familia aflat\u0103 \u00een nevoie. Pentru o mai mare transparen\u0163\u0103, preciz\u0103m c\u0103 balan\u0163a acestui cont bancar este momentan \u20ac0.<\/p>\n<p style=\"text-align: justify;\">Atunci c\u00e2nd ni se aduce la cuno\u015ftin\u0163\u0103 un caz umanitar, cei dornici s\u0103 contribuie financiar pot contacta organiza\u021bia RCI pentru a face un transfer bancar \u00een Contul RCI de urgen\u0163e. Pentru a retrage fondurile depuse \u00een acest cont este nevoie de deplasarea la filiala Bank of Ireland din O\u2019Connell Street, Dublin 1 a doi dintre membrii Comitetului RCI \u015fi un membru al familei care a solicitat ajutorul. To\u0163i banii depu\u015fi p\u00e2n\u0103 la data respectiv\u0103 vor fi \u00eenm\u00e2na\u0163i membrului de familie, al\u0103turi de un extras de cont curent, balan\u0163a contului r\u0103m\u00e2n\u00e2nd din nou \u20ac0.<\/p>\n<p style=\"text-align: justify;\"><b>Detaliile contului RCI pentru situa\u0163ii de urgen\u0163e: <\/b><\/p>\n<p style=\"text-align: justify;\">Account Name: Romanian Community of Ireland<br \/>\nAccount Number: <strong>238 621 13<\/strong><br \/>\nBranch Code: <strong>90-00-33<\/strong><br \/>\nBIC: <strong>BOFIIE2D<\/strong><br \/>\nIBAN: <strong>IE35 BOFI 9000 3323 8621 13<\/strong><br \/>\n<strong>Bank of Ireland \u2013 O\u2019Connell Street, Dublin 1, Ireland<\/strong><\/p>\n<p style=\"text-align: justify;\">Detalii suplimentare pute\u0163i ob\u0163ine trimi\u0163\u00e2nd un email la: info@romaniancommunity.net<br \/>\nBalan\u0163\u0103 curent\u0103: \u20ac0<\/p>\n<h4 style=\"text-align: justify;\">Ac\u0163iuni umanitare \u00eentreprinse de Romanian Community of Ireland:<\/h4>\n<div class=\"clear hrule\" style=\"text-align: justify;\"><b style=\"line-height: 1.5em;\">30 noiembrie 2014<\/b><\/div>\n<p style=\"text-align: justify;\"><b>RCI, BD Connects \u0219i Centrul De Excelen\u021b\u0103 \u00een Promovarea Creativit\u0103\u021bii Rom\u00e2ne\u0219ti de la Dublin vin \u00een sprijinul unui t\u00e2n\u0103r scriitor<\/b><\/p>\n<p style=\"text-align: justify;\">Sebastian Cr\u0103ciun este un scriitor talentat. Sebastian Cr\u0103ciun este totodat\u0103 un b\u0103ie\u021bel de 11 ani lovit de o tetraparez\u0103 spastic\u0103. Scrie pove\u0219ti pentru a \u00eenvinge boala, pentru a str\u00e2nge fondurile necesare pentru opera\u021bii \u0219i recuperare.<\/p>\n<p style=\"text-align: justify;\">\u00cen cadrul Recep\u021biei organizate de Ziua Na\u021bional\u0103, pe 30 noiembrie la Red Cow Moran Hotel, organiza\u021bia Romanian Community of Ireland a sprijinit ini\u021biativa organiza\u021biei BD Connect \u0219i a organizat un stand de carte cu v\u00e2nzare. To\u021bi banii str\u00e2n\u0219i, \u00een total suma de 235 Euro au fost dona\u021bi de c\u0103tre BD Connect lui Seby \u0219i familei lui.<\/p>\n<p style=\"text-align: justify;\">Suntem recunosc\u0103tori Centrului De Excelen\u021b\u0103 \u00een Promovarea Creativit\u0103\u021bii Rom\u00e2ne\u0219ti &#8211; Dublin \u0219i Editurii Singur (Cluj) pentru c\u0103r\u021bile donate spre v\u00e2nzare.<\/p>\n<p style=\"text-align: justify;\">Cei\u00a0 care doresc \u00een continuare s\u0103 \u00eel sprijine pe Seby, pot face dona\u021bii direct \u00een contul bancar al familiei Cr\u0103ciun:<\/p>\n<p style=\"text-align: justify;\">Detalli cont: cont\u00a0\u00a0 RO78RZBR0000060016582400<br \/>\n<span style=\"line-height: 1.5em;\">SWIFT\u00a0\u00a0\u00a0\u00a0\u00a0\u00a0 RZBRROBU<br \/>\n<\/span>Adresa: Calea Transilvaniei nr. 13-15, parter, C\u00e2mpulung Moldovenesc, Jude\u021bul Suceava<br \/>\nNumele: Cr\u0103ciun Ancu\u021ba Iuliana.<\/p>\n<div class=\"clear hrule\" style=\"text-align: justify;\"><\/div>\n<p style=\"text-align: justify;\"><b style=\"line-height: 1.5em;\">15 septembrie 2014<br \/>\n<\/b><b>ANUN\u021a UMANITAR!\u00a0<\/b><\/p>\n<p style=\"text-align: justify;\">Am primit o veste trist\u0103 ast\u0103zi. Domnul Dan Teodor Daniel (tel 087 289 8265) ne-a contactat \u0219i ne-a cerut ajutorul pentru conduce pe un ultim drum, spre Rom\u00e2nia, trupul ne\u00eensufle\u021bit al so\u021biei sale, Ana Rodica Dan. Doamna Ana Rodica Dan a trecut in nefiin\u021b\u0103 dup\u0103 o lung\u0103 b\u0103t\u0103lie \u00eempotriva cancerului.<\/p>\n<p style=\"text-align: justify;\">Suntem al\u0103turi de familia \u00eendoliat\u0103 \u0219i le transmitem condolean\u021bele noastre sincere!<\/p>\n<p style=\"text-align: justify;\">Costurile repatrierii \u0219i ale \u00eenmorm\u00e2nt\u0103rii trec de suma de 3500 Euro, iar familia d\u00e2nsului are mare nevoie de spijin financiar. Haide\u021bi s\u0103 d\u0103m dovad\u0103 de solidaritate \u0219i s\u0103 \u00eencerc\u0103m, fiecare dup\u0103 putere, s\u0103 \u00eei spijinim financiar! Orice dona\u021bie, c\u00e2t de mic\u0103, este foarte binevenit\u0103 \u0219i mult apreciat\u0103.<\/p>\n<p style=\"text-align: justify;\">Cei care doresc s\u0103 sprijine aceast\u0103 familie, \u00eel pot contacta direct pe dl Dan Teodor Daniel sau pot face o dona\u021bie \u00een contul de urgen\u021be al organiza\u021biei Romanian Community of Ireland:<\/p>\n<p style=\"text-align: justify;\">Account Number: 2386 2113<br \/>\nSort Code: 900 033<br \/>\nIBAN: IE 35 BOFI 9000 3323 862 113<br \/>\nBIC: BOFIIE 2DXXX<br \/>\nBank of Ireland, O&#8217;Connell St, Dublin 1.<\/p>\n<p style=\"text-align: justify;\"><span style=\"line-height: 1.5em;\">V\u0103 mul\u021bumim.<br \/>\n<\/span>Echipa Romanian Community of Ireland<\/p>\n<div class=\"clear hrule\" style=\"text-align: justify;\"><\/div>\n<p style=\"text-align: justify;\"><b style=\"line-height: 1.5em;\">3 iunie 2014<br \/>\n<\/b><a href=\"https:\/\/www.facebook.com\/RomanianCommunityOfIreland\"><b>Romanian Community of Ireland<\/b><\/a><b> la <\/b><a href=\"https:\/\/www.facebook.com\/VhiWomensMiniMarathon\"><b>Flora Women&#8217;s Mini Marathon<\/b><\/a><\/p>\n<p style=\"text-align: justify;\">Flora Women\u2019s Mini Marathon\u00a0 este cel mai mare eveniment de gen din lume, organizat doar pentru femei. Este un maraton caritabil ce se desf\u0103\u0219oar\u0103 \u00een fiecare an \u00een Dublin, \u00een fiecare prim\u0103 zi de luni a lunii iunie. Dac\u0103 \u00een 1983 a pornit cu 9.000 de participante, pe un traseu de 1.5 km, ast\u0103zi maratonul a ajuns la un num\u0103r de 40.000 de participante \u0219i se desf\u0103\u0219oar\u0103 pe o distan\u021b\u0103 de 10 km. \u00censcrierile pentru acest an s-au f\u0103cut \u00eenc\u0103 din luna martie.<\/p>\n<p style=\"text-align: justify;\">Este un maraton al femeilor, al s\u0103n\u0103t\u0103\u021bii, al carit\u0103\u021bii, dar \u0219i al distrac\u021biei, bifat \u00een calendarul de evenimente irlandez. De mul\u021bi ani deja, Flora Marathon a devenit un eveniment de la care fetele din echipa\u00a0 RCI nu lipsesc.<\/p>\n<p style=\"text-align: justify;\">In 2014 echipa RCI a fost reprezentat\u0103 de Anca Lupu, Daniela Jurj, Mirela Manea, Diana Nistor \u015fi Elena Saygo Dumitrache.<\/p>\n<div class=\"clear hrule\" style=\"text-align: justify;\"><\/div>\n<p style=\"text-align: justify;\"><b>8 martie 2014<br \/>\nAc\u0163iuni umanitare:\u00a0<\/b><b>Dona\u021bie pentru cazul umanitar semnalat de Daniel Buzdugan\u00a0<\/b><\/p>\n<p style=\"text-align: justify;\"><span style=\"line-height: 1.5em;\">Ziua Interna\u021bional\u0103 a Femeii este o s\u0103rb\u0103toare mult a\u0219teptat\u0103 de doamne \u0219i domni\u0219oare.<\/span><\/p>\n<p style=\"text-align: justify;\">Romanian Community of Ireland (RCI ) a ajuns la cea de-a 6-a edi\u021bie de c\u00e2nd s\u0103rb\u0103tore\u0219te Ziua Interna\u021bional\u0103 a Femeii, un eveniment la care au participat nu mai pu\u021bin de 350 de doamne \u0219i domni\u0219oare. Evenimentul a avut loc la Crowne Plaza Blanchardstown, \u00eencep\u00e2nd cu orele 18:00.<\/p>\n<p style=\"text-align: justify;\">Anca Lupu, pre\u0219edintele RCI \u00eempreun\u0103 cu Daniel Buzdugan (entertainer la Radio Zu, Rom\u00e2nia) au deschis petrecerea, iar oaspe\u021bii no\u0219trii de seam\u0103 (Doamna Ambasador Manuela Breazu, Doamna Joan Burton, Ministrul pentru Protec\u021bia Social\u0103, Doamna Mary McCamley, consilier \u0219i Doamna Ionela Prodan, Reprezentant pentru Rom\u00e2nii de Pretutindeni din cadrul Ministerului Afacerilor Externe, Doamna Alina Pop, Prim Secretar, Ambasada Rom\u00e2niei \u0219i Doamna Silvana Ghimici, Consulul Rom\u00e2niei \u00een Irlanda) au adresat c\u00e2teva cuvine de bun venit doamnelor \u0219i domni\u0219oarelor. Dorim s\u0103 le mul\u021bumim pe aceast\u0103 cale \u0219i s\u0103 le transmitem c\u0103 suntem onora\u021bi c\u0103 i-am avut printre noi \u0219i \u00eei a\u0219tept\u0103m \u0219i cu alte ocazii la evenimentele organizate de noi.<\/p>\n<p style=\"text-align: justify;\">Andreea Goja a dat tonul la distrac\u021bie, iar Dj Ovidiu \u0219i Daniel Buzdugan au f\u0103cut atmosfer\u0103 pe tot parcursul serii, (p\u00e2n\u0103 la or\u0103 1.30) . De asemenea, am avut pl\u0103cerea de a o auzi c\u00e2nt\u00e2nd \u0219i pe distins\u0103 doamn\u0103 Ionela Prodan, care ne-a bucurat cu o parte din repertoriul personal.<\/p>\n<p style=\"text-align: justify;\">Tombola de anul acesta a fost foarte bogat\u0103 \u0219i a num\u0103rat mai mult de 20 de premii.<\/p>\n<p style=\"text-align: justify;\">La aceast\u0103 tombol\u0103 s-au str\u00e2ns 500 de Euro care i-au fost \u00eenm\u00e2na\u021bi lui Daniel Buzdugan pentru un caz umanitar semnalat \u00een emisiunea proprie. Este vorba de o mam\u0103 singur\u0103, cu 4 copii, aflat\u0103 momentan \u00eentr-o situa\u021bie limit\u0103. Aducem mul\u021bumiri sincere pe acesta cale tuturor participantelor pentru generozitatea ar\u0103tat\u0103.<\/p>\n<p style=\"text-align: justify;\">La mul\u021bi ani tuturor doamnelor \u0219i domnisorelor care au serbat al\u0103turi de noi Ziua Femeii!\u00a0 V\u0103 a\u0219tept\u0103m s\u0103 fi\u021bi al\u0103turi de noi \u0219i la urm\u0103toarele evenimente pe care le vom organiza!<\/p>\n<div class=\"clear hrule\" style=\"text-align: justify;\"><\/div>\n<p style=\"text-align: justify;\"><b style=\"line-height: 1.5em;\">2 Decembrie 2013<br \/>\n<\/b><b>Ac\u0163iuni umanitare: Anun\u021b umanitar venit de la Media Ros\u00a0<\/b><\/p>\n<p style=\"text-align: justify;\">Facem apel la dvs pentru repatrierea unui cona\u021bional rom\u00e2n, Florin Vasile Lunca, de 32 de ani, care a decedat luni 25 noiembrie 2013 la JCM Hospital \u00een Blanchardstown. <b><\/b><\/p>\n<p style=\"text-align: justify;\">Florin a crescut la orfelinat \u0219i a locuit pe str\u0103zi \u00een Rom\u00e2nia de la 11 ani, provenind dintr-o familie cu o situa\u021bie social\u0103 precar\u0103 \u0219i fiind des supus violen\u021bei fizice. Fiind prieten cu un b\u0103iat rom\u00e2n \u00eenfiat de c\u0103tre o persoan\u0103 irlandez\u0103 c\u0103s\u0103torit\u0103 cu un cet\u0103\u021bean rom\u00e2n, care locuiesc \u00een Blanchardstown, a ajuns \u00eentr-o scurt\u0103 vizit\u0103 \u00een Irlanda \u00een urm\u0103 cu 6 s\u0103pt\u0103m\u00e2ni f\u0103r\u0103 a avea resurse financiare, la invita\u021bia prietenului s\u0103u \u00eenfiat. A decedat la scurt timp dup\u0103 prezentarea la spitalul \u00een Blanchardstown.<\/p>\n<p style=\"text-align: justify;\">Acum se cere ajutorul rom\u00e2nilor din Irlanda s\u0103 intervenim pentru a ajuta la acoperirea costurilor de repatriere a trupului lui Florin, \u00eensum\u00e2nd aproape 2300 Euro. Florin a fost deja \u00eenmorm\u00e2ntat s\u00e2mb\u0103t\u0103 la B\u0103icoi \u00een Rom\u00e2nia.<\/p>\n<p style=\"text-align: justify;\">Firma de pompe funebre a acceptat ca plata s\u0103 se poate face \u00eentr-un interval de timp rezonabil.<\/p>\n<p style=\"text-align: justify;\"><span style=\"text-decoration: underline;\">Detaliile unde se adun\u0103 dona\u021biile sunt urm\u0103toarele:<\/span><br \/>\nAccount Name: Romanian Community of Ireland<br \/>\n<span style=\"line-height: 1.5em;\">Account Number: 23862113<br \/>\n<\/span>Branch Code: 90-00-33<br \/>\nBIC: BOFIIE2D<br \/>\nIBAN: IE35 BOFI 9000 3323 8621 13<br \/>\nBank of Ireland &#8211; O&#8217;Connell Street, Dublin 1, Ireland<\/p>\n<p style=\"text-align: justify;\">Cu respect,<br \/>\nVasile Ro\u0219<br \/>\n085 730 6357<\/p>\n<div class=\"clear hrule\" style=\"text-align: justify;\"><\/div>\n<p style=\"text-align: justify;\"><b style=\"line-height: 1.5em;\">17 februarie 2013<br \/>\nAc\u0163iuni umanitare:\u00a0<\/b><b>Ni s-a adus la cuno\u015ftin\u0163\u0103 un caz umanitar care are nevoie din nou de NOI!!<\/b><\/p>\n<p style=\"text-align: justify;\">Doamna Diana Harsani\u00a0 a trimis spre aten\u021bia organiza\u0163iei RCI urm\u0103torul apel umanitar:<\/p>\n<p style=\"text-align: justify;\">Petronela Butnaru are nevoie de suportul nostru moral, dar \u015fi financiar \u00een aceste clipe grele c\u00e2nd se lupt\u0103 cu durerea \u015fi formalit\u0103\u0163ile pentru a repatria corpul ne\u00eensufle\u0163it al so\u0163ului ei Iosif Butnaru, Sifu cum \u00eel \u015ftiau cei apropia\u0163i, care a decedat vineri, 15 februarie 2013, \u00een urma unui atac cerebral.<\/p>\n<p style=\"text-align: justify;\">Iosif Butnaru a venit \u00een Irlanda \u00een ianuarie 2013 la finii lui, Daniel \u015fi Ramona Trefas, cu g\u00e2ndul de a munci c\u00e2teva luni \u015fi apoi s\u0103 se \u00eentoarc\u0103 \u00een Rom\u00e2nia la familia lui, Petronela so\u0163ia \u015fi cei doi copila\u015fi, un b\u0103ie\u0163el doar de 8 luni \u015fi o feti\u0163\u0103 de 6 ani.<\/p>\n<p style=\"text-align: justify;\">To\u0163i cei cu bun\u0103 credin\u0163\u0103 \u015fi spirit de solidaritate, s\u0103 o ajut\u0103m pe Petronela Butnaru care are cea mai mare nevoie de suport financiar pentru acest caz sf\u00e2\u015fietor.<\/p>\n<p style=\"text-align: justify;\">Cei care vor s\u0103 ajute sunt ruga\u0163i s\u0103 \u00eel contacteze pe Daniel Trefas la nr. de tel 087 328 0625.<span style=\"line-height: 1.5em;\">\u00a0<\/span><\/p>\n<div class=\"clear hrule\" style=\"text-align: justify;\"><\/div>\n<p style=\"text-align: justify;\"><b>15 martie 2012<br \/>\nAc\u0163iuni umanitare:\u00a0<\/b><b>RCI adun\u0103 fonduri de binefacere la evenimentul organizat de Ziua Femeii\u00a0<\/b><\/p>\n<p style=\"text-align: justify;\">La petrecerea de Ziua Femeii organizat\u0103 de RCI, la Crowne Plaza Hotel Blanchardstown, echipa de voluntari RCI, a prezentat cazul unui b\u0103ie\u021bel, pe nume Michael, n\u0103scut \u00een Irlanda. P\u0103rin\u0163ii lui provin din Republica Moldova. Michael sufer\u0103 de o boal\u0103 crunt\u0103 care l-a imobilizat \u00een c\u0103ruciorul cu rotile.<\/p>\n<p style=\"text-align: justify;\">Michael are nevoie urgent de 60.000 de Euro pentru o opera\u021bie \u0219i fizioterapie \u00een Statele Unite.<\/p>\n<p style=\"text-align: justify;\">\u00cen seara petrecerii de 8 martie, RCI a reu\u0219it s\u0103 str\u00e2ngo suma de 356 de Euro. Mul\u021bumim tuturor doamnelor care au donat bani pentru acest caz \u0219i \u00een special doamnei Cristina Ungureanu pentru bun\u0103voin\u021ba aratat\u0103.<\/p>\n<p style=\"text-align: justify;\">Mai multe detalii despre acest caz aici:\u00a0<a href=\"http:\/\/www.independent.ie\/national-n...k-3032192.html\" target=\"_blank\">http:\/\/www.independent.ie\/national-n&#8230;k-3032192.html<br \/>\n<\/a>Facebook: Michael&#8217;s Hope for Independence<\/p>\n<p style=\"text-align: justify;\"><strong><span style=\"line-height: 1.5em;\">Alte ac\u0163iuni umanitare pentru care s-au str\u00e2ns bani \u00een cadrul comunit\u0103\u0163ii rom\u00e2ne\u015fti:<\/span><\/strong><\/p>\n<p style=\"text-align: justify;\"><span style=\"line-height: 1.5em;\">\u20ac \u00a0200 \u2013 Anca Munte Pop (2013)<br \/>\n<\/span>\u20ac 3285 \u2013 C\u0103t\u0103lin Costel Cre\u0163u \u2013 ucis \u00een Cavan (septembrie 2012)<br \/>\n\u20ac 2900\u00a0\u2013 Cazul lui Marcel St\u00e2nga (Iulie 2011)<br \/>\n\u20ac 2700\u00a0\u2013\u00a0Cazul Eugeniei Bratis, ucis\u0103 \u00een Phoenix Park, Dublin (2009)<\/p>\n","protected":false},"excerpt":{"rendered":"<p>Pentru a putea sprijini c\u00e2t mai eficient apelurile umanitare ale comunit\u0103\u0163ii rom\u00e2ne\u015fti din Irlanda, Romanian Community of Ireland a deschis un cont bancar dedicat special pentru ac\u0163iuni umanitare\u00a0de urgen\u0163\u0103. A [&hellip;]<\/p>\n","protected":false},"author":7,"featured_media":2343,"parent":28,"menu_order":0,"comment_status":"closed","ping_status":"closed","template":"","meta":{"footnotes":""},"class_list":["post-46","page","type-page","status-publish","has-post-thumbnail","hentry"],"yoast_head":"<!-- This site is optimized with the Yoast SEO plugin v27.4 - https:\/\/yoast.com\/product\/yoast-seo-wordpress\/ -->\n<title>Ac\u0163iuni umanitare - Romanian Community of Ireland<\/title>\n<meta name=\"description\" content=\"Pentru a putea sprijini c\u00e2t mai eficient apelurile umanitare, RCI a deschis un cont bancar dedicat special pentru ac\u0163iuni umanitare de urgen\u0163\u0103.\" \/>\n<meta name=\"robots\" content=\"index, follow, max-snippet:-1, max-image-preview:large, max-video-preview:-1\" \/>\n<link rel=\"canonical\" href=\"https:\/\/www.romaniancommunity.net\/rci\/servicii-rci\/actiuni-umanitare\/\" \/>\n<meta property=\"og:locale\" content=\"en_US\" \/>\n<meta property=\"og:type\" content=\"article\" \/>\n<meta property=\"og:title\" content=\"Ac\u0163iuni umanitare - Romanian Community of Ireland\" \/>\n<meta property=\"og:description\" content=\"Pentru a putea sprijini c\u00e2t mai eficient apelurile umanitare, RCI a deschis un cont bancar dedicat special pentru ac\u0163iuni umanitare de urgen\u0163\u0103.\" \/>\n<meta property=\"og:url\" content=\"https:\/\/www.romaniancommunity.net\/rci\/servicii-rci\/actiuni-umanitare\/\" \/>\n<meta property=\"og:site_name\" content=\"Romanian Community of Ireland\" \/>\n<meta property=\"article:publisher\" content=\"https:\/\/www.facebook.com\/RomanianCommunityOfIreland\/\" \/>\n<meta property=\"article:modified_time\" content=\"2016-09-05T13:07:56+00:00\" \/>\n<meta property=\"og:image\" content=\"https:\/\/www.romaniancommunity.net\/rci\/wp-content\/uploads\/2016\/05\/13227835_1208782239155177_6401575934875096704_o.jpg\" \/>\n\t<meta property=\"og:image:width\" content=\"1224\" \/>\n\t<meta property=\"og:image:height\" content=\"816\" \/>\n\t<meta property=\"og:image:type\" content=\"image\/jpeg\" \/>\n<meta name=\"twitter:card\" content=\"summary_large_image\" \/>\n<meta name=\"twitter:label1\" content=\"Est. reading time\" \/>\n\t<meta name=\"twitter:data1\" content=\"9 minutes\" \/>\n<script type=\"application\/ld+json\" class=\"yoast-schema-graph\">{\"@context\":\"https:\\\/\\\/schema.org\",\"@graph\":[{\"@type\":\"WebPage\",\"@id\":\"https:\\\/\\\/www.romaniancommunity.net\\\/rci\\\/servicii-rci\\\/actiuni-umanitare\\\/\",\"url\":\"https:\\\/\\\/www.romaniancommunity.net\\\/rci\\\/servicii-rci\\\/actiuni-umanitare\\\/\",\"name\":\"Ac\u0163iuni umanitare - Romanian Community of Ireland\",\"isPartOf\":{\"@id\":\"http:\\\/\\\/www.romaniancommunity.net\\\/rci\\\/#website\"},\"primaryImageOfPage\":{\"@id\":\"https:\\\/\\\/www.romaniancommunity.net\\\/rci\\\/servicii-rci\\\/actiuni-umanitare\\\/#primaryimage\"},\"image\":{\"@id\":\"https:\\\/\\\/www.romaniancommunity.net\\\/rci\\\/servicii-rci\\\/actiuni-umanitare\\\/#primaryimage\"},\"thumbnailUrl\":\"http:\\\/\\\/www.romaniancommunity.net\\\/rci\\\/wp-content\\\/uploads\\\/2016\\\/05\\\/13227835_1208782239155177_6401575934875096704_o.jpg\",\"datePublished\":\"2015-04-16T10:19:18+00:00\",\"dateModified\":\"2016-09-05T13:07:56+00:00\",\"description\":\"Pentru a putea sprijini c\u00e2t mai eficient apelurile umanitare, RCI a deschis un cont bancar dedicat special pentru ac\u0163iuni umanitare de urgen\u0163\u0103.\",\"breadcrumb\":{\"@id\":\"https:\\\/\\\/www.romaniancommunity.net\\\/rci\\\/servicii-rci\\\/actiuni-umanitare\\\/#breadcrumb\"},\"inLanguage\":\"en-US\",\"potentialAction\":[{\"@type\":\"ReadAction\",\"target\":[\"https:\\\/\\\/www.romaniancommunity.net\\\/rci\\\/servicii-rci\\\/actiuni-umanitare\\\/\"]}]},{\"@type\":\"ImageObject\",\"inLanguage\":\"en-US\",\"@id\":\"https:\\\/\\\/www.romaniancommunity.net\\\/rci\\\/servicii-rci\\\/actiuni-umanitare\\\/#primaryimage\",\"url\":\"http:\\\/\\\/www.romaniancommunity.net\\\/rci\\\/wp-content\\\/uploads\\\/2016\\\/05\\\/13227835_1208782239155177_6401575934875096704_o.jpg\",\"contentUrl\":\"http:\\\/\\\/www.romaniancommunity.net\\\/rci\\\/wp-content\\\/uploads\\\/2016\\\/05\\\/13227835_1208782239155177_6401575934875096704_o.jpg\",\"width\":1224,\"height\":816,\"caption\":\"Ac\u0163iuni umanitare\"},{\"@type\":\"BreadcrumbList\",\"@id\":\"https:\\\/\\\/www.romaniancommunity.net\\\/rci\\\/servicii-rci\\\/actiuni-umanitare\\\/#breadcrumb\",\"itemListElement\":[{\"@type\":\"ListItem\",\"position\":1,\"name\":\"Home\",\"item\":\"http:\\\/\\\/www.romaniancommunity.net\\\/rci\\\/\"},{\"@type\":\"ListItem\",\"position\":2,\"name\":\"SERVICII\",\"item\":\"https:\\\/\\\/www.romaniancommunity.net\\\/rci\\\/servicii-rci\\\/\"},{\"@type\":\"ListItem\",\"position\":3,\"name\":\"Ac\u0163iuni umanitare\"}]},{\"@type\":\"WebSite\",\"@id\":\"http:\\\/\\\/www.romaniancommunity.net\\\/rci\\\/#website\",\"url\":\"http:\\\/\\\/www.romaniancommunity.net\\\/rci\\\/\",\"name\":\"Romanian Community of Ireland\",\"description\":\"Comunitatea Rom\u00e2nilor din Irlanda\",\"potentialAction\":[{\"@type\":\"SearchAction\",\"target\":{\"@type\":\"EntryPoint\",\"urlTemplate\":\"http:\\\/\\\/www.romaniancommunity.net\\\/rci\\\/?s={search_term_string}\"},\"query-input\":{\"@type\":\"PropertyValueSpecification\",\"valueRequired\":true,\"valueName\":\"search_term_string\"}}],\"inLanguage\":\"en-US\"}]}<\/script>\n<!-- \/ Yoast SEO plugin. -->","yoast_head_json":{"title":"Ac\u0163iuni umanitare - Romanian Community of Ireland","description":"Pentru a putea sprijini c\u00e2t mai eficient apelurile umanitare, RCI a deschis un cont bancar dedicat special pentru ac\u0163iuni umanitare de urgen\u0163\u0103.","robots":{"index":"index","follow":"follow","max-snippet":"max-snippet:-1","max-image-preview":"max-image-preview:large","max-video-preview":"max-video-preview:-1"},"canonical":"https:\/\/www.romaniancommunity.net\/rci\/servicii-rci\/actiuni-umanitare\/","og_locale":"en_US","og_type":"article","og_title":"Ac\u0163iuni umanitare - Romanian Community of Ireland","og_description":"Pentru a putea sprijini c\u00e2t mai eficient apelurile umanitare, RCI a deschis un cont bancar dedicat special pentru ac\u0163iuni umanitare de urgen\u0163\u0103.","og_url":"https:\/\/www.romaniancommunity.net\/rci\/servicii-rci\/actiuni-umanitare\/","og_site_name":"Romanian Community of Ireland","article_publisher":"https:\/\/www.facebook.com\/RomanianCommunityOfIreland\/","article_modified_time":"2016-09-05T13:07:56+00:00","og_image":[{"width":1224,"height":816,"url":"https:\/\/www.romaniancommunity.net\/rci\/wp-content\/uploads\/2016\/05\/13227835_1208782239155177_6401575934875096704_o.jpg","type":"image\/jpeg"}],"twitter_card":"summary_large_image","twitter_misc":{"Est. reading time":"9 minutes"},"schema":{"@context":"https:\/\/schema.org","@graph":[{"@type":"WebPage","@id":"https:\/\/www.romaniancommunity.net\/rci\/servicii-rci\/actiuni-umanitare\/","url":"https:\/\/www.romaniancommunity.net\/rci\/servicii-rci\/actiuni-umanitare\/","name":"Ac\u0163iuni umanitare - Romanian Community of Ireland","isPartOf":{"@id":"http:\/\/www.romaniancommunity.net\/rci\/#website"},"primaryImageOfPage":{"@id":"https:\/\/www.romaniancommunity.net\/rci\/servicii-rci\/actiuni-umanitare\/#primaryimage"},"image":{"@id":"https:\/\/www.romaniancommunity.net\/rci\/servicii-rci\/actiuni-umanitare\/#primaryimage"},"thumbnailUrl":"http:\/\/www.romaniancommunity.net\/rci\/wp-content\/uploads\/2016\/05\/13227835_1208782239155177_6401575934875096704_o.jpg","datePublished":"2015-04-16T10:19:18+00:00","dateModified":"2016-09-05T13:07:56+00:00","description":"Pentru a putea sprijini c\u00e2t mai eficient apelurile umanitare, RCI a deschis un cont bancar dedicat special pentru ac\u0163iuni umanitare de urgen\u0163\u0103.","breadcrumb":{"@id":"https:\/\/www.romaniancommunity.net\/rci\/servicii-rci\/actiuni-umanitare\/#breadcrumb"},"inLanguage":"en-US","potentialAction":[{"@type":"ReadAction","target":["https:\/\/www.romaniancommunity.net\/rci\/servicii-rci\/actiuni-umanitare\/"]}]},{"@type":"ImageObject","inLanguage":"en-US","@id":"https:\/\/www.romaniancommunity.net\/rci\/servicii-rci\/actiuni-umanitare\/#primaryimage","url":"http:\/\/www.romaniancommunity.net\/rci\/wp-content\/uploads\/2016\/05\/13227835_1208782239155177_6401575934875096704_o.jpg","contentUrl":"http:\/\/www.romaniancommunity.net\/rci\/wp-content\/uploads\/2016\/05\/13227835_1208782239155177_6401575934875096704_o.jpg","width":1224,"height":816,"caption":"Ac\u0163iuni umanitare"},{"@type":"BreadcrumbList","@id":"https:\/\/www.romaniancommunity.net\/rci\/servicii-rci\/actiuni-umanitare\/#breadcrumb","itemListElement":[{"@type":"ListItem","position":1,"name":"Home","item":"http:\/\/www.romaniancommunity.net\/rci\/"},{"@type":"ListItem","position":2,"name":"SERVICII","item":"https:\/\/www.romaniancommunity.net\/rci\/servicii-rci\/"},{"@type":"ListItem","position":3,"name":"Ac\u0163iuni umanitare"}]},{"@type":"WebSite","@id":"http:\/\/www.romaniancommunity.net\/rci\/#website","url":"http:\/\/www.romaniancommunity.net\/rci\/","name":"Romanian Community of Ireland","description":"Comunitatea Rom\u00e2nilor din Irlanda","potentialAction":[{"@type":"SearchAction","target":{"@type":"EntryPoint","urlTemplate":"http:\/\/www.romaniancommunity.net\/rci\/?s={search_term_string}"},"query-input":{"@type":"PropertyValueSpecification","valueRequired":true,"valueName":"search_term_string"}}],"inLanguage":"en-US"}]}},"_links":{"self":[{"href":"http:\/\/www.romaniancommunity.net\/rci\/wp-json\/wp\/v2\/pages\/46","targetHints":{"allow":["GET"]}}],"collection":[{"href":"http:\/\/www.romaniancommunity.net\/rci\/wp-json\/wp\/v2\/pages"}],"about":[{"href":"http:\/\/www.romaniancommunity.net\/rci\/wp-json\/wp\/v2\/types\/page"}],"author":[{"embeddable":true,"href":"http:\/\/www.romaniancommunity.net\/rci\/wp-json\/wp\/v2\/users\/7"}],"replies":[{"embeddable":true,"href":"http:\/\/www.romaniancommunity.net\/rci\/wp-json\/wp\/v2\/comments?post=46"}],"version-history":[{"count":13,"href":"http:\/\/www.romaniancommunity.net\/rci\/wp-json\/wp\/v2\/pages\/46\/revisions"}],"predecessor-version":[{"id":2663,"href":"http:\/\/www.romaniancommunity.net\/rci\/wp-json\/wp\/v2\/pages\/46\/revisions\/2663"}],"up":[{"embeddable":true,"href":"http:\/\/www.romaniancommunity.net\/rci\/wp-json\/wp\/v2\/pages\/28"}],"wp:featuredmedia":[{"embeddable":true,"href":"http:\/\/www.romaniancommunity.net\/rci\/wp-json\/wp\/v2\/media\/2343"}],"wp:attachment":[{"href":"http:\/\/www.romaniancommunity.net\/rci\/wp-json\/wp\/v2\/media?parent=46"}],"curies":[{"name":"wp","href":"https:\/\/api.w.org\/{rel}","templated":true}]}}