{"id":4384,"date":"2023-02-10T23:28:21","date_gmt":"2023-02-10T23:28:21","guid":{"rendered":"https:\/\/www.romaniancommunity.net\/rci\/?page_id=4384"},"modified":"2023-02-10T23:28:21","modified_gmt":"2023-02-10T23:28:21","slug":"retrospectiva-2022","status":"publish","type":"page","link":"http:\/\/www.romaniancommunity.net\/rci\/retrospectiva-2022\/","title":{"rendered":"Retrospectiva 2022"},"content":{"rendered":"<h2><\/h2>\n<h2><strong>Ziua Na\u021bional\u0103 a Rom\u00e2niei, 4 decembrie 2022<\/strong><\/h2>\n<p><img decoding=\"async\" src=\"http:\/\/www.romaniancommunity.net\/rci\/wp-content\/uploads\/2022\/11\/ZN-2022.jpg\" alt=\"\" width=\"429\" class=\"alignleft size-full wp-image-4380\" srcset=\"http:\/\/www.romaniancommunity.net\/rci\/wp-content\/uploads\/2022\/11\/ZN-2022.jpg 1448w, http:\/\/www.romaniancommunity.net\/rci\/wp-content\/uploads\/2022\/11\/ZN-2022-212x300.jpg 212w, http:\/\/www.romaniancommunity.net\/rci\/wp-content\/uploads\/2022\/11\/ZN-2022-724x1024.jpg 724w, http:\/\/www.romaniancommunity.net\/rci\/wp-content\/uploads\/2022\/11\/ZN-2022-768x1086.jpg 768w, http:\/\/www.romaniancommunity.net\/rci\/wp-content\/uploads\/2022\/11\/ZN-2022-1086x1536.jpg 1086w\" sizes=\"(max-width: 1448px) 100vw, 1448px\" \/><\/p>\n<p>Romanian Community of Ireland v\u0103 invit\u0103 s\u0103 petrecem rom\u00e2ne\u0219te Ziua Na\u021bional\u0103 a Rom\u00e2niei!<\/p>\n<p>V\u0103 a\u0219tept\u0103m cu drag pe data de 4 Decembrie, \u00eencep\u00e2nd cu ora 16.00 la Crowne Plaza Hotel Blanchardstown, \u00eentr-o atmosfer\u0103 elegant\u0103 \u015fi primitoare. Ce prilej mai bun s\u0103 ne bucur\u0103m de muzic\u0103 interpretat\u0103 de arti\u0219ti \u00eendr\u0103gi\u021bi: R&#038;R, Iulian Pu\u0219ca, Aleka \u0219i Chris Guilfoyle , Mihaela Bala\u0219c\u0103. DJ Anatol Bagrin va asigura atmosfera muzical\u0103.<br \/>\nVom avea surprize \u015fi mult\u0103 voie bun\u0103.<br \/>\nTo\u021bi cei cu inima rom\u00e2n\u0103, s\u0103 s\u0103rb\u0103torim \u00eempreun\u0103 \u015fi s\u0103 p\u0103str\u0103m vii tradi\u021biile \u015fi obiceiurile rom\u00e2ne\u0219ti.<\/p>\n<p>*** Pre\u021b bilet 48 de euro, include cina \u015fi programul artistic. <a href=\"https:\/\/www.eventbrite.com\/e\/ziua-nationala-a-romaniei-tickets-440434630837?aff=eand\">Biletul se cump\u0103r\u0103 exclusiv pe Eventbrite.<\/a> <\/p>\n<p>*** V\u00e2rsta minim\u0103 a copiilor: este permis\u0103 participarea copiilor cu v\u00e2rsta peste 7 ani, \u020bn baza unui bilet achizi\u021bionat. Pre\u021b bilet copil \u20ac15.00 (7-16 ani). <\/p>\n<p>Mul\u021bumim sponsorilor no\u0219tri pentru sus\u021binere:<br \/>\n<a href=\"https:\/\/www.facebook.com\/SolicitorsOfficePersonalInjury\">Murray Flynn Solicitors<\/a><br \/>\n<a href=\"https:\/\/www.facebook.com\/Alfa-Medics-142550639722878\">Alfa Medics<\/a><br \/>\n<a href=\"https:\/\/www.facebook.com\/ekonceptie\">E-Koncept<\/a><br \/>\nT&#038;C Structures<br \/>\n<a href=\"https:\/\/www.facebook.com\/AlexAutoservice.ie\">Alex Autoservice<\/a><\/p>\n<p>V\u0103 a\u0219tept\u0103m la o sear\u0103 de excep\u021bie, marca RCI!<\/p>\n<p style=\"text-align: justify;\">***Biletele cump\u0103rate nu sunt rambursabile \u0219i se v\u00e2nd DOAR online \u00eenainte de eveniment. Nu vom putea vinde bilete la intrare<\/p>\n<h2>&nbsp;<\/h2>\n","protected":false},"excerpt":{"rendered":"<p>Ziua Na\u021bional\u0103 a Rom\u00e2niei, 4 decembrie 2022 Romanian Community of Ireland v\u0103 invit\u0103 s\u0103 petrecem rom\u00e2ne\u0219te Ziua Na\u021bional\u0103 a Rom\u00e2niei! V\u0103 a\u0219tept\u0103m cu drag pe data de 4 Decembrie, \u00eencep\u00e2nd [&hellip;]<\/p>\n","protected":false},"author":5,"featured_media":0,"parent":0,"menu_order":0,"comment_status":"closed","ping_status":"closed","template":"","meta":{"footnotes":""},"class_list":["post-4384","page","type-page","status-publish","hentry"],"yoast_head":"<!-- This site is optimized with the Yoast SEO plugin v27.6 - https:\/\/yoast.com\/product\/yoast-seo-wordpress\/ -->\n<title>Retrospectiva 2022 - Romanian Community of Ireland<\/title>\n<meta name=\"robots\" content=\"index, follow, max-snippet:-1, max-image-preview:large, max-video-preview:-1\" \/>\n<link rel=\"canonical\" href=\"http:\/\/www.romaniancommunity.net\/rci\/retrospectiva-2022\/\" \/>\n<meta property=\"og:locale\" content=\"en_US\" \/>\n<meta property=\"og:type\" content=\"article\" \/>\n<meta property=\"og:title\" content=\"Retrospectiva 2022 - Romanian Community of Ireland\" \/>\n<meta property=\"og:description\" content=\"Ziua Na\u021bional\u0103 a Rom\u00e2niei, 4 decembrie 2022 Romanian Community of Ireland v\u0103 invit\u0103 s\u0103 petrecem rom\u00e2ne\u0219te Ziua Na\u021bional\u0103 a Rom\u00e2niei! V\u0103 a\u0219tept\u0103m cu drag pe data de 4 Decembrie, \u00eencep\u00e2nd [&hellip;]\" \/>\n<meta property=\"og:url\" content=\"http:\/\/www.romaniancommunity.net\/rci\/retrospectiva-2022\/\" \/>\n<meta property=\"og:site_name\" content=\"Romanian Community of Ireland\" \/>\n<meta property=\"article:publisher\" content=\"https:\/\/www.facebook.com\/RomanianCommunityOfIreland\/\" \/>\n<meta property=\"og:image\" content=\"http:\/\/www.romaniancommunity.net\/rci\/wp-content\/uploads\/2022\/11\/ZN-2022.jpg\" \/>\n<meta name=\"twitter:card\" content=\"summary_large_image\" \/>\n<script type=\"application\/ld+json\" class=\"yoast-schema-graph\">{\"@context\":\"https:\\\/\\\/schema.org\",\"@graph\":[{\"@type\":\"WebPage\",\"@id\":\"http:\\\/\\\/www.romaniancommunity.net\\\/rci\\\/retrospectiva-2022\\\/\",\"url\":\"http:\\\/\\\/www.romaniancommunity.net\\\/rci\\\/retrospectiva-2022\\\/\",\"name\":\"Retrospectiva 2022 - Romanian Community of Ireland\",\"isPartOf\":{\"@id\":\"http:\\\/\\\/www.romaniancommunity.net\\\/rci\\\/#website\"},\"primaryImageOfPage\":{\"@id\":\"http:\\\/\\\/www.romaniancommunity.net\\\/rci\\\/retrospectiva-2022\\\/#primaryimage\"},\"image\":{\"@id\":\"http:\\\/\\\/www.romaniancommunity.net\\\/rci\\\/retrospectiva-2022\\\/#primaryimage\"},\"thumbnailUrl\":\"http:\\\/\\\/www.romaniancommunity.net\\\/rci\\\/wp-content\\\/uploads\\\/2022\\\/11\\\/ZN-2022.jpg\",\"datePublished\":\"2023-02-10T23:28:21+00:00\",\"breadcrumb\":{\"@id\":\"http:\\\/\\\/www.romaniancommunity.net\\\/rci\\\/retrospectiva-2022\\\/#breadcrumb\"},\"inLanguage\":\"en-US\",\"potentialAction\":[{\"@type\":\"ReadAction\",\"target\":[\"http:\\\/\\\/www.romaniancommunity.net\\\/rci\\\/retrospectiva-2022\\\/\"]}]},{\"@type\":\"ImageObject\",\"inLanguage\":\"en-US\",\"@id\":\"http:\\\/\\\/www.romaniancommunity.net\\\/rci\\\/retrospectiva-2022\\\/#primaryimage\",\"url\":\"http:\\\/\\\/www.romaniancommunity.net\\\/rci\\\/wp-content\\\/uploads\\\/2022\\\/11\\\/ZN-2022.jpg\",\"contentUrl\":\"http:\\\/\\\/www.romaniancommunity.net\\\/rci\\\/wp-content\\\/uploads\\\/2022\\\/11\\\/ZN-2022.jpg\",\"width\":1448,\"height\":2048},{\"@type\":\"BreadcrumbList\",\"@id\":\"http:\\\/\\\/www.romaniancommunity.net\\\/rci\\\/retrospectiva-2022\\\/#breadcrumb\",\"itemListElement\":[{\"@type\":\"ListItem\",\"position\":1,\"name\":\"Home\",\"item\":\"http:\\\/\\\/www.romaniancommunity.net\\\/rci\\\/\"},{\"@type\":\"ListItem\",\"position\":2,\"name\":\"Retrospectiva 2022\"}]},{\"@type\":\"WebSite\",\"@id\":\"http:\\\/\\\/www.romaniancommunity.net\\\/rci\\\/#website\",\"url\":\"http:\\\/\\\/www.romaniancommunity.net\\\/rci\\\/\",\"name\":\"Romanian Community of Ireland\",\"description\":\"Comunitatea Rom\u00e2nilor din Irlanda\",\"potentialAction\":[{\"@type\":\"SearchAction\",\"target\":{\"@type\":\"EntryPoint\",\"urlTemplate\":\"http:\\\/\\\/www.romaniancommunity.net\\\/rci\\\/?s={search_term_string}\"},\"query-input\":{\"@type\":\"PropertyValueSpecification\",\"valueRequired\":true,\"valueName\":\"search_term_string\"}}],\"inLanguage\":\"en-US\"}]}<\/script>\n<!-- \/ Yoast SEO plugin. -->","yoast_head_json":{"title":"Retrospectiva 2022 - Romanian Community of Ireland","robots":{"index":"index","follow":"follow","max-snippet":"max-snippet:-1","max-image-preview":"max-image-preview:large","max-video-preview":"max-video-preview:-1"},"canonical":"http:\/\/www.romaniancommunity.net\/rci\/retrospectiva-2022\/","og_locale":"en_US","og_type":"article","og_title":"Retrospectiva 2022 - Romanian Community of Ireland","og_description":"Ziua Na\u021bional\u0103 a Rom\u00e2niei, 4 decembrie 2022 Romanian Community of Ireland v\u0103 invit\u0103 s\u0103 petrecem rom\u00e2ne\u0219te Ziua Na\u021bional\u0103 a Rom\u00e2niei! V\u0103 a\u0219tept\u0103m cu drag pe data de 4 Decembrie, \u00eencep\u00e2nd [&hellip;]","og_url":"http:\/\/www.romaniancommunity.net\/rci\/retrospectiva-2022\/","og_site_name":"Romanian Community of Ireland","article_publisher":"https:\/\/www.facebook.com\/RomanianCommunityOfIreland\/","og_image":[{"url":"http:\/\/www.romaniancommunity.net\/rci\/wp-content\/uploads\/2022\/11\/ZN-2022.jpg","type":"","width":"","height":""}],"twitter_card":"summary_large_image","schema":{"@context":"https:\/\/schema.org","@graph":[{"@type":"WebPage","@id":"http:\/\/www.romaniancommunity.net\/rci\/retrospectiva-2022\/","url":"http:\/\/www.romaniancommunity.net\/rci\/retrospectiva-2022\/","name":"Retrospectiva 2022 - Romanian Community of Ireland","isPartOf":{"@id":"http:\/\/www.romaniancommunity.net\/rci\/#website"},"primaryImageOfPage":{"@id":"http:\/\/www.romaniancommunity.net\/rci\/retrospectiva-2022\/#primaryimage"},"image":{"@id":"http:\/\/www.romaniancommunity.net\/rci\/retrospectiva-2022\/#primaryimage"},"thumbnailUrl":"http:\/\/www.romaniancommunity.net\/rci\/wp-content\/uploads\/2022\/11\/ZN-2022.jpg","datePublished":"2023-02-10T23:28:21+00:00","breadcrumb":{"@id":"http:\/\/www.romaniancommunity.net\/rci\/retrospectiva-2022\/#breadcrumb"},"inLanguage":"en-US","potentialAction":[{"@type":"ReadAction","target":["http:\/\/www.romaniancommunity.net\/rci\/retrospectiva-2022\/"]}]},{"@type":"ImageObject","inLanguage":"en-US","@id":"http:\/\/www.romaniancommunity.net\/rci\/retrospectiva-2022\/#primaryimage","url":"http:\/\/www.romaniancommunity.net\/rci\/wp-content\/uploads\/2022\/11\/ZN-2022.jpg","contentUrl":"http:\/\/www.romaniancommunity.net\/rci\/wp-content\/uploads\/2022\/11\/ZN-2022.jpg","width":1448,"height":2048},{"@type":"BreadcrumbList","@id":"http:\/\/www.romaniancommunity.net\/rci\/retrospectiva-2022\/#breadcrumb","itemListElement":[{"@type":"ListItem","position":1,"name":"Home","item":"http:\/\/www.romaniancommunity.net\/rci\/"},{"@type":"ListItem","position":2,"name":"Retrospectiva 2022"}]},{"@type":"WebSite","@id":"http:\/\/www.romaniancommunity.net\/rci\/#website","url":"http:\/\/www.romaniancommunity.net\/rci\/","name":"Romanian Community of Ireland","description":"Comunitatea Rom\u00e2nilor din Irlanda","potentialAction":[{"@type":"SearchAction","target":{"@type":"EntryPoint","urlTemplate":"http:\/\/www.romaniancommunity.net\/rci\/?s={search_term_string}"},"query-input":{"@type":"PropertyValueSpecification","valueRequired":true,"valueName":"search_term_string"}}],"inLanguage":"en-US"}]}},"_links":{"self":[{"href":"http:\/\/www.romaniancommunity.net\/rci\/wp-json\/wp\/v2\/pages\/4384","targetHints":{"allow":["GET"]}}],"collection":[{"href":"http:\/\/www.romaniancommunity.net\/rci\/wp-json\/wp\/v2\/pages"}],"about":[{"href":"http:\/\/www.romaniancommunity.net\/rci\/wp-json\/wp\/v2\/types\/page"}],"author":[{"embeddable":true,"href":"http:\/\/www.romaniancommunity.net\/rci\/wp-json\/wp\/v2\/users\/5"}],"replies":[{"embeddable":true,"href":"http:\/\/www.romaniancommunity.net\/rci\/wp-json\/wp\/v2\/comments?post=4384"}],"version-history":[{"count":1,"href":"http:\/\/www.romaniancommunity.net\/rci\/wp-json\/wp\/v2\/pages\/4384\/revisions"}],"predecessor-version":[{"id":4385,"href":"http:\/\/www.romaniancommunity.net\/rci\/wp-json\/wp\/v2\/pages\/4384\/revisions\/4385"}],"wp:attachment":[{"href":"http:\/\/www.romaniancommunity.net\/rci\/wp-json\/wp\/v2\/media?parent=4384"}],"curies":[{"name":"wp","href":"https:\/\/api.w.org\/{rel}","templated":true}]}}