{"id":4365,"date":"2021-11-10T19:39:23","date_gmt":"2021-11-10T19:39:23","guid":{"rendered":"https:\/\/www.romaniancommunity.net\/rci\/?page_id=4365"},"modified":"2021-11-10T19:39:23","modified_gmt":"2021-11-10T19:39:23","slug":"retrospectiva-2020","status":"publish","type":"page","link":"http:\/\/www.romaniancommunity.net\/rci\/retrospectiva-2020\/","title":{"rendered":"Retrospectiva 2020"},"content":{"rendered":"<h2><\/h2>\n<h2><strong>Piesa de teatru &#8220;Cu ce v\u0103 servesc?&#8221;, ANULAT<\/strong><\/h2>\n<p><img decoding=\"async\" src=\"http:\/\/www.romaniancommunity.net\/rci\/wp-content\/uploads\/2020\/03\/91080891_3168507016516013_1764655212699582464_o-724x1024.jpg\" alt=\"\" width=\"429\" class=\"alignleft size-large wp-image-4330\" srcset=\"http:\/\/www.romaniancommunity.net\/rci\/wp-content\/uploads\/2020\/03\/91080891_3168507016516013_1764655212699582464_o-724x1024.jpg 724w, http:\/\/www.romaniancommunity.net\/rci\/wp-content\/uploads\/2020\/03\/91080891_3168507016516013_1764655212699582464_o-212x300.jpg 212w, http:\/\/www.romaniancommunity.net\/rci\/wp-content\/uploads\/2020\/03\/91080891_3168507016516013_1764655212699582464_o-768x1087.jpg 768w, http:\/\/www.romaniancommunity.net\/rci\/wp-content\/uploads\/2020\/03\/91080891_3168507016516013_1764655212699582464_o-1085x1536.jpg 1085w, http:\/\/www.romaniancommunity.net\/rci\/wp-content\/uploads\/2020\/03\/91080891_3168507016516013_1764655212699582464_o.jpg 1424w\" sizes=\"(max-width: 724px) 100vw, 724px\" \/><\/p>\n<p style=\"text-align: justify;\">Dragi prieteni,<\/p>\n<p style=\"text-align: justify;\">\u00cen conjunctura actual\u0103 generat\u0103 de r\u0103sp\u00e2ndirea Covid-19 \u0219i pentru a respecta instruc\u021biunile impuse de guvernul irlandez, echipa RCI a decis anularea piesei de teatru &#8220;Cu ce v\u0103 servesc?&#8221; planificat\u0103 pentru luna mai la Teatrul Draiocht Blanchardstown.<\/p>\n<p style=\"text-align: justify;\">V\u0103 rug\u0103m s\u0103 ne urm\u0103ri\u021bi constant pentru informa\u021bii despre reprogramarea piesei de teatru \u0219i a altor evenimente organizate de Romanian Community of Ireland.<\/p>\n<p style=\"text-align: justify;\">Teatrul Draiocht Blanchardstown a demarat procesul de restituire a pre\u021bului biletelor.<\/p>\n<p style=\"text-align: justify;\">Mul\u021bumim pentru \u00een\u021belegere!<\/p>\n<hr \/>\n<h2><\/h2>\n<h2><strong>Ziua Femeii, 7 martie 2020<\/strong><\/h2>\n<p><img decoding=\"async\" src=\"http:\/\/www.romaniancommunity.net\/rci\/wp-content\/uploads\/2020\/01\/82558607_3004515239581859_4952850930199429120_o.jpg\" alt=\"\" width=\"429\" class=\"alignleft size-full wp-image-4305\" \/><\/p>\n<p style=\"text-align: justify;\">Romanian Community of Ireland are bucuria de a v\u0103 invita la evenimentul mult a\u0219teptat de doamnele \u0219i domni\u0219oarele din Irlanda, ZIUA INTERNA\u021aIONAL\u0102 A FEMEII, eveniment exclusiv pentru doamne \u0219i domni\u0219oare.<\/p>\n<p style=\"text-align: justify;\">\u00cen 2020 s\u0103rb\u0103torim \u00een stilul anilor &#8217;20 cu farmec \u0219i str\u0103lucire, Glam Party &#8211; Anii &#8217;20. La cererea doamnelor \u0219i domni\u0219oarelor, invitatul special este Gabriel Cove\u0219anu, mult \u00eendr\u0103gitul prezentator de televiziune, COVE!<\/p>\n<p style=\"text-align: justify;\">Mul\u021bumim \u0219i partenerilor no\u0219tri pentru sus\u021binere:<br \/>\n<a href=\"https:\/\/www.facebook.com\/AtelierMHair\/\">Atelier M<\/a><br \/>\n<a href=\"https:\/\/www.facebook.com\/ekonceptire\/\">E Koncept Dublin<\/a><br \/>\n<a href=\"https:\/\/www.facebook.com\/AvocatRomanIrlanda\">Popa &amp; Co. Law Firm<\/a><br \/>\nParnell Medical<br \/>\n<a href=\"https:\/\/www.facebook.com\/RiaFinancialIE\/\">Ria Money Transfer Ireland<\/a><br \/>\n<a href=\"https:\/\/www.facebook.com\/perfectlight.ie\">Perfectlight Photography<\/a><br \/>\nPartener media:\u00a0<a href=\"https:\/\/www.facebook.com\/informatia\">Informatia Irl<\/a>\n<\/p>\n<p style=\"text-align: justify;\">V\u0103 a\u0219tept\u0103m cu un program marca RCI, cu Gala Premiilor de Excelen\u021b\u0103, cin\u0103, tombol\u0103 \u0219i cu foarte mult\u0103 muzic\u0103 de calitate \u00een compania lui DJ Marius B\u00eercu \u0219i a altor invita\u021bi, \u00eencep\u00e2nd cu ora 18:00 la <a href=\"https:\/\/www.facebook.com\/hiltondublinairport\/\">Hotel Hilton Dublin Airport<\/a> s\u0103 petrecem p\u00e2n\u0103 \u00een miez de noapte.<\/p>\n<p style=\"text-align: justify;\">Biletele se pot achizi\u021biona acces\u00e2nd <a href=\"https:\/\/ziuafemeii2020-rci.eventbrite.ie\">https:\/\/ziuafemeii2020-rci.eventbrite.ie<\/a><\/p>\n<p style=\"text-align: justify;\">* Pentru grupuri, v\u0103 rug\u0103m s\u0103 cump\u0103ra\u021bi biletele \u00eentr-o singur\u0103 tranzac\u021bie<br \/>\n** Pentru mai multe informa\u021bii sau detalii ne pute\u021bi contacta prin email la info@romaniancommunity.net<\/p>\n<p style=\"text-align: justify;\">SAVE THE DATE LADIES!!!<\/p>\n","protected":false},"excerpt":{"rendered":"<p>Piesa de teatru &#8220;Cu ce v\u0103 servesc?&#8221;, ANULAT Dragi prieteni, \u00cen conjunctura actual\u0103 generat\u0103 de r\u0103sp\u00e2ndirea Covid-19 \u0219i pentru a respecta instruc\u021biunile impuse de guvernul irlandez, echipa RCI a decis [&hellip;]<\/p>\n","protected":false},"author":5,"featured_media":0,"parent":0,"menu_order":0,"comment_status":"closed","ping_status":"closed","template":"","meta":{"footnotes":""},"class_list":["post-4365","page","type-page","status-publish","hentry"],"yoast_head":"<!-- This site is optimized with the Yoast SEO plugin v27.6 - https:\/\/yoast.com\/product\/yoast-seo-wordpress\/ -->\n<title>Retrospectiva 2020 - Romanian Community of Ireland<\/title>\n<meta name=\"robots\" content=\"index, follow, max-snippet:-1, max-image-preview:large, max-video-preview:-1\" \/>\n<link rel=\"canonical\" href=\"http:\/\/www.romaniancommunity.net\/rci\/retrospectiva-2020\/\" \/>\n<meta property=\"og:locale\" content=\"en_US\" \/>\n<meta property=\"og:type\" content=\"article\" \/>\n<meta property=\"og:title\" content=\"Retrospectiva 2020 - Romanian Community of Ireland\" \/>\n<meta property=\"og:description\" content=\"Piesa de teatru &#8220;Cu ce v\u0103 servesc?&#8221;, ANULAT Dragi prieteni, \u00cen conjunctura actual\u0103 generat\u0103 de r\u0103sp\u00e2ndirea Covid-19 \u0219i pentru a respecta instruc\u021biunile impuse de guvernul irlandez, echipa RCI a decis [&hellip;]\" \/>\n<meta property=\"og:url\" content=\"http:\/\/www.romaniancommunity.net\/rci\/retrospectiva-2020\/\" \/>\n<meta property=\"og:site_name\" content=\"Romanian Community of Ireland\" \/>\n<meta property=\"article:publisher\" content=\"https:\/\/www.facebook.com\/RomanianCommunityOfIreland\/\" \/>\n<meta property=\"og:image\" content=\"http:\/\/www.romaniancommunity.net\/rci\/wp-content\/uploads\/2020\/03\/91080891_3168507016516013_1764655212699582464_o-724x1024.jpg\" \/>\n<meta name=\"twitter:card\" content=\"summary_large_image\" \/>\n<meta name=\"twitter:label1\" content=\"Est. reading time\" \/>\n\t<meta name=\"twitter:data1\" content=\"1 minute\" \/>\n<script type=\"application\/ld+json\" class=\"yoast-schema-graph\">{\"@context\":\"https:\\\/\\\/schema.org\",\"@graph\":[{\"@type\":\"WebPage\",\"@id\":\"http:\\\/\\\/www.romaniancommunity.net\\\/rci\\\/retrospectiva-2020\\\/\",\"url\":\"http:\\\/\\\/www.romaniancommunity.net\\\/rci\\\/retrospectiva-2020\\\/\",\"name\":\"Retrospectiva 2020 - Romanian Community of Ireland\",\"isPartOf\":{\"@id\":\"http:\\\/\\\/www.romaniancommunity.net\\\/rci\\\/#website\"},\"primaryImageOfPage\":{\"@id\":\"http:\\\/\\\/www.romaniancommunity.net\\\/rci\\\/retrospectiva-2020\\\/#primaryimage\"},\"image\":{\"@id\":\"http:\\\/\\\/www.romaniancommunity.net\\\/rci\\\/retrospectiva-2020\\\/#primaryimage\"},\"thumbnailUrl\":\"http:\\\/\\\/www.romaniancommunity.net\\\/rci\\\/wp-content\\\/uploads\\\/2020\\\/03\\\/91080891_3168507016516013_1764655212699582464_o-724x1024.jpg\",\"datePublished\":\"2021-11-10T19:39:23+00:00\",\"breadcrumb\":{\"@id\":\"http:\\\/\\\/www.romaniancommunity.net\\\/rci\\\/retrospectiva-2020\\\/#breadcrumb\"},\"inLanguage\":\"en-US\",\"potentialAction\":[{\"@type\":\"ReadAction\",\"target\":[\"http:\\\/\\\/www.romaniancommunity.net\\\/rci\\\/retrospectiva-2020\\\/\"]}]},{\"@type\":\"ImageObject\",\"inLanguage\":\"en-US\",\"@id\":\"http:\\\/\\\/www.romaniancommunity.net\\\/rci\\\/retrospectiva-2020\\\/#primaryimage\",\"url\":\"http:\\\/\\\/www.romaniancommunity.net\\\/rci\\\/wp-content\\\/uploads\\\/2020\\\/03\\\/91080891_3168507016516013_1764655212699582464_o.jpg\",\"contentUrl\":\"http:\\\/\\\/www.romaniancommunity.net\\\/rci\\\/wp-content\\\/uploads\\\/2020\\\/03\\\/91080891_3168507016516013_1764655212699582464_o.jpg\",\"width\":1424,\"height\":2015},{\"@type\":\"BreadcrumbList\",\"@id\":\"http:\\\/\\\/www.romaniancommunity.net\\\/rci\\\/retrospectiva-2020\\\/#breadcrumb\",\"itemListElement\":[{\"@type\":\"ListItem\",\"position\":1,\"name\":\"Home\",\"item\":\"http:\\\/\\\/www.romaniancommunity.net\\\/rci\\\/\"},{\"@type\":\"ListItem\",\"position\":2,\"name\":\"Retrospectiva 2020\"}]},{\"@type\":\"WebSite\",\"@id\":\"http:\\\/\\\/www.romaniancommunity.net\\\/rci\\\/#website\",\"url\":\"http:\\\/\\\/www.romaniancommunity.net\\\/rci\\\/\",\"name\":\"Romanian Community of Ireland\",\"description\":\"Comunitatea Rom\u00e2nilor din Irlanda\",\"potentialAction\":[{\"@type\":\"SearchAction\",\"target\":{\"@type\":\"EntryPoint\",\"urlTemplate\":\"http:\\\/\\\/www.romaniancommunity.net\\\/rci\\\/?s={search_term_string}\"},\"query-input\":{\"@type\":\"PropertyValueSpecification\",\"valueRequired\":true,\"valueName\":\"search_term_string\"}}],\"inLanguage\":\"en-US\"}]}<\/script>\n<!-- \/ Yoast SEO plugin. -->","yoast_head_json":{"title":"Retrospectiva 2020 - Romanian Community of Ireland","robots":{"index":"index","follow":"follow","max-snippet":"max-snippet:-1","max-image-preview":"max-image-preview:large","max-video-preview":"max-video-preview:-1"},"canonical":"http:\/\/www.romaniancommunity.net\/rci\/retrospectiva-2020\/","og_locale":"en_US","og_type":"article","og_title":"Retrospectiva 2020 - Romanian Community of Ireland","og_description":"Piesa de teatru &#8220;Cu ce v\u0103 servesc?&#8221;, ANULAT Dragi prieteni, \u00cen conjunctura actual\u0103 generat\u0103 de r\u0103sp\u00e2ndirea Covid-19 \u0219i pentru a respecta instruc\u021biunile impuse de guvernul irlandez, echipa RCI a decis [&hellip;]","og_url":"http:\/\/www.romaniancommunity.net\/rci\/retrospectiva-2020\/","og_site_name":"Romanian Community of Ireland","article_publisher":"https:\/\/www.facebook.com\/RomanianCommunityOfIreland\/","og_image":[{"url":"http:\/\/www.romaniancommunity.net\/rci\/wp-content\/uploads\/2020\/03\/91080891_3168507016516013_1764655212699582464_o-724x1024.jpg","type":"","width":"","height":""}],"twitter_card":"summary_large_image","twitter_misc":{"Est. reading time":"1 minute"},"schema":{"@context":"https:\/\/schema.org","@graph":[{"@type":"WebPage","@id":"http:\/\/www.romaniancommunity.net\/rci\/retrospectiva-2020\/","url":"http:\/\/www.romaniancommunity.net\/rci\/retrospectiva-2020\/","name":"Retrospectiva 2020 - Romanian Community of Ireland","isPartOf":{"@id":"http:\/\/www.romaniancommunity.net\/rci\/#website"},"primaryImageOfPage":{"@id":"http:\/\/www.romaniancommunity.net\/rci\/retrospectiva-2020\/#primaryimage"},"image":{"@id":"http:\/\/www.romaniancommunity.net\/rci\/retrospectiva-2020\/#primaryimage"},"thumbnailUrl":"http:\/\/www.romaniancommunity.net\/rci\/wp-content\/uploads\/2020\/03\/91080891_3168507016516013_1764655212699582464_o-724x1024.jpg","datePublished":"2021-11-10T19:39:23+00:00","breadcrumb":{"@id":"http:\/\/www.romaniancommunity.net\/rci\/retrospectiva-2020\/#breadcrumb"},"inLanguage":"en-US","potentialAction":[{"@type":"ReadAction","target":["http:\/\/www.romaniancommunity.net\/rci\/retrospectiva-2020\/"]}]},{"@type":"ImageObject","inLanguage":"en-US","@id":"http:\/\/www.romaniancommunity.net\/rci\/retrospectiva-2020\/#primaryimage","url":"http:\/\/www.romaniancommunity.net\/rci\/wp-content\/uploads\/2020\/03\/91080891_3168507016516013_1764655212699582464_o.jpg","contentUrl":"http:\/\/www.romaniancommunity.net\/rci\/wp-content\/uploads\/2020\/03\/91080891_3168507016516013_1764655212699582464_o.jpg","width":1424,"height":2015},{"@type":"BreadcrumbList","@id":"http:\/\/www.romaniancommunity.net\/rci\/retrospectiva-2020\/#breadcrumb","itemListElement":[{"@type":"ListItem","position":1,"name":"Home","item":"http:\/\/www.romaniancommunity.net\/rci\/"},{"@type":"ListItem","position":2,"name":"Retrospectiva 2020"}]},{"@type":"WebSite","@id":"http:\/\/www.romaniancommunity.net\/rci\/#website","url":"http:\/\/www.romaniancommunity.net\/rci\/","name":"Romanian Community of Ireland","description":"Comunitatea Rom\u00e2nilor din Irlanda","potentialAction":[{"@type":"SearchAction","target":{"@type":"EntryPoint","urlTemplate":"http:\/\/www.romaniancommunity.net\/rci\/?s={search_term_string}"},"query-input":{"@type":"PropertyValueSpecification","valueRequired":true,"valueName":"search_term_string"}}],"inLanguage":"en-US"}]}},"_links":{"self":[{"href":"http:\/\/www.romaniancommunity.net\/rci\/wp-json\/wp\/v2\/pages\/4365","targetHints":{"allow":["GET"]}}],"collection":[{"href":"http:\/\/www.romaniancommunity.net\/rci\/wp-json\/wp\/v2\/pages"}],"about":[{"href":"http:\/\/www.romaniancommunity.net\/rci\/wp-json\/wp\/v2\/types\/page"}],"author":[{"embeddable":true,"href":"http:\/\/www.romaniancommunity.net\/rci\/wp-json\/wp\/v2\/users\/5"}],"replies":[{"embeddable":true,"href":"http:\/\/www.romaniancommunity.net\/rci\/wp-json\/wp\/v2\/comments?post=4365"}],"version-history":[{"count":1,"href":"http:\/\/www.romaniancommunity.net\/rci\/wp-json\/wp\/v2\/pages\/4365\/revisions"}],"predecessor-version":[{"id":4366,"href":"http:\/\/www.romaniancommunity.net\/rci\/wp-json\/wp\/v2\/pages\/4365\/revisions\/4366"}],"wp:attachment":[{"href":"http:\/\/www.romaniancommunity.net\/rci\/wp-json\/wp\/v2\/media?parent=4365"}],"curies":[{"name":"wp","href":"https:\/\/api.w.org\/{rel}","templated":true}]}}