{"id":3979,"date":"2019-01-31T23:02:20","date_gmt":"2019-01-31T23:02:20","guid":{"rendered":"http:\/\/www.romaniancommunity.net\/rci\/?page_id=3979"},"modified":"2019-01-31T23:02:20","modified_gmt":"2019-01-31T23:02:20","slug":"evenimente-2012","status":"publish","type":"page","link":"http:\/\/www.romaniancommunity.net\/rci\/evenimente\/evenimente-2012\/","title":{"rendered":"Evenimente 2012"},"content":{"rendered":"<section id=\"huge_it_portfolio_content_7\"\r\n         style=\"clear: both\"\r\n         class=\"portfolio-gallery-content \"\r\n         data-portfolio-id=\"7\">\r\n\t<div id=\"huge-it-container-loading-overlay_7\"><\/div>\r\n\t\t\t\t\t\t<div id=\"huge_it_portfolio_container_7\"\r\n\t     data-show-loading=\"on\"\r\n\t     data-show-center=\"off\"\r\n\t     class=\"huge_it_portfolio_container super-list variable-sizes clearfix view-full-width\" >\r\n\t\t\t\t\t<div\r\n\t\t\t\tclass=\"portelement portelement_7 colorbox_grouping   \" data-symbol=\"Spectacol Maria Dragomiroiu\" data-category=\"alkaline-earth\">\r\n\t\t\t\t<div class=\"left-block_7\">\r\n\t\t\t\t\t<div class=\"main-image-block_7 add-H-relative\">\r\n                        <p style=\"display:none;\" class=\"load_date\">2017-06-24 15:07:37<\/p>\r\n                        <p style=\"display:none;\" class=\"number\">90<\/p>\r\n\t\t\t\t\t\t\t\t\t\t\t\t\t\t\t\t\t\t\t\t\t<a href=\"http:\/\/www.romaniancommunity.net\/rci\/wp-content\/uploads\/2015\/11\/02_2012Dec_SectacolMariaDragomiroiu.jpg\"\r\n\t\t\t\t\t\t\t\t\t   class=\" portfolio-group1-7\"\r\n                                       data-description=\" RCI are pl\u0103cerea s\u0103 v\u0103 invite duminic\u0103 9 decembrie 2012 la o Seara Rom\u00e2neasc\u0103 de excep\u0163ie al\u0103turi de \u00eendr\u0103gita interpret\u0103 de muzic\u0103 popular\u0103 Maria Dragomiroiu cu ocazia Zilei Na\u0163ionale a Rom\u00e2niei. \u00cen deschidere ne va (\u00een)c\u00e2nta la vioara Alina Zuzuleac. \r\nBiletele se pun \u00een v\u00e2nzare de vineri 19 Octombrie la locurile afi\u015fate.  \r\nV\u0103 a\u015ftept\u0103m cu mare drag!\r\n\r\n\"\r\n\t\t\t\t\t\t\t\t\t   title=\"Spectacol Maria Dragomiroiu\" data-groupID=\"1-7\"><img\r\n\t\t\t\t\t\t\t\t\t\t\talt=\"Spectacol Maria Dragomiroiu\"\r\n\t\t\t\t\t\t\t\t\t\t\tid=\"wd-cl-img0\"\r\n                                            data-title=\" 02_2012Dec_SectacolMariaDragomiroiu\"\r\n\t\t\t\t\t\t\t\t\t\t\tsrc=\"http:\/\/www.romaniancommunity.net\/rci\/wp-content\/uploads\/2015\/11\/02_2012Dec_SectacolMariaDragomiroiu.jpg\"><\/a>\r\n\t\t\t\t\t\t\t\t\t\t\t\t\t\t<\/div>\r\n\t\t\t\t\t<div class=\"thumbs-block\">\r\n\t\t\t\t\t\t\t\t\t\t\t\t\t<ul class=\"thumbs-list_7\">\r\n\t\t\t\t\t\t\t\t\t\t\t\t\t\t\t<\/ul>\r\n\t\t\t\t\t\t\t\t\t\t\t\t<\/div>\r\n\t\t\t\t<\/div>\r\n\t\t\t\t<div class=\"right-block\">\r\n\t\t\t\t\t\t\t\t\t\t<div class=\"title-block_7\">\r\n\t\t\t\t\t\t<h3 class=\"name\" >Spectacol Maria Dragomiroiu<\/h3><\/div>\t\t\t\t\t\t\t\t\t\t\t\t<div class=\"description-block_7\">\r\n\t\t\t\t\t\t\t\t<p>RCI are pl\u0103cerea s\u0103 v\u0103 invite duminic\u0103 9 decembrie 2012 la o Seara Rom\u00e2neasc\u0103 de excep\u0163ie al\u0103turi de \u00eendr\u0103gita interpret\u0103 de muzic\u0103 popular\u0103 Maria Dragomiroiu cu ocazia Zilei Na\u0163ionale a Rom\u00e2niei. \u00cen deschidere ne va (\u00een)c\u00e2nta la vioara Alina Zuzuleac. \r\nBiletele se pun \u00een v\u00e2nzare de vineri 19 Octombrie la locurile afi\u015fate.  \r\nV\u0103 a\u015ftept\u0103m cu mare drag!\r\n\r\n<\/p><\/div>\r\n\t\t\t\t\t\t\t\t\t\t\t\t\t\t\t<\/div>\r\n\t\t\t<\/div>\r\n\r\n\t\t\t\r\n\t<\/div>\r\n<\/section><style>\r\n.portelement_7 .play-icon.youtube-icon  {\r\n    background: url(http:\/\/www.romaniancommunity.net\/rci\/wp-content\/plugins\/portfolio-gallery\/assets\/images\/admin_images\/play.youtube.png) center center no-repeat;\r\n    background-size: 30% 30%;\r\n}\r\n.portelement_7 .play-icon.vimeo-icon  {\r\n    background: url(http:\/\/www.romaniancommunity.net\/rci\/wp-content\/plugins\/portfolio-gallery\/assets\/images\/admin_images\/play.vimeo.png) center center no-repeat;\r\n    background-size: 30% 30%;\r\n}\r\n.portelement_7 .play-icon {\r\n    position: absolute;\r\n    top: 0px;\r\n    left: 0px;\r\n    width: 100%;\r\n    height: 100%;\r\n}\r\n.add-H-relative {\r\n    position: relative;\r\n}\r\n.add-H-block {\r\n    display: block;\r\n    border: none !important;\r\n    box-shadow: none;\r\n\r\n}\r\n\/***<\/add>***\/\r\n.portelement_7 {\r\n    position: relative;\r\n    width: calc(96% - 2px);\r\n    margin:5px 0px 5px 0px;\r\n    padding:2%;\r\n    clear:both;\r\n    overflow: hidden;\r\n    border:1px solid #dedede;\r\n    background:#f9f9f9;\r\n}\r\n\r\n.portelement_7 div.left-block_7 {\r\n    padding-right: 10px;\r\n    display: inline-block;\r\n    float: left;\r\n}\r\n\r\n.portelement_7 div.left-block_7 .main-image-block_7 {\r\n    clear:both;\r\n    width:240px;\r\n}\r\n\r\n.portelement_7 div.left-block_7 .main-image-block_7 img {\r\n    margin:0px !important;\r\n    padding:0px !important;\r\n    width:240px !important;\r\n    height:auto;\r\n}\r\n\r\n.portelement_7 div.left-block_7 .thumbs-block {\r\n    position:relative;\r\n    margin-top:10px;\r\n    display: inline-block;\r\n}\r\n\r\n.portelement_7 div.left-block_7 .thumbs-block .thumbs-list_7{\r\n    padding: 0 !important;\r\n}\r\n\r\n.portelement_7 div.left-block_7 .thumbs-block ul {\r\n    width:240px;\r\n    height:auto;\r\n    display:table;\r\n    margin:0px;\r\n    padding:0px;\r\n    list-style:none;\r\n}\r\n\r\n.portelement_7 div.left-block_7 .thumbs-block ul li {\r\n    margin:2px 3px 0px 2px;\r\n    padding:0px;\r\n    width:75px;\r\n    height:75px;\r\n    float:left;\r\n}\r\n\r\n.portelement_7 div.left-block_7 .thumbs-block ul li a {\r\n    display:block;\r\n    width:75px;\r\n    height:75px;\r\n    border: none;\r\n    box-shadow: none;\r\n}\r\n\r\n.portelement_7 div.left-block_7 .thumbs-block ul li a img {\r\n    margin:0px !important;\r\n    padding:0px !important;\r\n    width:75px;\r\n    height:75px;\r\n}\r\n\r\n.portelement_7 div.right-block {\r\n    vertical-align:top;\r\n    float: right;\r\n    display: inline-block;\r\n    width: calc(96% - 240px);\r\n}\r\n\r\n.portelement_7 div.right-block > div {\r\n    width:100%;\r\n    padding-bottom:10px;\r\n    margin-top:10px;\r\n    background:url('http:\/\/www.romaniancommunity.net\/rci\/wp-content\/plugins\/portfolio-gallery\/assets\/images\/admin_images\/divider.line.png') center bottom repeat-x;\r\n}\r\n\r\n.portelement_7 div.right-block > div:last-child {\r\n    background:none;\r\n}\r\n\r\n.portelement_7 div.right-block .title-block_7  {\r\n    margin-top:3px;\r\n}\r\n\r\n.portelement_7 div.right-block .title-block_7 h3 {\r\n    margin:0px;\r\n    padding:0px;\r\n    font-weight:normal;\r\n    font-size:18px !important;\r\n    line-height:22px !important;\r\n    color:#0074a2;\r\n}\r\n\r\n.portelement_7 div.right-block .description-block_7 p,.portelement_7 div.right-block .description-block_7  {\r\n    margin:0px;\r\n    padding:0px;\r\n    font-size:14px;\r\n    color:#555555;\r\n    text-align: justify;\r\n}\r\n\r\n\r\n.portelement_7 div.right-block .description-block_7 h1,\r\n.portelement_7 div.right-block .description-block_7 h2,\r\n.portelement_7 div.right-block .description-block_7 h3,\r\n.portelement_7 div.right-block .description-block_7 h4,\r\n.portelement_7 div.right-block .description-block_7 h5,\r\n.portelement_7 div.right-block .description-block_7 h6,\r\n.portelement_7 div.right-block .description-block_7 p,\r\n.portelement_7 div.right-block .description-block_7 strong,\r\n.portelement_7 div.right-block .description-block_7 span {\r\n    padding:2px !important;\r\n    margin:0px !important;\r\n}\r\n\r\n.portelement_7 div.right-block .description-block_7 ul,\r\n.portelement_7 div.right-block .description-block_7 li {\r\n    padding:2px 0px 2px 5px;\r\n    margin:0px 0px 0px 8px;\r\n}\r\n\r\n.portelement_7 .button-block {\r\n    position:relative;\r\n}\r\n\r\n.portelement_7 div.right-block .button-block a,.portelement_7 div.right-block .button-block a:link,.portelement_7 div.right-block .button-block a:visited {\r\n    position:relative;\r\n    display:inline-block;\r\n    padding:6px 12px;\r\n    background:#2ea2cd;\r\n    color:#ffffff;\r\n    font-size:14px;\r\n    text-decoration:none;\r\n    border:none;\r\n}\r\n\r\n.portelement_7 div.right-block .button-block a:hover,.pupup-elemen.element div.right-block .button-block a:focus,.portelement_7 div.right-block .button-block a:active {\r\n    background:#0074a2;\r\n    color:#ffffff;\r\n    border:none;\r\n}\r\n\r\n#huge_it_portfolio_content_7 #huge_it_portfolio_options_7 {\r\n    position: relative;\r\n    overflow: hidden;\r\nfloat:;margin-top:5px;max-width:180px;width:20%;display:inline-block;margin-left:1%;\r\nopacity: 0;    margin-bottom: 10px;\r\n}\r\n\r\n#huge_it_portfolio_content_7 #huge_it_portfolio_options_7 ul {\r\n    margin: 0px !important;\r\n    padding: 0px !important;\r\n    list-style: none;\r\n}\r\n\r\n#huge_it_portfolio_content_7 #huge_it_portfolio_filters_7 ul {\r\n    margin: 0px !important;\r\n    padding: 0px !important;\r\n    overflow: hidden;\r\n    width: 100%;\r\n}\r\n\r\n\r\n#huge_it_portfolio_content_7 #huge_it_portfolio_options_7 ul li {\r\n    border-radius: 0px;\r\n    list-style-type: none;\r\n    margin: 0px !important;\r\n    padding: 0;\r\nborder: 1px solid #ccc;}\r\n\r\n#huge_it_portfolio_content_7 #huge_it_portfolio_options_7 ul li a {\r\n    background-color: #F7F7F7 !important;\r\n    border-radius: 0px;\r\n    font-size:14px !important;\r\n    color:#555555 !important;\r\n    text-decoration: none;\r\n    cursor: pointer;\r\n    margin: 0px !important;\r\n    display: block;\r\n    padding:3px;\r\n}\r\n\r\n\/*#huge_it_portfolio_content_7 #huge_it_portfolio_options_7 ul li:hover {\r\n\r\n}*\/\r\n\r\n#huge_it_portfolio_content_7 #huge_it_portfolio_options_7 ul li a:hover {\r\n    background-color: #FF3845 !important;\r\n    color:#ffffff !important;\r\n    cursor: pointer;\r\n}\r\n\r\n#huge_it_portfolio_content_7 #huge_it_portfolio_filters_7 {\r\n    position: relative;\r\n    overflow: hidden;\r\nfloat:;margin-top:5px;max-width:180px;width:20%;display:inline-block;margin-left:1%;\r\nopacity: 0;}\r\n\r\n#huge_it_portfolio_content_7 #huge_it_portfolio_filters_7 ul li {\r\n    border-radius: 0px;\r\n    list-style-type: none;\r\nborder: 1px solid #ccc;}\r\n\r\n#huge_it_portfolio_content_7 #huge_it_portfolio_filters_7 ul li a {\r\n    font-size:14px !important;\r\n    color:#555555 !important;\r\n    background-color: #F7F7F7 !important;\r\n    border-radius: 0px;\r\n    padding:3px;\r\n    display: block;\r\n    text-decoration: none;\r\n}\r\n\r\n#huge_it_portfolio_content_7 #huge_it_portfolio_filters_7  ul li a:hover {\r\n    color:#ffffff !important;\r\n    background-color: #FF3845 !important;\r\n    cursor: pointer;\r\n}\r\n#huge_it_portfolio_content_7 #huge_it_portfolio_filters_7 ul li.active a,\r\n#huge_it_portfolio_content_7 #huge_it_portfolio_filters_7 ul li.active a:link,\r\n#huge_it_portfolio_content_7 #huge_it_portfolio_filters_7 ul li.active a:visited,\r\n#huge_it_portfolio_content_7 #huge_it_portfolio_filters_7  ul li.active a:hover,\r\n#huge_it_portfolio_content_7 #huge_it_portfolio_filters_7  ul li.active a:focus,\r\n#huge_it_portfolio_content_7 #huge_it_portfolio_filters_7  ul li.active a:active {\r\n    color:#ffffff !important;\r\n    background-color: #FF3845 !important;\r\n    cursor: pointer;\r\n}\r\n#huge_it_portfolio_content_7 section {\r\n    position:relative;\r\n    display:block;\r\n}\r\n\r\n#huge_it_portfolio_content_7 #huge_it_portfolio_container_7 {\r\n\r\n    width: 79%;\r\nwidth:100%;opacity: 0;\r\n}\r\n@media screen and (max-width: 768px) {\r\n\r\n    #huge_it_portfolio_content_7 #huge_it_portfolio_filters_7 ul li a,\r\n    #huge_it_portfolio_content_7 #huge_it_portfolio_filters_7 ul li a:link,\r\n    #huge_it_portfolio_content_7 #huge_it_portfolio_filters_7 ul li a:visited {\r\n        font-size: 2vw !important;\r\n    }\r\n    #huge_it_portfolio_content_7 #huge_it_portfolio_options_7 ul li a {\r\n        font-size:2vw !important;\r\n    }\r\n\r\n}\r\n\r\n@media screen and (max-width: 600px) {\r\n    .portelement_7 div.left-block_7 {\r\n        width: 100%;\r\n    }\r\n    .portelement_7 div.left-block_7 .main-image-block_7{\r\n        float: left;\r\n    }\r\n    .portelement_7 div.left-block_7 .thumbs-block{\r\n        width: calc(100% - 250px);\r\n        margin-left: 10px;\r\n    }\r\n    .portelement_7 div.left-block_7 .thumbs-block ul{\r\n        width: auto;\r\n    }\r\n    .portelement_7 div.right-block {\r\n        width: 100%;\r\n    }\r\n    .portelement_7 div.right-block .title-block_7 h3 {\r\n        text-align: center;\r\n    }\r\n}\r\n\r\n@media screen and (max-width: 480px) {\r\n\r\n    #huge_it_portfolio_content_7 #huge_it_portfolio_filters_7 ul li a,\r\n    #huge_it_portfolio_content_7 #huge_it_portfolio_filters_7 ul li a:link,\r\n    #huge_it_portfolio_content_7 #huge_it_portfolio_filters_7 ul li a:visited {\r\n        font-size: 3vw !important;\r\n    }\r\n    #huge_it_portfolio_content_7 #huge_it_portfolio_options_7 ul li a {\r\n        line-height: 3vw;\r\n        font-size:3vw !important;\r\n    }\r\n    .portelement_7 div.left-block_7 .thumbs-block{\r\n        width: auto;\r\n    }\r\n    .portelement_7 div.left-block_7 .main-image-block_7  {\r\n        left: 50%;\r\n        transform: translateX(-50%);\r\n        position: relative;\r\n    }\r\n    .portelement_7 div.left-block_7 .thumbs-block ul{\r\n        left: 50%;\r\n        transform: translateX(-50%);\r\n        position: relative;\r\n    }\r\n    .portelement_7 div.left-block_7 .thumbs-block{\r\n        width: 100%;\r\n        margin-left: 0;\r\n    }\r\n}\r\n@media screen and (max-width: 420px) {\r\n\r\n    #huge_it_portfolio_content_7 #huge_it_portfolio_filters_7 ul li a,\r\n    #huge_it_portfolio_content_7 #huge_it_portfolio_filters_7 ul li a:link,\r\n    #huge_it_portfolio_content_7 #huge_it_portfolio_filters_7 ul li a:visited {\r\n        font-size: 4vw !important;\r\n    }\r\n    #huge_it_portfolio_content_7 #huge_it_portfolio_options_7 ul li a {\r\n        font-size:4vw !important;\r\n    }\r\n}\r\n\r\n@media screen and (max-width: 765px) {\r\n    #huge_it_portfolio_content_7 .right-block {\r\n        float: left !important;\r\n        width: 100% !important;\r\n\r\n    }\r\n}\r\n#huge-it-container-loading-overlay_7 {\r\n    width: 100%;\r\n    height: 100%;\r\n    position: absolute;\r\n    z-index: 1;\r\n    background:  url(http:\/\/www.romaniancommunity.net\/rci\/wp-content\/plugins\/portfolio-gallery\/assets\/images\/loading\/loading-1.svg) center top ;\r\n    background-repeat: no-repeat;\r\n    background-size: 60px auto;\r\n}\r\n#huge_it_portfolio_options_and_filters_7{\r\n    position: relative;\r\n    float: left;\r\n    width: 20%;\r\n    max-width: 180px;\r\n    float:;\r\nmargin-left:1%;}\r\n<\/style>\n","protected":false},"excerpt":{"rendered":"","protected":false},"author":5,"featured_media":0,"parent":634,"menu_order":0,"comment_status":"closed","ping_status":"closed","template":"","meta":{"footnotes":""},"class_list":["post-3979","page","type-page","status-publish","hentry"],"yoast_head":"<!-- This site is optimized with the Yoast SEO plugin v27.4 - https:\/\/yoast.com\/product\/yoast-seo-wordpress\/ -->\n<title>Evenimente 2012 - Romanian Community of Ireland<\/title>\n<meta name=\"robots\" content=\"index, follow, max-snippet:-1, max-image-preview:large, max-video-preview:-1\" \/>\n<link rel=\"canonical\" href=\"http:\/\/www.romaniancommunity.net\/rci\/evenimente\/evenimente-2012\/\" \/>\n<meta property=\"og:locale\" content=\"en_US\" \/>\n<meta property=\"og:type\" content=\"article\" \/>\n<meta property=\"og:title\" content=\"Evenimente 2012 - Romanian Community of Ireland\" \/>\n<meta property=\"og:url\" content=\"http:\/\/www.romaniancommunity.net\/rci\/evenimente\/evenimente-2012\/\" \/>\n<meta property=\"og:site_name\" content=\"Romanian Community of Ireland\" \/>\n<meta property=\"article:publisher\" content=\"https:\/\/www.facebook.com\/RomanianCommunityOfIreland\/\" \/>\n<meta property=\"og:image\" content=\"http:\/\/www.romaniancommunity.net\/rci\/wp-content\/uploads\/2019\/01\/sigla-RCI.png\" \/>\n\t<meta property=\"og:image:width\" content=\"682\" \/>\n\t<meta property=\"og:image:height\" content=\"682\" \/>\n\t<meta property=\"og:image:type\" content=\"image\/png\" \/>\n<meta name=\"twitter:card\" content=\"summary_large_image\" \/>\n<script type=\"application\/ld+json\" class=\"yoast-schema-graph\">{\"@context\":\"https:\\\/\\\/schema.org\",\"@graph\":[{\"@type\":\"WebPage\",\"@id\":\"http:\\\/\\\/www.romaniancommunity.net\\\/rci\\\/evenimente\\\/evenimente-2012\\\/\",\"url\":\"http:\\\/\\\/www.romaniancommunity.net\\\/rci\\\/evenimente\\\/evenimente-2012\\\/\",\"name\":\"Evenimente 2012 - Romanian Community of Ireland\",\"isPartOf\":{\"@id\":\"http:\\\/\\\/www.romaniancommunity.net\\\/rci\\\/#website\"},\"datePublished\":\"2019-01-31T23:02:20+00:00\",\"breadcrumb\":{\"@id\":\"http:\\\/\\\/www.romaniancommunity.net\\\/rci\\\/evenimente\\\/evenimente-2012\\\/#breadcrumb\"},\"inLanguage\":\"en-US\",\"potentialAction\":[{\"@type\":\"ReadAction\",\"target\":[\"http:\\\/\\\/www.romaniancommunity.net\\\/rci\\\/evenimente\\\/evenimente-2012\\\/\"]}]},{\"@type\":\"BreadcrumbList\",\"@id\":\"http:\\\/\\\/www.romaniancommunity.net\\\/rci\\\/evenimente\\\/evenimente-2012\\\/#breadcrumb\",\"itemListElement\":[{\"@type\":\"ListItem\",\"position\":1,\"name\":\"Home\",\"item\":\"http:\\\/\\\/www.romaniancommunity.net\\\/rci\\\/\"},{\"@type\":\"ListItem\",\"position\":2,\"name\":\"EVENIMENTE\",\"item\":\"http:\\\/\\\/www.romaniancommunity.net\\\/rci\\\/evenimente\\\/\"},{\"@type\":\"ListItem\",\"position\":3,\"name\":\"Evenimente 2012\"}]},{\"@type\":\"WebSite\",\"@id\":\"http:\\\/\\\/www.romaniancommunity.net\\\/rci\\\/#website\",\"url\":\"http:\\\/\\\/www.romaniancommunity.net\\\/rci\\\/\",\"name\":\"Romanian Community of Ireland\",\"description\":\"Comunitatea Rom\u00e2nilor din Irlanda\",\"potentialAction\":[{\"@type\":\"SearchAction\",\"target\":{\"@type\":\"EntryPoint\",\"urlTemplate\":\"http:\\\/\\\/www.romaniancommunity.net\\\/rci\\\/?s={search_term_string}\"},\"query-input\":{\"@type\":\"PropertyValueSpecification\",\"valueRequired\":true,\"valueName\":\"search_term_string\"}}],\"inLanguage\":\"en-US\"}]}<\/script>\n<!-- \/ Yoast SEO plugin. -->","yoast_head_json":{"title":"Evenimente 2012 - Romanian Community of Ireland","robots":{"index":"index","follow":"follow","max-snippet":"max-snippet:-1","max-image-preview":"max-image-preview:large","max-video-preview":"max-video-preview:-1"},"canonical":"http:\/\/www.romaniancommunity.net\/rci\/evenimente\/evenimente-2012\/","og_locale":"en_US","og_type":"article","og_title":"Evenimente 2012 - Romanian Community of Ireland","og_url":"http:\/\/www.romaniancommunity.net\/rci\/evenimente\/evenimente-2012\/","og_site_name":"Romanian Community of Ireland","article_publisher":"https:\/\/www.facebook.com\/RomanianCommunityOfIreland\/","og_image":[{"width":682,"height":682,"url":"http:\/\/www.romaniancommunity.net\/rci\/wp-content\/uploads\/2019\/01\/sigla-RCI.png","type":"image\/png"}],"twitter_card":"summary_large_image","schema":{"@context":"https:\/\/schema.org","@graph":[{"@type":"WebPage","@id":"http:\/\/www.romaniancommunity.net\/rci\/evenimente\/evenimente-2012\/","url":"http:\/\/www.romaniancommunity.net\/rci\/evenimente\/evenimente-2012\/","name":"Evenimente 2012 - Romanian Community of Ireland","isPartOf":{"@id":"http:\/\/www.romaniancommunity.net\/rci\/#website"},"datePublished":"2019-01-31T23:02:20+00:00","breadcrumb":{"@id":"http:\/\/www.romaniancommunity.net\/rci\/evenimente\/evenimente-2012\/#breadcrumb"},"inLanguage":"en-US","potentialAction":[{"@type":"ReadAction","target":["http:\/\/www.romaniancommunity.net\/rci\/evenimente\/evenimente-2012\/"]}]},{"@type":"BreadcrumbList","@id":"http:\/\/www.romaniancommunity.net\/rci\/evenimente\/evenimente-2012\/#breadcrumb","itemListElement":[{"@type":"ListItem","position":1,"name":"Home","item":"http:\/\/www.romaniancommunity.net\/rci\/"},{"@type":"ListItem","position":2,"name":"EVENIMENTE","item":"http:\/\/www.romaniancommunity.net\/rci\/evenimente\/"},{"@type":"ListItem","position":3,"name":"Evenimente 2012"}]},{"@type":"WebSite","@id":"http:\/\/www.romaniancommunity.net\/rci\/#website","url":"http:\/\/www.romaniancommunity.net\/rci\/","name":"Romanian Community of Ireland","description":"Comunitatea Rom\u00e2nilor din Irlanda","potentialAction":[{"@type":"SearchAction","target":{"@type":"EntryPoint","urlTemplate":"http:\/\/www.romaniancommunity.net\/rci\/?s={search_term_string}"},"query-input":{"@type":"PropertyValueSpecification","valueRequired":true,"valueName":"search_term_string"}}],"inLanguage":"en-US"}]}},"_links":{"self":[{"href":"http:\/\/www.romaniancommunity.net\/rci\/wp-json\/wp\/v2\/pages\/3979","targetHints":{"allow":["GET"]}}],"collection":[{"href":"http:\/\/www.romaniancommunity.net\/rci\/wp-json\/wp\/v2\/pages"}],"about":[{"href":"http:\/\/www.romaniancommunity.net\/rci\/wp-json\/wp\/v2\/types\/page"}],"author":[{"embeddable":true,"href":"http:\/\/www.romaniancommunity.net\/rci\/wp-json\/wp\/v2\/users\/5"}],"replies":[{"embeddable":true,"href":"http:\/\/www.romaniancommunity.net\/rci\/wp-json\/wp\/v2\/comments?post=3979"}],"version-history":[{"count":1,"href":"http:\/\/www.romaniancommunity.net\/rci\/wp-json\/wp\/v2\/pages\/3979\/revisions"}],"predecessor-version":[{"id":3980,"href":"http:\/\/www.romaniancommunity.net\/rci\/wp-json\/wp\/v2\/pages\/3979\/revisions\/3980"}],"up":[{"embeddable":true,"href":"http:\/\/www.romaniancommunity.net\/rci\/wp-json\/wp\/v2\/pages\/634"}],"wp:attachment":[{"href":"http:\/\/www.romaniancommunity.net\/rci\/wp-json\/wp\/v2\/media?parent=3979"}],"curies":[{"name":"wp","href":"https:\/\/api.w.org\/{rel}","templated":true}]}}