{"id":3976,"date":"2019-01-31T23:00:43","date_gmt":"2019-01-31T23:00:43","guid":{"rendered":"http:\/\/www.romaniancommunity.net\/rci\/?page_id=3976"},"modified":"2019-01-31T23:00:43","modified_gmt":"2019-01-31T23:00:43","slug":"evenimente-2011","status":"publish","type":"page","link":"http:\/\/www.romaniancommunity.net\/rci\/evenimente\/evenimente-2011\/","title":{"rendered":"Evenimente 2011"},"content":{"rendered":"<section id=\"huge_it_portfolio_content_4\"\r\n         style=\"clear: both\"\r\n         class=\"portfolio-gallery-content \"\r\n         data-portfolio-id=\"4\">\r\n\t<div id=\"huge-it-container-loading-overlay_4\"><\/div>\r\n\t\t\t\t\t\t<div id=\"huge_it_portfolio_container_4\"\r\n\t     data-show-loading=\"on\"\r\n\t     data-show-center=\"center\"\r\n\t     class=\"huge_it_portfolio_container super-list variable-sizes clearfix view-full-width\" >\r\n\t\t\t\t\t<div\r\n\t\t\t\tclass=\"portelement portelement_4 colorbox_grouping   \" data-symbol=\"Ziua Na\u0163ional\u0103 2011\" data-category=\"alkaline-earth\">\r\n\t\t\t\t<div class=\"left-block_4\">\r\n\t\t\t\t\t<div class=\"main-image-block_4 add-H-relative\">\r\n                        <p style=\"display:none;\" class=\"load_date\">2017-06-24 15:07:37<\/p>\r\n                        <p style=\"display:none;\" class=\"number\">89<\/p>\r\n\t\t\t\t\t\t\t\t\t\t\t\t\t\t\t\t\t\t\t\t\t<a href=\"http:\/\/www.romaniancommunity.net\/rci\/wp-content\/uploads\/2015\/11\/01_2011Dec_ZiuaNationala.jpg\"\r\n\t\t\t\t\t\t\t\t\t   class=\" portfolio-group1-4\"\r\n                                       data-description=\" Spectacol de teatru organizat de Romanian Community of Ireland cu prilejul Zilei Na\u0163ionale. \r\nActorii Tamara Buciuceanu-Botez, Stela Popescu, Alexandru Ar\u015finel \u015fi Eugen Cristea vor sus\u0163ine un spectacol de revist\u0103-Votka, Caviar \u015fi Bye Bye,  \u00een regia lui Dan Puric.  \r\nV\u0103 a\u015ftept\u0103m cu to\u0163ii la Sala Alsaa, Dublin Airport, s\u00e2mb\u0103t\u0103 3 decembrie 2011, la orele 19.00.  \r\n\r\nBiletele se g\u0103sesc la sediul Comunit\u0103\u0163ii Romane\u015fti din Irlanda- 10 Cornmarket, Dublin 8. \r\n\"\r\n\t\t\t\t\t\t\t\t\t   title=\"Ziua Na\u0163ional\u0103 2011\" data-groupID=\"1-4\"><img\r\n\t\t\t\t\t\t\t\t\t\t\talt=\"Ziua Na\u0163ional\u0103 2011\"\r\n\t\t\t\t\t\t\t\t\t\t\tid=\"wd-cl-img0\"\r\n                                            data-title=\" 01_2011Dec_ZiuaNationala\"\r\n\t\t\t\t\t\t\t\t\t\t\tsrc=\"http:\/\/www.romaniancommunity.net\/rci\/wp-content\/uploads\/2015\/11\/01_2011Dec_ZiuaNationala.jpg\"><\/a>\r\n\t\t\t\t\t\t\t\t\t\t\t\t\t\t<\/div>\r\n\t\t\t\t\t<div class=\"thumbs-block\">\r\n\t\t\t\t\t\t\t\t\t\t\t\t\t<ul class=\"thumbs-list_4\">\r\n\t\t\t\t\t\t\t\t\t\t\t\t\t\t\t<\/ul>\r\n\t\t\t\t\t\t\t\t\t\t\t\t<\/div>\r\n\t\t\t\t<\/div>\r\n\t\t\t\t<div class=\"right-block\">\r\n\t\t\t\t\t\t\t\t\t\t<div class=\"title-block_4\">\r\n\t\t\t\t\t\t<h3 class=\"name\" >Ziua Na\u0163ional\u0103 2011<\/h3><\/div>\t\t\t\t\t\t\t\t\t\t\t\t<div class=\"description-block_4\">\r\n\t\t\t\t\t\t\t\t<p>Spectacol de teatru organizat de Romanian Community of Ireland cu prilejul Zilei Na\u0163ionale. \r\nActorii Tamara Buciuceanu-Botez, Stela Popescu, Alexandru Ar\u015finel \u015fi Eugen Cristea vor sus\u0163ine un spectacol de revist\u0103-Votka, Caviar \u015fi Bye Bye,  \u00een regia lui Dan Puric.  \r\nV\u0103 a\u015ftept\u0103m cu to\u0163ii la Sala Alsaa, Dublin Airport, s\u00e2mb\u0103t\u0103 3 decembrie 2011, la orele 19.00.  \r\n\r\nBiletele se g\u0103sesc la sediul Comunit\u0103\u0163ii Romane\u015fti din Irlanda- 10 Cornmarket, Dublin 8. \r\n<\/p><\/div>\r\n\t\t\t\t\t\t\t\t\t\t\t\t\t\t\t<\/div>\r\n\t\t\t<\/div>\r\n\r\n\t\t\t\r\n\t<\/div>\r\n<\/section><style>\r\n.portelement_4 .play-icon.youtube-icon  {\r\n    background: url(http:\/\/www.romaniancommunity.net\/rci\/wp-content\/plugins\/portfolio-gallery\/assets\/images\/admin_images\/play.youtube.png) center center no-repeat;\r\n    background-size: 30% 30%;\r\n}\r\n.portelement_4 .play-icon.vimeo-icon  {\r\n    background: url(http:\/\/www.romaniancommunity.net\/rci\/wp-content\/plugins\/portfolio-gallery\/assets\/images\/admin_images\/play.vimeo.png) center center no-repeat;\r\n    background-size: 30% 30%;\r\n}\r\n.portelement_4 .play-icon {\r\n    position: absolute;\r\n    top: 0px;\r\n    left: 0px;\r\n    width: 100%;\r\n    height: 100%;\r\n}\r\n.add-H-relative {\r\n    position: relative;\r\n}\r\n.add-H-block {\r\n    display: block;\r\n    border: none !important;\r\n    box-shadow: none;\r\n\r\n}\r\n\/***<\/add>***\/\r\n.portelement_4 {\r\n    position: relative;\r\n    width: calc(96% - 2px);\r\n    margin:5px 0px 5px 0px;\r\n    padding:2%;\r\n    clear:both;\r\n    overflow: hidden;\r\n    border:1px solid #dedede;\r\n    background:#f9f9f9;\r\n}\r\n\r\n.portelement_4 div.left-block_4 {\r\n    padding-right: 10px;\r\n    display: inline-block;\r\n    float: left;\r\n}\r\n\r\n.portelement_4 div.left-block_4 .main-image-block_4 {\r\n    clear:both;\r\n    width:240px;\r\n}\r\n\r\n.portelement_4 div.left-block_4 .main-image-block_4 img {\r\n    margin:0px !important;\r\n    padding:0px !important;\r\n    width:240px !important;\r\n    height:auto;\r\n}\r\n\r\n.portelement_4 div.left-block_4 .thumbs-block {\r\n    position:relative;\r\n    margin-top:10px;\r\n    display: inline-block;\r\n}\r\n\r\n.portelement_4 div.left-block_4 .thumbs-block .thumbs-list_4{\r\n    padding: 0 !important;\r\n}\r\n\r\n.portelement_4 div.left-block_4 .thumbs-block ul {\r\n    width:240px;\r\n    height:auto;\r\n    display:table;\r\n    margin:0px;\r\n    padding:0px;\r\n    list-style:none;\r\n}\r\n\r\n.portelement_4 div.left-block_4 .thumbs-block ul li {\r\n    margin:2px 3px 0px 2px;\r\n    padding:0px;\r\n    width:75px;\r\n    height:75px;\r\n    float:left;\r\n}\r\n\r\n.portelement_4 div.left-block_4 .thumbs-block ul li a {\r\n    display:block;\r\n    width:75px;\r\n    height:75px;\r\n    border: none;\r\n    box-shadow: none;\r\n}\r\n\r\n.portelement_4 div.left-block_4 .thumbs-block ul li a img {\r\n    margin:0px !important;\r\n    padding:0px !important;\r\n    width:75px;\r\n    height:75px;\r\n}\r\n\r\n.portelement_4 div.right-block {\r\n    vertical-align:top;\r\n    float: right;\r\n    display: inline-block;\r\n    width: calc(96% - 240px);\r\n}\r\n\r\n.portelement_4 div.right-block > div {\r\n    width:100%;\r\n    padding-bottom:10px;\r\n    margin-top:10px;\r\n    background:url('http:\/\/www.romaniancommunity.net\/rci\/wp-content\/plugins\/portfolio-gallery\/assets\/images\/admin_images\/divider.line.png') center bottom repeat-x;\r\n}\r\n\r\n.portelement_4 div.right-block > div:last-child {\r\n    background:none;\r\n}\r\n\r\n.portelement_4 div.right-block .title-block_4  {\r\n    margin-top:3px;\r\n}\r\n\r\n.portelement_4 div.right-block .title-block_4 h3 {\r\n    margin:0px;\r\n    padding:0px;\r\n    font-weight:normal;\r\n    font-size:18px !important;\r\n    line-height:22px !important;\r\n    color:#0074a2;\r\n}\r\n\r\n.portelement_4 div.right-block .description-block_4 p,.portelement_4 div.right-block .description-block_4  {\r\n    margin:0px;\r\n    padding:0px;\r\n    font-size:14px;\r\n    color:#555555;\r\n    text-align: justify;\r\n}\r\n\r\n\r\n.portelement_4 div.right-block .description-block_4 h1,\r\n.portelement_4 div.right-block .description-block_4 h2,\r\n.portelement_4 div.right-block .description-block_4 h3,\r\n.portelement_4 div.right-block .description-block_4 h4,\r\n.portelement_4 div.right-block .description-block_4 h5,\r\n.portelement_4 div.right-block .description-block_4 h6,\r\n.portelement_4 div.right-block .description-block_4 p,\r\n.portelement_4 div.right-block .description-block_4 strong,\r\n.portelement_4 div.right-block .description-block_4 span {\r\n    padding:2px !important;\r\n    margin:0px !important;\r\n}\r\n\r\n.portelement_4 div.right-block .description-block_4 ul,\r\n.portelement_4 div.right-block .description-block_4 li {\r\n    padding:2px 0px 2px 5px;\r\n    margin:0px 0px 0px 8px;\r\n}\r\n\r\n.portelement_4 .button-block {\r\n    position:relative;\r\n}\r\n\r\n.portelement_4 div.right-block .button-block a,.portelement_4 div.right-block .button-block a:link,.portelement_4 div.right-block .button-block a:visited {\r\n    position:relative;\r\n    display:inline-block;\r\n    padding:6px 12px;\r\n    background:#2ea2cd;\r\n    color:#ffffff;\r\n    font-size:14px;\r\n    text-decoration:none;\r\n    border:none;\r\n}\r\n\r\n.portelement_4 div.right-block .button-block a:hover,.pupup-elemen.element div.right-block .button-block a:focus,.portelement_4 div.right-block .button-block a:active {\r\n    background:#0074a2;\r\n    color:#ffffff;\r\n    border:none;\r\n}\r\n\r\n#huge_it_portfolio_content_4 #huge_it_portfolio_options_4 {\r\n    position: relative;\r\n    overflow: hidden;\r\nfloat:;margin-top:5px;max-width:180px;width:20%;display:inline-block;margin-left:1%;\r\nopacity: 0;    margin-bottom: 10px;\r\n}\r\n\r\n#huge_it_portfolio_content_4 #huge_it_portfolio_options_4 ul {\r\n    margin: 0px !important;\r\n    padding: 0px !important;\r\n    list-style: none;\r\n}\r\n\r\n#huge_it_portfolio_content_4 #huge_it_portfolio_filters_4 ul {\r\n    margin: 0px !important;\r\n    padding: 0px !important;\r\n    overflow: hidden;\r\n    width: 100%;\r\n}\r\n\r\n\r\n#huge_it_portfolio_content_4 #huge_it_portfolio_options_4 ul li {\r\n    border-radius: 0px;\r\n    list-style-type: none;\r\n    margin: 0px !important;\r\n    padding: 0;\r\nborder: 1px solid #ccc;}\r\n\r\n#huge_it_portfolio_content_4 #huge_it_portfolio_options_4 ul li a {\r\n    background-color: #F7F7F7 !important;\r\n    border-radius: 0px;\r\n    font-size:14px !important;\r\n    color:#555555 !important;\r\n    text-decoration: none;\r\n    cursor: pointer;\r\n    margin: 0px !important;\r\n    display: block;\r\n    padding:3px;\r\n}\r\n\r\n\/*#huge_it_portfolio_content_4 #huge_it_portfolio_options_4 ul li:hover {\r\n\r\n}*\/\r\n\r\n#huge_it_portfolio_content_4 #huge_it_portfolio_options_4 ul li a:hover {\r\n    background-color: #FF3845 !important;\r\n    color:#ffffff !important;\r\n    cursor: pointer;\r\n}\r\n\r\n#huge_it_portfolio_content_4 #huge_it_portfolio_filters_4 {\r\n    position: relative;\r\n    overflow: hidden;\r\nfloat:;margin-top:5px;max-width:180px;width:20%;display:inline-block;margin-left:1%;\r\nopacity: 0;}\r\n\r\n#huge_it_portfolio_content_4 #huge_it_portfolio_filters_4 ul li {\r\n    border-radius: 0px;\r\n    list-style-type: none;\r\nborder: 1px solid #ccc;}\r\n\r\n#huge_it_portfolio_content_4 #huge_it_portfolio_filters_4 ul li a {\r\n    font-size:14px !important;\r\n    color:#555555 !important;\r\n    background-color: #F7F7F7 !important;\r\n    border-radius: 0px;\r\n    padding:3px;\r\n    display: block;\r\n    text-decoration: none;\r\n}\r\n\r\n#huge_it_portfolio_content_4 #huge_it_portfolio_filters_4  ul li a:hover {\r\n    color:#ffffff !important;\r\n    background-color: #FF3845 !important;\r\n    cursor: pointer;\r\n}\r\n#huge_it_portfolio_content_4 #huge_it_portfolio_filters_4 ul li.active a,\r\n#huge_it_portfolio_content_4 #huge_it_portfolio_filters_4 ul li.active a:link,\r\n#huge_it_portfolio_content_4 #huge_it_portfolio_filters_4 ul li.active a:visited,\r\n#huge_it_portfolio_content_4 #huge_it_portfolio_filters_4  ul li.active a:hover,\r\n#huge_it_portfolio_content_4 #huge_it_portfolio_filters_4  ul li.active a:focus,\r\n#huge_it_portfolio_content_4 #huge_it_portfolio_filters_4  ul li.active a:active {\r\n    color:#ffffff !important;\r\n    background-color: #FF3845 !important;\r\n    cursor: pointer;\r\n}\r\n#huge_it_portfolio_content_4 section {\r\n    position:relative;\r\n    display:block;\r\n}\r\n\r\n#huge_it_portfolio_content_4 #huge_it_portfolio_container_4 {\r\n\r\n    width: 79%;\r\nwidth:100%;opacity: 0;\r\n}\r\n@media screen and (max-width: 768px) {\r\n\r\n    #huge_it_portfolio_content_4 #huge_it_portfolio_filters_4 ul li a,\r\n    #huge_it_portfolio_content_4 #huge_it_portfolio_filters_4 ul li a:link,\r\n    #huge_it_portfolio_content_4 #huge_it_portfolio_filters_4 ul li a:visited {\r\n        font-size: 2vw !important;\r\n    }\r\n    #huge_it_portfolio_content_4 #huge_it_portfolio_options_4 ul li a {\r\n        font-size:2vw !important;\r\n    }\r\n\r\n}\r\n\r\n@media screen and (max-width: 600px) {\r\n    .portelement_4 div.left-block_4 {\r\n        width: 100%;\r\n    }\r\n    .portelement_4 div.left-block_4 .main-image-block_4{\r\n        float: left;\r\n    }\r\n    .portelement_4 div.left-block_4 .thumbs-block{\r\n        width: calc(100% - 250px);\r\n        margin-left: 10px;\r\n    }\r\n    .portelement_4 div.left-block_4 .thumbs-block ul{\r\n        width: auto;\r\n    }\r\n    .portelement_4 div.right-block {\r\n        width: 100%;\r\n    }\r\n    .portelement_4 div.right-block .title-block_4 h3 {\r\n        text-align: center;\r\n    }\r\n}\r\n\r\n@media screen and (max-width: 480px) {\r\n\r\n    #huge_it_portfolio_content_4 #huge_it_portfolio_filters_4 ul li a,\r\n    #huge_it_portfolio_content_4 #huge_it_portfolio_filters_4 ul li a:link,\r\n    #huge_it_portfolio_content_4 #huge_it_portfolio_filters_4 ul li a:visited {\r\n        font-size: 3vw !important;\r\n    }\r\n    #huge_it_portfolio_content_4 #huge_it_portfolio_options_4 ul li a {\r\n        line-height: 3vw;\r\n        font-size:3vw !important;\r\n    }\r\n    .portelement_4 div.left-block_4 .thumbs-block{\r\n        width: auto;\r\n    }\r\n    .portelement_4 div.left-block_4 .main-image-block_4  {\r\n        left: 50%;\r\n        transform: translateX(-50%);\r\n        position: relative;\r\n    }\r\n    .portelement_4 div.left-block_4 .thumbs-block ul{\r\n        left: 50%;\r\n        transform: translateX(-50%);\r\n        position: relative;\r\n    }\r\n    .portelement_4 div.left-block_4 .thumbs-block{\r\n        width: 100%;\r\n        margin-left: 0;\r\n    }\r\n}\r\n@media screen and (max-width: 420px) {\r\n\r\n    #huge_it_portfolio_content_4 #huge_it_portfolio_filters_4 ul li a,\r\n    #huge_it_portfolio_content_4 #huge_it_portfolio_filters_4 ul li a:link,\r\n    #huge_it_portfolio_content_4 #huge_it_portfolio_filters_4 ul li a:visited {\r\n        font-size: 4vw !important;\r\n    }\r\n    #huge_it_portfolio_content_4 #huge_it_portfolio_options_4 ul li a {\r\n        font-size:4vw !important;\r\n    }\r\n}\r\n\r\n@media screen and (max-width: 765px) {\r\n    #huge_it_portfolio_content_4 .right-block {\r\n        float: left !important;\r\n        width: 100% !important;\r\n\r\n    }\r\n}\r\n#huge-it-container-loading-overlay_4 {\r\n    width: 100%;\r\n    height: 100%;\r\n    position: absolute;\r\n    z-index: 1;\r\n    background:  url(http:\/\/www.romaniancommunity.net\/rci\/wp-content\/plugins\/portfolio-gallery\/assets\/images\/loading\/loading-1.svg) center top ;\r\n    background-repeat: no-repeat;\r\n    background-size: 60px auto;\r\n}\r\n#huge_it_portfolio_options_and_filters_4{\r\n    position: relative;\r\n    float: left;\r\n    width: 20%;\r\n    max-width: 180px;\r\n    float:;\r\nmargin-left:1%;}\r\n<\/style>\n","protected":false},"excerpt":{"rendered":"","protected":false},"author":5,"featured_media":0,"parent":634,"menu_order":0,"comment_status":"closed","ping_status":"closed","template":"","meta":{"footnotes":""},"class_list":["post-3976","page","type-page","status-publish","hentry"],"yoast_head":"<!-- This site is optimized with the Yoast SEO plugin v27.5 - https:\/\/yoast.com\/product\/yoast-seo-wordpress\/ -->\n<title>Evenimente 2011 - Romanian Community of Ireland<\/title>\n<meta name=\"robots\" content=\"index, follow, max-snippet:-1, max-image-preview:large, max-video-preview:-1\" \/>\n<link rel=\"canonical\" href=\"http:\/\/www.romaniancommunity.net\/rci\/evenimente\/evenimente-2011\/\" \/>\n<meta property=\"og:locale\" content=\"en_US\" \/>\n<meta property=\"og:type\" content=\"article\" \/>\n<meta property=\"og:title\" content=\"Evenimente 2011 - Romanian Community of Ireland\" \/>\n<meta property=\"og:url\" content=\"http:\/\/www.romaniancommunity.net\/rci\/evenimente\/evenimente-2011\/\" \/>\n<meta property=\"og:site_name\" content=\"Romanian Community of Ireland\" \/>\n<meta property=\"article:publisher\" content=\"https:\/\/www.facebook.com\/RomanianCommunityOfIreland\/\" \/>\n<meta property=\"og:image\" content=\"http:\/\/www.romaniancommunity.net\/rci\/wp-content\/uploads\/2019\/01\/sigla-RCI.png\" \/>\n\t<meta property=\"og:image:width\" content=\"682\" \/>\n\t<meta property=\"og:image:height\" content=\"682\" \/>\n\t<meta property=\"og:image:type\" content=\"image\/png\" \/>\n<meta name=\"twitter:card\" content=\"summary_large_image\" \/>\n<script type=\"application\/ld+json\" class=\"yoast-schema-graph\">{\"@context\":\"https:\\\/\\\/schema.org\",\"@graph\":[{\"@type\":\"WebPage\",\"@id\":\"http:\\\/\\\/www.romaniancommunity.net\\\/rci\\\/evenimente\\\/evenimente-2011\\\/\",\"url\":\"http:\\\/\\\/www.romaniancommunity.net\\\/rci\\\/evenimente\\\/evenimente-2011\\\/\",\"name\":\"Evenimente 2011 - Romanian Community of Ireland\",\"isPartOf\":{\"@id\":\"http:\\\/\\\/www.romaniancommunity.net\\\/rci\\\/#website\"},\"datePublished\":\"2019-01-31T23:00:43+00:00\",\"breadcrumb\":{\"@id\":\"http:\\\/\\\/www.romaniancommunity.net\\\/rci\\\/evenimente\\\/evenimente-2011\\\/#breadcrumb\"},\"inLanguage\":\"en-US\",\"potentialAction\":[{\"@type\":\"ReadAction\",\"target\":[\"http:\\\/\\\/www.romaniancommunity.net\\\/rci\\\/evenimente\\\/evenimente-2011\\\/\"]}]},{\"@type\":\"BreadcrumbList\",\"@id\":\"http:\\\/\\\/www.romaniancommunity.net\\\/rci\\\/evenimente\\\/evenimente-2011\\\/#breadcrumb\",\"itemListElement\":[{\"@type\":\"ListItem\",\"position\":1,\"name\":\"Home\",\"item\":\"http:\\\/\\\/www.romaniancommunity.net\\\/rci\\\/\"},{\"@type\":\"ListItem\",\"position\":2,\"name\":\"EVENIMENTE\",\"item\":\"http:\\\/\\\/www.romaniancommunity.net\\\/rci\\\/evenimente\\\/\"},{\"@type\":\"ListItem\",\"position\":3,\"name\":\"Evenimente 2011\"}]},{\"@type\":\"WebSite\",\"@id\":\"http:\\\/\\\/www.romaniancommunity.net\\\/rci\\\/#website\",\"url\":\"http:\\\/\\\/www.romaniancommunity.net\\\/rci\\\/\",\"name\":\"Romanian Community of Ireland\",\"description\":\"Comunitatea Rom\u00e2nilor din Irlanda\",\"potentialAction\":[{\"@type\":\"SearchAction\",\"target\":{\"@type\":\"EntryPoint\",\"urlTemplate\":\"http:\\\/\\\/www.romaniancommunity.net\\\/rci\\\/?s={search_term_string}\"},\"query-input\":{\"@type\":\"PropertyValueSpecification\",\"valueRequired\":true,\"valueName\":\"search_term_string\"}}],\"inLanguage\":\"en-US\"}]}<\/script>\n<!-- \/ Yoast SEO plugin. -->","yoast_head_json":{"title":"Evenimente 2011 - Romanian Community of Ireland","robots":{"index":"index","follow":"follow","max-snippet":"max-snippet:-1","max-image-preview":"max-image-preview:large","max-video-preview":"max-video-preview:-1"},"canonical":"http:\/\/www.romaniancommunity.net\/rci\/evenimente\/evenimente-2011\/","og_locale":"en_US","og_type":"article","og_title":"Evenimente 2011 - Romanian Community of Ireland","og_url":"http:\/\/www.romaniancommunity.net\/rci\/evenimente\/evenimente-2011\/","og_site_name":"Romanian Community of Ireland","article_publisher":"https:\/\/www.facebook.com\/RomanianCommunityOfIreland\/","og_image":[{"width":682,"height":682,"url":"http:\/\/www.romaniancommunity.net\/rci\/wp-content\/uploads\/2019\/01\/sigla-RCI.png","type":"image\/png"}],"twitter_card":"summary_large_image","schema":{"@context":"https:\/\/schema.org","@graph":[{"@type":"WebPage","@id":"http:\/\/www.romaniancommunity.net\/rci\/evenimente\/evenimente-2011\/","url":"http:\/\/www.romaniancommunity.net\/rci\/evenimente\/evenimente-2011\/","name":"Evenimente 2011 - Romanian Community of Ireland","isPartOf":{"@id":"http:\/\/www.romaniancommunity.net\/rci\/#website"},"datePublished":"2019-01-31T23:00:43+00:00","breadcrumb":{"@id":"http:\/\/www.romaniancommunity.net\/rci\/evenimente\/evenimente-2011\/#breadcrumb"},"inLanguage":"en-US","potentialAction":[{"@type":"ReadAction","target":["http:\/\/www.romaniancommunity.net\/rci\/evenimente\/evenimente-2011\/"]}]},{"@type":"BreadcrumbList","@id":"http:\/\/www.romaniancommunity.net\/rci\/evenimente\/evenimente-2011\/#breadcrumb","itemListElement":[{"@type":"ListItem","position":1,"name":"Home","item":"http:\/\/www.romaniancommunity.net\/rci\/"},{"@type":"ListItem","position":2,"name":"EVENIMENTE","item":"http:\/\/www.romaniancommunity.net\/rci\/evenimente\/"},{"@type":"ListItem","position":3,"name":"Evenimente 2011"}]},{"@type":"WebSite","@id":"http:\/\/www.romaniancommunity.net\/rci\/#website","url":"http:\/\/www.romaniancommunity.net\/rci\/","name":"Romanian Community of Ireland","description":"Comunitatea Rom\u00e2nilor din Irlanda","potentialAction":[{"@type":"SearchAction","target":{"@type":"EntryPoint","urlTemplate":"http:\/\/www.romaniancommunity.net\/rci\/?s={search_term_string}"},"query-input":{"@type":"PropertyValueSpecification","valueRequired":true,"valueName":"search_term_string"}}],"inLanguage":"en-US"}]}},"_links":{"self":[{"href":"http:\/\/www.romaniancommunity.net\/rci\/wp-json\/wp\/v2\/pages\/3976","targetHints":{"allow":["GET"]}}],"collection":[{"href":"http:\/\/www.romaniancommunity.net\/rci\/wp-json\/wp\/v2\/pages"}],"about":[{"href":"http:\/\/www.romaniancommunity.net\/rci\/wp-json\/wp\/v2\/types\/page"}],"author":[{"embeddable":true,"href":"http:\/\/www.romaniancommunity.net\/rci\/wp-json\/wp\/v2\/users\/5"}],"replies":[{"embeddable":true,"href":"http:\/\/www.romaniancommunity.net\/rci\/wp-json\/wp\/v2\/comments?post=3976"}],"version-history":[{"count":2,"href":"http:\/\/www.romaniancommunity.net\/rci\/wp-json\/wp\/v2\/pages\/3976\/revisions"}],"predecessor-version":[{"id":3978,"href":"http:\/\/www.romaniancommunity.net\/rci\/wp-json\/wp\/v2\/pages\/3976\/revisions\/3978"}],"up":[{"embeddable":true,"href":"http:\/\/www.romaniancommunity.net\/rci\/wp-json\/wp\/v2\/pages\/634"}],"wp:attachment":[{"href":"http:\/\/www.romaniancommunity.net\/rci\/wp-json\/wp\/v2\/media?parent=3976"}],"curies":[{"name":"wp","href":"https:\/\/api.w.org\/{rel}","templated":true}]}}