{"id":3953,"date":"2019-01-10T22:54:51","date_gmt":"2019-01-10T22:54:51","guid":{"rendered":"http:\/\/www.romaniancommunity.net\/rci\/?page_id=3953"},"modified":"2019-01-10T22:54:51","modified_gmt":"2019-01-10T22:54:51","slug":"retrospectiva-2016","status":"publish","type":"page","link":"http:\/\/www.romaniancommunity.net\/rci\/retrospectiva-2016\/","title":{"rendered":"Retrospectiva 2016"},"content":{"rendered":"<h3><strong>Romanian Community of Ireland &#8211; Retrospectiva 2016<\/strong><\/h3>\n<p><iframe loading=\"lazy\" class=\"alignleft wp-image-2920\" src=\"https:\/\/www.youtube-nocookie.com\/embed\/X-FWHILChuQ\" width=\"560\" height=\"315\" frameborder=\"0\" allowfullscreen=\"allowfullscreen\"><\/iframe><\/p>\n<p>Echipa RCI v\u0103 invit\u0103 \u0219i \u00een 2017 s\u0103 ne bucur\u0103m \u00eempreun\u0103, s\u0103 ne distr\u0103m \u0219i s\u0103 s\u0103rb\u0103torim! Voluntarii au \u00eenceput munca \u0219i au dat startul preg\u0103tirilor pentru numeroase evenimente si surprize frumoase.<\/p>\n<p>Cu mare pl\u0103cere v\u0103 oferim o selec\u021bie a evenimentelor din 2016, deja consacrate, Ziua Femeii, Zilele Rom\u00e2nilor din Irlanda, Ziua Copilului, Ziua Na\u021bional\u0103, dar \u0219i noi, Ziua Limbii Rom\u00e2ne, Con\u0219tientizarea St\u0103rilor Mintale, sau parteneriate pentru Premiile Revistei Itaca, Vizit\u0103 la Google, Teatrul Arte dell&#8217;Anima, Promovarea incluziunii sociale, \u0219i multe altele, precum vizita la pre\u0219edintele Irlandei, Michael. D. Higgins.<\/p>\n<p>R\u0103m\u00e2ne\u021bi cu ochii pe noi!<\/p>\n","protected":false},"excerpt":{"rendered":"<p>Romanian Community of Ireland &#8211; Retrospectiva 2016 Echipa RCI v\u0103 invit\u0103 \u0219i \u00een 2017 s\u0103 ne bucur\u0103m \u00eempreun\u0103, s\u0103 ne distr\u0103m \u0219i s\u0103 s\u0103rb\u0103torim! Voluntarii au \u00eenceput munca \u0219i au [&hellip;]<\/p>\n","protected":false},"author":5,"featured_media":0,"parent":0,"menu_order":0,"comment_status":"closed","ping_status":"closed","template":"","meta":{"footnotes":""},"class_list":["post-3953","page","type-page","status-publish","hentry"],"yoast_head":"<!-- This site is optimized with the Yoast SEO plugin v27.4 - https:\/\/yoast.com\/product\/yoast-seo-wordpress\/ -->\n<title>Retrospectiva 2016 - Romanian Community of Ireland<\/title>\n<meta name=\"robots\" content=\"index, follow, max-snippet:-1, max-image-preview:large, max-video-preview:-1\" \/>\n<link rel=\"canonical\" href=\"http:\/\/www.romaniancommunity.net\/rci\/retrospectiva-2016\/\" \/>\n<meta property=\"og:locale\" content=\"en_US\" \/>\n<meta property=\"og:type\" content=\"article\" \/>\n<meta property=\"og:title\" content=\"Retrospectiva 2016 - Romanian Community of Ireland\" \/>\n<meta property=\"og:description\" content=\"Romanian Community of Ireland &#8211; Retrospectiva 2016 Echipa RCI v\u0103 invit\u0103 \u0219i \u00een 2017 s\u0103 ne bucur\u0103m \u00eempreun\u0103, s\u0103 ne distr\u0103m \u0219i s\u0103 s\u0103rb\u0103torim! Voluntarii au \u00eenceput munca \u0219i au [&hellip;]\" \/>\n<meta property=\"og:url\" content=\"http:\/\/www.romaniancommunity.net\/rci\/retrospectiva-2016\/\" \/>\n<meta property=\"og:site_name\" content=\"Romanian Community of Ireland\" \/>\n<meta property=\"article:publisher\" content=\"https:\/\/www.facebook.com\/RomanianCommunityOfIreland\/\" \/>\n<meta property=\"og:image\" content=\"http:\/\/www.romaniancommunity.net\/rci\/wp-content\/uploads\/2019\/01\/sigla-RCI.png\" \/>\n\t<meta property=\"og:image:width\" content=\"682\" \/>\n\t<meta property=\"og:image:height\" content=\"682\" \/>\n\t<meta property=\"og:image:type\" content=\"image\/png\" \/>\n<meta name=\"twitter:card\" content=\"summary_large_image\" \/>\n<meta name=\"twitter:label1\" content=\"Est. reading time\" \/>\n\t<meta name=\"twitter:data1\" content=\"1 minute\" \/>\n<script type=\"application\/ld+json\" class=\"yoast-schema-graph\">{\"@context\":\"https:\\\/\\\/schema.org\",\"@graph\":[{\"@type\":\"WebPage\",\"@id\":\"http:\\\/\\\/www.romaniancommunity.net\\\/rci\\\/retrospectiva-2016\\\/\",\"url\":\"http:\\\/\\\/www.romaniancommunity.net\\\/rci\\\/retrospectiva-2016\\\/\",\"name\":\"Retrospectiva 2016 - Romanian Community of Ireland\",\"isPartOf\":{\"@id\":\"http:\\\/\\\/www.romaniancommunity.net\\\/rci\\\/#website\"},\"datePublished\":\"2019-01-10T22:54:51+00:00\",\"breadcrumb\":{\"@id\":\"http:\\\/\\\/www.romaniancommunity.net\\\/rci\\\/retrospectiva-2016\\\/#breadcrumb\"},\"inLanguage\":\"en-US\",\"potentialAction\":[{\"@type\":\"ReadAction\",\"target\":[\"http:\\\/\\\/www.romaniancommunity.net\\\/rci\\\/retrospectiva-2016\\\/\"]}]},{\"@type\":\"BreadcrumbList\",\"@id\":\"http:\\\/\\\/www.romaniancommunity.net\\\/rci\\\/retrospectiva-2016\\\/#breadcrumb\",\"itemListElement\":[{\"@type\":\"ListItem\",\"position\":1,\"name\":\"Home\",\"item\":\"http:\\\/\\\/www.romaniancommunity.net\\\/rci\\\/\"},{\"@type\":\"ListItem\",\"position\":2,\"name\":\"Retrospectiva 2016\"}]},{\"@type\":\"WebSite\",\"@id\":\"http:\\\/\\\/www.romaniancommunity.net\\\/rci\\\/#website\",\"url\":\"http:\\\/\\\/www.romaniancommunity.net\\\/rci\\\/\",\"name\":\"Romanian Community of Ireland\",\"description\":\"Comunitatea Rom\u00e2nilor din Irlanda\",\"potentialAction\":[{\"@type\":\"SearchAction\",\"target\":{\"@type\":\"EntryPoint\",\"urlTemplate\":\"http:\\\/\\\/www.romaniancommunity.net\\\/rci\\\/?s={search_term_string}\"},\"query-input\":{\"@type\":\"PropertyValueSpecification\",\"valueRequired\":true,\"valueName\":\"search_term_string\"}}],\"inLanguage\":\"en-US\"}]}<\/script>\n<!-- \/ Yoast SEO plugin. -->","yoast_head_json":{"title":"Retrospectiva 2016 - Romanian Community of Ireland","robots":{"index":"index","follow":"follow","max-snippet":"max-snippet:-1","max-image-preview":"max-image-preview:large","max-video-preview":"max-video-preview:-1"},"canonical":"http:\/\/www.romaniancommunity.net\/rci\/retrospectiva-2016\/","og_locale":"en_US","og_type":"article","og_title":"Retrospectiva 2016 - Romanian Community of Ireland","og_description":"Romanian Community of Ireland &#8211; Retrospectiva 2016 Echipa RCI v\u0103 invit\u0103 \u0219i \u00een 2017 s\u0103 ne bucur\u0103m \u00eempreun\u0103, s\u0103 ne distr\u0103m \u0219i s\u0103 s\u0103rb\u0103torim! Voluntarii au \u00eenceput munca \u0219i au [&hellip;]","og_url":"http:\/\/www.romaniancommunity.net\/rci\/retrospectiva-2016\/","og_site_name":"Romanian Community of Ireland","article_publisher":"https:\/\/www.facebook.com\/RomanianCommunityOfIreland\/","og_image":[{"width":682,"height":682,"url":"http:\/\/www.romaniancommunity.net\/rci\/wp-content\/uploads\/2019\/01\/sigla-RCI.png","type":"image\/png"}],"twitter_card":"summary_large_image","twitter_misc":{"Est. reading time":"1 minute"},"schema":{"@context":"https:\/\/schema.org","@graph":[{"@type":"WebPage","@id":"http:\/\/www.romaniancommunity.net\/rci\/retrospectiva-2016\/","url":"http:\/\/www.romaniancommunity.net\/rci\/retrospectiva-2016\/","name":"Retrospectiva 2016 - Romanian Community of Ireland","isPartOf":{"@id":"http:\/\/www.romaniancommunity.net\/rci\/#website"},"datePublished":"2019-01-10T22:54:51+00:00","breadcrumb":{"@id":"http:\/\/www.romaniancommunity.net\/rci\/retrospectiva-2016\/#breadcrumb"},"inLanguage":"en-US","potentialAction":[{"@type":"ReadAction","target":["http:\/\/www.romaniancommunity.net\/rci\/retrospectiva-2016\/"]}]},{"@type":"BreadcrumbList","@id":"http:\/\/www.romaniancommunity.net\/rci\/retrospectiva-2016\/#breadcrumb","itemListElement":[{"@type":"ListItem","position":1,"name":"Home","item":"http:\/\/www.romaniancommunity.net\/rci\/"},{"@type":"ListItem","position":2,"name":"Retrospectiva 2016"}]},{"@type":"WebSite","@id":"http:\/\/www.romaniancommunity.net\/rci\/#website","url":"http:\/\/www.romaniancommunity.net\/rci\/","name":"Romanian Community of Ireland","description":"Comunitatea Rom\u00e2nilor din Irlanda","potentialAction":[{"@type":"SearchAction","target":{"@type":"EntryPoint","urlTemplate":"http:\/\/www.romaniancommunity.net\/rci\/?s={search_term_string}"},"query-input":{"@type":"PropertyValueSpecification","valueRequired":true,"valueName":"search_term_string"}}],"inLanguage":"en-US"}]}},"_links":{"self":[{"href":"http:\/\/www.romaniancommunity.net\/rci\/wp-json\/wp\/v2\/pages\/3953","targetHints":{"allow":["GET"]}}],"collection":[{"href":"http:\/\/www.romaniancommunity.net\/rci\/wp-json\/wp\/v2\/pages"}],"about":[{"href":"http:\/\/www.romaniancommunity.net\/rci\/wp-json\/wp\/v2\/types\/page"}],"author":[{"embeddable":true,"href":"http:\/\/www.romaniancommunity.net\/rci\/wp-json\/wp\/v2\/users\/5"}],"replies":[{"embeddable":true,"href":"http:\/\/www.romaniancommunity.net\/rci\/wp-json\/wp\/v2\/comments?post=3953"}],"version-history":[{"count":1,"href":"http:\/\/www.romaniancommunity.net\/rci\/wp-json\/wp\/v2\/pages\/3953\/revisions"}],"predecessor-version":[{"id":3954,"href":"http:\/\/www.romaniancommunity.net\/rci\/wp-json\/wp\/v2\/pages\/3953\/revisions\/3954"}],"wp:attachment":[{"href":"http:\/\/www.romaniancommunity.net\/rci\/wp-json\/wp\/v2\/media?parent=3953"}],"curies":[{"name":"wp","href":"https:\/\/api.w.org\/{rel}","templated":true}]}}