{"id":32,"date":"2015-04-16T10:16:32","date_gmt":"2015-04-16T10:16:32","guid":{"rendered":"http:\/\/www.romaniancommunity.net\/rci\/?page_id=32"},"modified":"2016-09-05T13:10:13","modified_gmt":"2016-09-05T13:10:13","slug":"cursuri-gratuite-de-limba-engleza","status":"publish","type":"page","link":"http:\/\/www.romaniancommunity.net\/rci\/servicii-rci\/cursuri-gratuite-de-limba-engleza\/","title":{"rendered":"Cursuri gratuite de limba englez\u0103"},"content":{"rendered":"<p style=\"text-align: justify;\"><img loading=\"lazy\" decoding=\"async\" class=\"alignright wp-image-772 size-full\" src=\"http:\/\/www.romaniancommunity.net\/rci\/wp-content\/uploads\/2015\/04\/cdvec.jpg\" alt=\"Cursuri gratuite de limba englez\u0103\" width=\"300\" height=\"125\" \/>Din dorin\u0163a de a contribui la o mai bun\u0103 integrare a rom\u00e2nilor \u00een Irlanda, \u00eencep\u00e2nd cu anul 2009, RCI organizeaz\u0103 cursuri gratuite de limba englez\u0103, \u00een colaborare cu CDVEC.<\/p>\n<p style=\"text-align: justify;\">\u00cen luna septembrie a fiec\u0103rui an, Romanian Community of Ireland organizeaz\u0103 o preselec\u0163ie a candida\u0163ilor \u00eenscri\u015fi. Cei doritori s\u0103 beneficieze de acest serviciu sunt invita\u0163i s\u0103 urm\u0103reasc\u0103 \u00eendeaproape pagina de Facebook a organiza\u0163iei pentru a afla data c\u00e2nd \u00eencep \u00eenscrierile. Locurile sunt limitate, iar cererea este foarte mare. \u00cen 2015, de exemplu, dup\u0103 ce a fost publicat anun\u0163ul, s-au \u00eenscris 70 de participan\u0163i \u00eentr-o singur\u0103 zi.<\/p>\n<p style=\"text-align: justify;\"><strong>Cursurile de limba englez\u0103 organizate de RCI sunt:<\/strong><br \/>\n\u2022 GRATUITE<br \/>\n\u2022 Pentru NIVELUL \u00ceNCEP\u0102TOR<br \/>\n\u2022 Predate de profesori irlandezi califica\u0163i \u015fi monitorizati de CDVEC<br \/>\n\u2022\u00a0Disponibile doar pentru adul\u0163i<br \/>\n\u2022\u00a0Desf\u0103\u015furate pe perioada septembrie 2015 &#8211; mai 2016.<\/p>\n<p style=\"text-align: justify;\"><strong>Lec\u0163iile se desf\u0103\u015foar\u0103 la sediul organiza\u0163iei &#8211; 53 Upper Dorset Street, Dublin 1, \u00een fiecare sear\u0103 de luni \u015fi miercuri, \u00eencep\u00e2nd cu ora 19:00.<\/strong><\/p>\n<div class=\"msg-info\" style=\"text-align: justify;\">\n<div class=\"msg-box-icon\"><span style=\"line-height: 1.5em;\">Pentru mai multe informa\u0163ii ne pute\u0163i scrie la adresa <\/span><a style=\"line-height: 1.5em;\" href=\"mailto:info@romaniancommunity.net\">info@romaniancommunity.net .<\/a><\/div>\n<\/div>\n","protected":false},"excerpt":{"rendered":"<p>Din dorin\u0163a de a contribui la o mai bun\u0103 integrare a rom\u00e2nilor \u00een Irlanda, \u00eencep\u00e2nd cu anul 2009, RCI organizeaz\u0103 cursuri gratuite de limba englez\u0103, \u00een colaborare cu CDVEC. \u00cen [&hellip;]<\/p>\n","protected":false},"author":7,"featured_media":0,"parent":28,"menu_order":0,"comment_status":"closed","ping_status":"closed","template":"","meta":{"footnotes":""},"class_list":["post-32","page","type-page","status-publish","hentry"],"yoast_head":"<!-- This site is optimized with the Yoast SEO plugin v27.4 - https:\/\/yoast.com\/product\/yoast-seo-wordpress\/ -->\n<title>Cursuri gratuite de limba englez\u0103 - Romanian Community of Ireland<\/title>\n<meta name=\"description\" content=\"Din dorin\u0163a de a contribui la o mai bun\u0103 integrare a rom\u00e2nilor \u00een Irlanda, RCI organizeaz\u0103 cursuri gratuite de limba englez\u0103, \u00een colaborare cu CDVEC\" \/>\n<meta name=\"robots\" content=\"index, follow, max-snippet:-1, max-image-preview:large, max-video-preview:-1\" \/>\n<link rel=\"canonical\" href=\"https:\/\/www.romaniancommunity.net\/rci\/servicii-rci\/cursuri-gratuite-de-limba-engleza\/\" \/>\n<meta property=\"og:locale\" content=\"en_US\" \/>\n<meta property=\"og:type\" content=\"article\" \/>\n<meta property=\"og:title\" content=\"Cursuri gratuite de limba englez\u0103 - Romanian Community of Ireland\" \/>\n<meta property=\"og:description\" content=\"Din dorin\u0163a de a contribui la o mai bun\u0103 integrare a rom\u00e2nilor \u00een Irlanda, RCI organizeaz\u0103 cursuri gratuite de limba englez\u0103, \u00een colaborare cu CDVEC\" \/>\n<meta property=\"og:url\" content=\"https:\/\/www.romaniancommunity.net\/rci\/servicii-rci\/cursuri-gratuite-de-limba-engleza\/\" \/>\n<meta property=\"og:site_name\" content=\"Romanian Community of Ireland\" \/>\n<meta property=\"article:publisher\" content=\"https:\/\/www.facebook.com\/RomanianCommunityOfIreland\/\" \/>\n<meta property=\"article:modified_time\" content=\"2016-09-05T13:10:13+00:00\" \/>\n<meta property=\"og:image\" content=\"http:\/\/www.romaniancommunity.net\/rci\/wp-content\/uploads\/2015\/04\/cdvec.jpg\" \/>\n<meta name=\"twitter:card\" content=\"summary_large_image\" \/>\n<meta name=\"twitter:label1\" content=\"Est. reading time\" \/>\n\t<meta name=\"twitter:data1\" content=\"1 minute\" \/>\n<script type=\"application\/ld+json\" class=\"yoast-schema-graph\">{\"@context\":\"https:\\\/\\\/schema.org\",\"@graph\":[{\"@type\":\"WebPage\",\"@id\":\"https:\\\/\\\/www.romaniancommunity.net\\\/rci\\\/servicii-rci\\\/cursuri-gratuite-de-limba-engleza\\\/\",\"url\":\"https:\\\/\\\/www.romaniancommunity.net\\\/rci\\\/servicii-rci\\\/cursuri-gratuite-de-limba-engleza\\\/\",\"name\":\"Cursuri gratuite de limba englez\u0103 - Romanian Community of Ireland\",\"isPartOf\":{\"@id\":\"http:\\\/\\\/www.romaniancommunity.net\\\/rci\\\/#website\"},\"primaryImageOfPage\":{\"@id\":\"https:\\\/\\\/www.romaniancommunity.net\\\/rci\\\/servicii-rci\\\/cursuri-gratuite-de-limba-engleza\\\/#primaryimage\"},\"image\":{\"@id\":\"https:\\\/\\\/www.romaniancommunity.net\\\/rci\\\/servicii-rci\\\/cursuri-gratuite-de-limba-engleza\\\/#primaryimage\"},\"thumbnailUrl\":\"http:\\\/\\\/www.romaniancommunity.net\\\/rci\\\/wp-content\\\/uploads\\\/2015\\\/04\\\/cdvec.jpg\",\"datePublished\":\"2015-04-16T10:16:32+00:00\",\"dateModified\":\"2016-09-05T13:10:13+00:00\",\"description\":\"Din dorin\u0163a de a contribui la o mai bun\u0103 integrare a rom\u00e2nilor \u00een Irlanda, RCI organizeaz\u0103 cursuri gratuite de limba englez\u0103, \u00een colaborare cu CDVEC\",\"breadcrumb\":{\"@id\":\"https:\\\/\\\/www.romaniancommunity.net\\\/rci\\\/servicii-rci\\\/cursuri-gratuite-de-limba-engleza\\\/#breadcrumb\"},\"inLanguage\":\"en-US\",\"potentialAction\":[{\"@type\":\"ReadAction\",\"target\":[\"https:\\\/\\\/www.romaniancommunity.net\\\/rci\\\/servicii-rci\\\/cursuri-gratuite-de-limba-engleza\\\/\"]}]},{\"@type\":\"ImageObject\",\"inLanguage\":\"en-US\",\"@id\":\"https:\\\/\\\/www.romaniancommunity.net\\\/rci\\\/servicii-rci\\\/cursuri-gratuite-de-limba-engleza\\\/#primaryimage\",\"url\":\"http:\\\/\\\/www.romaniancommunity.net\\\/rci\\\/wp-content\\\/uploads\\\/2015\\\/04\\\/cdvec.jpg\",\"contentUrl\":\"http:\\\/\\\/www.romaniancommunity.net\\\/rci\\\/wp-content\\\/uploads\\\/2015\\\/04\\\/cdvec.jpg\",\"width\":300,\"height\":125},{\"@type\":\"BreadcrumbList\",\"@id\":\"https:\\\/\\\/www.romaniancommunity.net\\\/rci\\\/servicii-rci\\\/cursuri-gratuite-de-limba-engleza\\\/#breadcrumb\",\"itemListElement\":[{\"@type\":\"ListItem\",\"position\":1,\"name\":\"Home\",\"item\":\"http:\\\/\\\/www.romaniancommunity.net\\\/rci\\\/\"},{\"@type\":\"ListItem\",\"position\":2,\"name\":\"SERVICII\",\"item\":\"https:\\\/\\\/www.romaniancommunity.net\\\/rci\\\/servicii-rci\\\/\"},{\"@type\":\"ListItem\",\"position\":3,\"name\":\"Cursuri gratuite de limba englez\u0103\"}]},{\"@type\":\"WebSite\",\"@id\":\"http:\\\/\\\/www.romaniancommunity.net\\\/rci\\\/#website\",\"url\":\"http:\\\/\\\/www.romaniancommunity.net\\\/rci\\\/\",\"name\":\"Romanian Community of Ireland\",\"description\":\"Comunitatea Rom\u00e2nilor din Irlanda\",\"potentialAction\":[{\"@type\":\"SearchAction\",\"target\":{\"@type\":\"EntryPoint\",\"urlTemplate\":\"http:\\\/\\\/www.romaniancommunity.net\\\/rci\\\/?s={search_term_string}\"},\"query-input\":{\"@type\":\"PropertyValueSpecification\",\"valueRequired\":true,\"valueName\":\"search_term_string\"}}],\"inLanguage\":\"en-US\"}]}<\/script>\n<!-- \/ Yoast SEO plugin. -->","yoast_head_json":{"title":"Cursuri gratuite de limba englez\u0103 - Romanian Community of Ireland","description":"Din dorin\u0163a de a contribui la o mai bun\u0103 integrare a rom\u00e2nilor \u00een Irlanda, RCI organizeaz\u0103 cursuri gratuite de limba englez\u0103, \u00een colaborare cu CDVEC","robots":{"index":"index","follow":"follow","max-snippet":"max-snippet:-1","max-image-preview":"max-image-preview:large","max-video-preview":"max-video-preview:-1"},"canonical":"https:\/\/www.romaniancommunity.net\/rci\/servicii-rci\/cursuri-gratuite-de-limba-engleza\/","og_locale":"en_US","og_type":"article","og_title":"Cursuri gratuite de limba englez\u0103 - Romanian Community of Ireland","og_description":"Din dorin\u0163a de a contribui la o mai bun\u0103 integrare a rom\u00e2nilor \u00een Irlanda, RCI organizeaz\u0103 cursuri gratuite de limba englez\u0103, \u00een colaborare cu CDVEC","og_url":"https:\/\/www.romaniancommunity.net\/rci\/servicii-rci\/cursuri-gratuite-de-limba-engleza\/","og_site_name":"Romanian Community of Ireland","article_publisher":"https:\/\/www.facebook.com\/RomanianCommunityOfIreland\/","article_modified_time":"2016-09-05T13:10:13+00:00","og_image":[{"url":"http:\/\/www.romaniancommunity.net\/rci\/wp-content\/uploads\/2015\/04\/cdvec.jpg","type":"","width":"","height":""}],"twitter_card":"summary_large_image","twitter_misc":{"Est. reading time":"1 minute"},"schema":{"@context":"https:\/\/schema.org","@graph":[{"@type":"WebPage","@id":"https:\/\/www.romaniancommunity.net\/rci\/servicii-rci\/cursuri-gratuite-de-limba-engleza\/","url":"https:\/\/www.romaniancommunity.net\/rci\/servicii-rci\/cursuri-gratuite-de-limba-engleza\/","name":"Cursuri gratuite de limba englez\u0103 - Romanian Community of Ireland","isPartOf":{"@id":"http:\/\/www.romaniancommunity.net\/rci\/#website"},"primaryImageOfPage":{"@id":"https:\/\/www.romaniancommunity.net\/rci\/servicii-rci\/cursuri-gratuite-de-limba-engleza\/#primaryimage"},"image":{"@id":"https:\/\/www.romaniancommunity.net\/rci\/servicii-rci\/cursuri-gratuite-de-limba-engleza\/#primaryimage"},"thumbnailUrl":"http:\/\/www.romaniancommunity.net\/rci\/wp-content\/uploads\/2015\/04\/cdvec.jpg","datePublished":"2015-04-16T10:16:32+00:00","dateModified":"2016-09-05T13:10:13+00:00","description":"Din dorin\u0163a de a contribui la o mai bun\u0103 integrare a rom\u00e2nilor \u00een Irlanda, RCI organizeaz\u0103 cursuri gratuite de limba englez\u0103, \u00een colaborare cu CDVEC","breadcrumb":{"@id":"https:\/\/www.romaniancommunity.net\/rci\/servicii-rci\/cursuri-gratuite-de-limba-engleza\/#breadcrumb"},"inLanguage":"en-US","potentialAction":[{"@type":"ReadAction","target":["https:\/\/www.romaniancommunity.net\/rci\/servicii-rci\/cursuri-gratuite-de-limba-engleza\/"]}]},{"@type":"ImageObject","inLanguage":"en-US","@id":"https:\/\/www.romaniancommunity.net\/rci\/servicii-rci\/cursuri-gratuite-de-limba-engleza\/#primaryimage","url":"http:\/\/www.romaniancommunity.net\/rci\/wp-content\/uploads\/2015\/04\/cdvec.jpg","contentUrl":"http:\/\/www.romaniancommunity.net\/rci\/wp-content\/uploads\/2015\/04\/cdvec.jpg","width":300,"height":125},{"@type":"BreadcrumbList","@id":"https:\/\/www.romaniancommunity.net\/rci\/servicii-rci\/cursuri-gratuite-de-limba-engleza\/#breadcrumb","itemListElement":[{"@type":"ListItem","position":1,"name":"Home","item":"http:\/\/www.romaniancommunity.net\/rci\/"},{"@type":"ListItem","position":2,"name":"SERVICII","item":"https:\/\/www.romaniancommunity.net\/rci\/servicii-rci\/"},{"@type":"ListItem","position":3,"name":"Cursuri gratuite de limba englez\u0103"}]},{"@type":"WebSite","@id":"http:\/\/www.romaniancommunity.net\/rci\/#website","url":"http:\/\/www.romaniancommunity.net\/rci\/","name":"Romanian Community of Ireland","description":"Comunitatea Rom\u00e2nilor din Irlanda","potentialAction":[{"@type":"SearchAction","target":{"@type":"EntryPoint","urlTemplate":"http:\/\/www.romaniancommunity.net\/rci\/?s={search_term_string}"},"query-input":{"@type":"PropertyValueSpecification","valueRequired":true,"valueName":"search_term_string"}}],"inLanguage":"en-US"}]}},"_links":{"self":[{"href":"http:\/\/www.romaniancommunity.net\/rci\/wp-json\/wp\/v2\/pages\/32","targetHints":{"allow":["GET"]}}],"collection":[{"href":"http:\/\/www.romaniancommunity.net\/rci\/wp-json\/wp\/v2\/pages"}],"about":[{"href":"http:\/\/www.romaniancommunity.net\/rci\/wp-json\/wp\/v2\/types\/page"}],"author":[{"embeddable":true,"href":"http:\/\/www.romaniancommunity.net\/rci\/wp-json\/wp\/v2\/users\/7"}],"replies":[{"embeddable":true,"href":"http:\/\/www.romaniancommunity.net\/rci\/wp-json\/wp\/v2\/comments?post=32"}],"version-history":[{"count":12,"href":"http:\/\/www.romaniancommunity.net\/rci\/wp-json\/wp\/v2\/pages\/32\/revisions"}],"predecessor-version":[{"id":2664,"href":"http:\/\/www.romaniancommunity.net\/rci\/wp-json\/wp\/v2\/pages\/32\/revisions\/2664"}],"up":[{"embeddable":true,"href":"http:\/\/www.romaniancommunity.net\/rci\/wp-json\/wp\/v2\/pages\/28"}],"wp:attachment":[{"href":"http:\/\/www.romaniancommunity.net\/rci\/wp-json\/wp\/v2\/media?parent=32"}],"curies":[{"name":"wp","href":"https:\/\/api.w.org\/{rel}","templated":true}]}}