{"id":2,"date":"2015-04-14T13:08:54","date_gmt":"2015-04-14T13:08:54","guid":{"rendered":"http:\/\/www.romaniancommunity.net\/rci\/?page_id=2"},"modified":"2016-09-05T09:58:01","modified_gmt":"2016-09-05T09:58:01","slug":"ghidul-noului-venit-irlanda","status":"publish","type":"page","link":"http:\/\/www.romaniancommunity.net\/rci\/ghidul-noului-venit-irlanda\/","title":{"rendered":"GHIDUL NOULUI VENIT"},"content":{"rendered":"<h3>Lansarea oficiala a \u201cGhidul Noului venit \u00een Irlanda\u201d<\/h3>\n<p>Vineri, 24 ianuarie 2013, zi cu semnifica\u0163ie istoric\u0103, organiza\u0163ia <strong>Romanian Community of Ireland<\/strong> a lansat oficial <strong>\u201c Ghidul Noului venit \u00een Irlanda \u201d<\/strong> \u015fi portalul de \u015ftiri <strong>\u201cInforma\u0163ia Irl\u201d<\/strong>. Acest proiect a fost finan\u0163at de c\u0103tre <a href=\"http:\/\/www.dprp.gov.ro\/\" target=\"_blank\">Departamentul de Politici pentru Rela\u0163ia cu Rom\u00e2nii de Pretutindeni (DPRRP)<\/a>. Evenimentul a avut loc la sediul RCI din Dublin, \u00een prezen\u0163a d-lui Dan Tudor, \u015feful Sec\u0163iei Consulare a <a href=\"http:\/\/dublin.mae.ro\/\" target=\"_blank\">Ambasadei Romaniei la Dublin<\/a>.<\/p>\n<p>Ghidul include diverse informa\u0163ii utile \u015fi este disponibil online, at\u00e2t pe website-ul RCI <a href=\"http:\/\/www.romaniancommunity.net\" target=\"_blank\">www.romaniancommunity.net<\/a> c\u00e2t \u015fi pe pagina portalului <strong>\u201cInforma\u0163ia Irl<\/strong>\u201d- <a href=\"http:\/\/www.informatia.ie\" target=\"_blank\">www.informatia.ie<\/a>. Ghidul se adreseaz\u0103 rom\u00e2nilor care locuiesc \u00een Irlanda sau care se g\u00e2ndesc s\u0103 viziteze sau s\u0103 emigreze pe t\u0103r\u00e2mul irlandez. Informa\u0163iile prezentate vor fi actualizate continuu at\u00e2t de membrii voluntari ai echipei RCI c\u00e2t \u015fi de redactorii portalului de \u015ftiri Informatia Irl.<\/p>\n<p>Prin lansarea acestui ghid \u015fi a portalului Informa\u0163ia Irl, organiza\u0163ia Romanian Community of Ireland \u00ee\u015fi dore\u015fte s\u0103 r\u0103m\u00e2n\u0103 un punct de sprijin pentru diaspora rom\u00e2neasc\u0103 \u015fi s\u0103 contribuie la o mai bun\u0103 integrare a rom\u00e2nilor \u00een Irlanda prin promovarea accesului acestora la serviciile locale.<\/p>\n<p><img loading=\"lazy\" decoding=\"async\" class=\"alignleft wp-image-1656 size-full\" src=\"http:\/\/www.romaniancommunity.net\/rci\/wp-content\/uploads\/2015\/04\/dprrpmic.jpg\" alt=\"Ghidul Noului venit \u00een Irlanda\" width=\"100\" height=\"56\" \/><br \/>\nGhidul a fost realizat cu sprijinul <a href=\"http:\/\/www.dprp.gov.ro\/\" target=\"_blank\">Departamentului Politici pentru Rela\u0163ia cu Rom\u00e2nii din Pretutindeni<\/a><\/p>\n","protected":false},"excerpt":{"rendered":"<p>Lansarea oficiala a \u201cGhidul Noului venit \u00een Irlanda\u201d Vineri, 24 ianuarie 2013, zi cu semnifica\u0163ie istoric\u0103, organiza\u0163ia Romanian Community of Ireland a lansat oficial \u201c Ghidul Noului venit \u00een Irlanda [&hellip;]<\/p>\n","protected":false},"author":7,"featured_media":0,"parent":0,"menu_order":0,"comment_status":"closed","ping_status":"closed","template":"","meta":{"footnotes":""},"class_list":["post-2","page","type-page","status-publish","hentry"],"yoast_head":"<!-- This site is optimized with the Yoast SEO plugin v27.4 - https:\/\/yoast.com\/product\/yoast-seo-wordpress\/ -->\n<title>Ghidul Noului venit \u00een Irlanda - Romanian Community of Ireland<\/title>\n<meta name=\"description\" content=\"Vineri, 24 ianuarie 2013, zi cu semnifica\u0163ie istoric\u0103, organiza\u0163ia Romanian Community of Ireland a lansat oficial Ghidul Noului venit \u00een Irlanda\" \/>\n<meta name=\"robots\" content=\"index, follow, max-snippet:-1, max-image-preview:large, max-video-preview:-1\" \/>\n<link rel=\"canonical\" href=\"https:\/\/www.romaniancommunity.net\/rci\/ghidul-noului-venit-irlanda\/\" \/>\n<meta property=\"og:locale\" content=\"en_US\" \/>\n<meta property=\"og:type\" content=\"article\" \/>\n<meta property=\"og:title\" content=\"Ghidul Noului venit \u00een Irlanda - Romanian Community of Ireland\" \/>\n<meta property=\"og:description\" content=\"Vineri, 24 ianuarie 2013, zi cu semnifica\u0163ie istoric\u0103, organiza\u0163ia Romanian Community of Ireland a lansat oficial Ghidul Noului venit \u00een Irlanda\" \/>\n<meta property=\"og:url\" content=\"https:\/\/www.romaniancommunity.net\/rci\/ghidul-noului-venit-irlanda\/\" \/>\n<meta property=\"og:site_name\" content=\"Romanian Community of Ireland\" \/>\n<meta property=\"article:publisher\" content=\"https:\/\/www.facebook.com\/RomanianCommunityOfIreland\/\" \/>\n<meta property=\"article:modified_time\" content=\"2016-09-05T09:58:01+00:00\" \/>\n<meta property=\"og:image\" content=\"http:\/\/www.romaniancommunity.net\/rci\/wp-content\/uploads\/2015\/04\/dprrpmic.jpg\" \/>\n<meta name=\"twitter:card\" content=\"summary_large_image\" \/>\n<meta name=\"twitter:label1\" content=\"Est. reading time\" \/>\n\t<meta name=\"twitter:data1\" content=\"1 minute\" \/>\n<script type=\"application\/ld+json\" class=\"yoast-schema-graph\">{\"@context\":\"https:\\\/\\\/schema.org\",\"@graph\":[{\"@type\":\"WebPage\",\"@id\":\"https:\\\/\\\/www.romaniancommunity.net\\\/rci\\\/ghidul-noului-venit-irlanda\\\/\",\"url\":\"https:\\\/\\\/www.romaniancommunity.net\\\/rci\\\/ghidul-noului-venit-irlanda\\\/\",\"name\":\"Ghidul Noului venit \u00een Irlanda - Romanian Community of Ireland\",\"isPartOf\":{\"@id\":\"http:\\\/\\\/www.romaniancommunity.net\\\/rci\\\/#website\"},\"primaryImageOfPage\":{\"@id\":\"https:\\\/\\\/www.romaniancommunity.net\\\/rci\\\/ghidul-noului-venit-irlanda\\\/#primaryimage\"},\"image\":{\"@id\":\"https:\\\/\\\/www.romaniancommunity.net\\\/rci\\\/ghidul-noului-venit-irlanda\\\/#primaryimage\"},\"thumbnailUrl\":\"http:\\\/\\\/www.romaniancommunity.net\\\/rci\\\/wp-content\\\/uploads\\\/2015\\\/04\\\/dprrpmic.jpg\",\"datePublished\":\"2015-04-14T13:08:54+00:00\",\"dateModified\":\"2016-09-05T09:58:01+00:00\",\"description\":\"Vineri, 24 ianuarie 2013, zi cu semnifica\u0163ie istoric\u0103, organiza\u0163ia Romanian Community of Ireland a lansat oficial Ghidul Noului venit \u00een Irlanda\",\"breadcrumb\":{\"@id\":\"https:\\\/\\\/www.romaniancommunity.net\\\/rci\\\/ghidul-noului-venit-irlanda\\\/#breadcrumb\"},\"inLanguage\":\"en-US\",\"potentialAction\":[{\"@type\":\"ReadAction\",\"target\":[\"https:\\\/\\\/www.romaniancommunity.net\\\/rci\\\/ghidul-noului-venit-irlanda\\\/\"]}]},{\"@type\":\"ImageObject\",\"inLanguage\":\"en-US\",\"@id\":\"https:\\\/\\\/www.romaniancommunity.net\\\/rci\\\/ghidul-noului-venit-irlanda\\\/#primaryimage\",\"url\":\"http:\\\/\\\/www.romaniancommunity.net\\\/rci\\\/wp-content\\\/uploads\\\/2015\\\/04\\\/dprrpmic.jpg\",\"contentUrl\":\"http:\\\/\\\/www.romaniancommunity.net\\\/rci\\\/wp-content\\\/uploads\\\/2015\\\/04\\\/dprrpmic.jpg\",\"width\":100,\"height\":56},{\"@type\":\"BreadcrumbList\",\"@id\":\"https:\\\/\\\/www.romaniancommunity.net\\\/rci\\\/ghidul-noului-venit-irlanda\\\/#breadcrumb\",\"itemListElement\":[{\"@type\":\"ListItem\",\"position\":1,\"name\":\"Home\",\"item\":\"http:\\\/\\\/www.romaniancommunity.net\\\/rci\\\/\"},{\"@type\":\"ListItem\",\"position\":2,\"name\":\"GHIDUL NOULUI VENIT\"}]},{\"@type\":\"WebSite\",\"@id\":\"http:\\\/\\\/www.romaniancommunity.net\\\/rci\\\/#website\",\"url\":\"http:\\\/\\\/www.romaniancommunity.net\\\/rci\\\/\",\"name\":\"Romanian Community of Ireland\",\"description\":\"Comunitatea Rom\u00e2nilor din Irlanda\",\"potentialAction\":[{\"@type\":\"SearchAction\",\"target\":{\"@type\":\"EntryPoint\",\"urlTemplate\":\"http:\\\/\\\/www.romaniancommunity.net\\\/rci\\\/?s={search_term_string}\"},\"query-input\":{\"@type\":\"PropertyValueSpecification\",\"valueRequired\":true,\"valueName\":\"search_term_string\"}}],\"inLanguage\":\"en-US\"}]}<\/script>\n<!-- \/ Yoast SEO plugin. -->","yoast_head_json":{"title":"Ghidul Noului venit \u00een Irlanda - Romanian Community of Ireland","description":"Vineri, 24 ianuarie 2013, zi cu semnifica\u0163ie istoric\u0103, organiza\u0163ia Romanian Community of Ireland a lansat oficial Ghidul Noului venit \u00een Irlanda","robots":{"index":"index","follow":"follow","max-snippet":"max-snippet:-1","max-image-preview":"max-image-preview:large","max-video-preview":"max-video-preview:-1"},"canonical":"https:\/\/www.romaniancommunity.net\/rci\/ghidul-noului-venit-irlanda\/","og_locale":"en_US","og_type":"article","og_title":"Ghidul Noului venit \u00een Irlanda - Romanian Community of Ireland","og_description":"Vineri, 24 ianuarie 2013, zi cu semnifica\u0163ie istoric\u0103, organiza\u0163ia Romanian Community of Ireland a lansat oficial Ghidul Noului venit \u00een Irlanda","og_url":"https:\/\/www.romaniancommunity.net\/rci\/ghidul-noului-venit-irlanda\/","og_site_name":"Romanian Community of Ireland","article_publisher":"https:\/\/www.facebook.com\/RomanianCommunityOfIreland\/","article_modified_time":"2016-09-05T09:58:01+00:00","og_image":[{"url":"http:\/\/www.romaniancommunity.net\/rci\/wp-content\/uploads\/2015\/04\/dprrpmic.jpg","type":"","width":"","height":""}],"twitter_card":"summary_large_image","twitter_misc":{"Est. reading time":"1 minute"},"schema":{"@context":"https:\/\/schema.org","@graph":[{"@type":"WebPage","@id":"https:\/\/www.romaniancommunity.net\/rci\/ghidul-noului-venit-irlanda\/","url":"https:\/\/www.romaniancommunity.net\/rci\/ghidul-noului-venit-irlanda\/","name":"Ghidul Noului venit \u00een Irlanda - Romanian Community of Ireland","isPartOf":{"@id":"http:\/\/www.romaniancommunity.net\/rci\/#website"},"primaryImageOfPage":{"@id":"https:\/\/www.romaniancommunity.net\/rci\/ghidul-noului-venit-irlanda\/#primaryimage"},"image":{"@id":"https:\/\/www.romaniancommunity.net\/rci\/ghidul-noului-venit-irlanda\/#primaryimage"},"thumbnailUrl":"http:\/\/www.romaniancommunity.net\/rci\/wp-content\/uploads\/2015\/04\/dprrpmic.jpg","datePublished":"2015-04-14T13:08:54+00:00","dateModified":"2016-09-05T09:58:01+00:00","description":"Vineri, 24 ianuarie 2013, zi cu semnifica\u0163ie istoric\u0103, organiza\u0163ia Romanian Community of Ireland a lansat oficial Ghidul Noului venit \u00een Irlanda","breadcrumb":{"@id":"https:\/\/www.romaniancommunity.net\/rci\/ghidul-noului-venit-irlanda\/#breadcrumb"},"inLanguage":"en-US","potentialAction":[{"@type":"ReadAction","target":["https:\/\/www.romaniancommunity.net\/rci\/ghidul-noului-venit-irlanda\/"]}]},{"@type":"ImageObject","inLanguage":"en-US","@id":"https:\/\/www.romaniancommunity.net\/rci\/ghidul-noului-venit-irlanda\/#primaryimage","url":"http:\/\/www.romaniancommunity.net\/rci\/wp-content\/uploads\/2015\/04\/dprrpmic.jpg","contentUrl":"http:\/\/www.romaniancommunity.net\/rci\/wp-content\/uploads\/2015\/04\/dprrpmic.jpg","width":100,"height":56},{"@type":"BreadcrumbList","@id":"https:\/\/www.romaniancommunity.net\/rci\/ghidul-noului-venit-irlanda\/#breadcrumb","itemListElement":[{"@type":"ListItem","position":1,"name":"Home","item":"http:\/\/www.romaniancommunity.net\/rci\/"},{"@type":"ListItem","position":2,"name":"GHIDUL NOULUI VENIT"}]},{"@type":"WebSite","@id":"http:\/\/www.romaniancommunity.net\/rci\/#website","url":"http:\/\/www.romaniancommunity.net\/rci\/","name":"Romanian Community of Ireland","description":"Comunitatea Rom\u00e2nilor din Irlanda","potentialAction":[{"@type":"SearchAction","target":{"@type":"EntryPoint","urlTemplate":"http:\/\/www.romaniancommunity.net\/rci\/?s={search_term_string}"},"query-input":{"@type":"PropertyValueSpecification","valueRequired":true,"valueName":"search_term_string"}}],"inLanguage":"en-US"}]}},"_links":{"self":[{"href":"http:\/\/www.romaniancommunity.net\/rci\/wp-json\/wp\/v2\/pages\/2","targetHints":{"allow":["GET"]}}],"collection":[{"href":"http:\/\/www.romaniancommunity.net\/rci\/wp-json\/wp\/v2\/pages"}],"about":[{"href":"http:\/\/www.romaniancommunity.net\/rci\/wp-json\/wp\/v2\/types\/page"}],"author":[{"embeddable":true,"href":"http:\/\/www.romaniancommunity.net\/rci\/wp-json\/wp\/v2\/users\/7"}],"replies":[{"embeddable":true,"href":"http:\/\/www.romaniancommunity.net\/rci\/wp-json\/wp\/v2\/comments?post=2"}],"version-history":[{"count":10,"href":"http:\/\/www.romaniancommunity.net\/rci\/wp-json\/wp\/v2\/pages\/2\/revisions"}],"predecessor-version":[{"id":2641,"href":"http:\/\/www.romaniancommunity.net\/rci\/wp-json\/wp\/v2\/pages\/2\/revisions\/2641"}],"wp:attachment":[{"href":"http:\/\/www.romaniancommunity.net\/rci\/wp-json\/wp\/v2\/media?parent=2"}],"curies":[{"name":"wp","href":"https:\/\/api.w.org\/{rel}","templated":true}]}}