{"id":1145,"date":"2015-07-28T08:33:49","date_gmt":"2015-07-28T08:33:49","guid":{"rendered":"http:\/\/www.romaniancommunity.net\/rci\/?page_id=1145"},"modified":"2020-03-01T15:00:02","modified_gmt":"2020-03-01T15:00:02","slug":"rci-in-imagini","status":"publish","type":"page","link":"http:\/\/www.romaniancommunity.net\/rci\/rci-in-imagini\/","title":{"rendered":"RCI \u00een imagini"},"content":{"rendered":"<h3><strong><a href=\"http:\/\/www.romaniancommunity.net\/rci\/rci-in-imagini\/rci-in-imagini-2019\/\">RCI \u00een imagini 2019<\/a><\/strong><\/h3>\n<h3><strong><a href=\"http:\/\/www.romaniancommunity.net\/rci\/rci-in-imagini\/rci-in-imagini-2018\/\">RCI \u00een imagini 2018<\/a><\/strong><\/h3>\n<h3><strong><a href=\"http:\/\/www.romaniancommunity.net\/rci\/rci-in-imagini\/rci-in-imagini-2017\/\">RCI \u00een imagini 2017<\/a><\/strong><\/h3>\n<h3><strong><a href=\"http:\/\/www.romaniancommunity.net\/rci\/rci-in-imagini\/rci-in-imagini-2016\/\">RCI \u00een imagini 2016<\/a><\/strong><\/h3>\n<h3><strong><a href=\"http:\/\/www.romaniancommunity.net\/rci\/rci-in-imagini\/rci-in-imagini-2015\/\">RCI \u00een imagini 2015<\/a><\/strong><\/h3>\n<h3><strong><a href=\"http:\/\/www.romaniancommunity.net\/rci\/rci-in-imagini\/rci-in-imagini-2014\/\">RCI \u00een imagini 2014<\/a><\/strong><\/h3>\n<h3><strong><a href=\"http:\/\/www.romaniancommunity.net\/rci\/rci-in-imagini\/rci-in-imagini-2013\/\">RCI \u00een imagini 2013<\/a><\/strong><\/h3>\n<h3><strong><a href=\"http:\/\/www.romaniancommunity.net\/rci\/rci-in-imagini\/rci-in-imagini-2012\/\">RCI \u00een imagini 2012<\/a><\/strong><\/h3>\n<h3><strong><a href=\"http:\/\/www.romaniancommunity.net\/rci\/rci-in-imagini\/rci-in-imagini-2011\/\">RCI \u00een imagini 2011<\/a><\/strong><\/h3>\n<p><!-- [huge_it_portfolio id=\"3\"] --><\/p>\n","protected":false},"excerpt":{"rendered":"<p>RCI \u00een imagini 2019 RCI \u00een imagini 2018 RCI \u00een imagini 2017 RCI \u00een imagini 2016 RCI \u00een imagini 2015 RCI \u00een imagini 2014 RCI \u00een imagini 2013 RCI \u00een [&hellip;]<\/p>\n","protected":false},"author":7,"featured_media":2593,"parent":0,"menu_order":0,"comment_status":"closed","ping_status":"closed","template":"","meta":{"footnotes":""},"class_list":["post-1145","page","type-page","status-publish","has-post-thumbnail","hentry"],"yoast_head":"<!-- This site is optimized with the Yoast SEO plugin v27.4 - https:\/\/yoast.com\/product\/yoast-seo-wordpress\/ -->\n<title>RCI \u00een imagini - Romanian Community of Ireland<\/title>\n<meta name=\"description\" content=\"RCI \u00een imagini: Galeria de poze ale evenimentelor organizate de RCI - Romanian Community of Ireland\" \/>\n<meta name=\"robots\" content=\"index, follow, max-snippet:-1, max-image-preview:large, max-video-preview:-1\" \/>\n<link rel=\"canonical\" href=\"https:\/\/www.romaniancommunity.net\/rci\/rci-in-imagini\/\" \/>\n<meta property=\"og:locale\" content=\"en_US\" \/>\n<meta property=\"og:type\" content=\"article\" \/>\n<meta property=\"og:title\" content=\"RCI \u00een imagini - Romanian Community of Ireland\" \/>\n<meta property=\"og:description\" content=\"RCI \u00een imagini: Galeria de poze ale evenimentelor organizate de RCI - Romanian Community of Ireland\" \/>\n<meta property=\"og:url\" content=\"https:\/\/www.romaniancommunity.net\/rci\/rci-in-imagini\/\" \/>\n<meta property=\"og:site_name\" content=\"Romanian Community of Ireland\" \/>\n<meta property=\"article:publisher\" content=\"https:\/\/www.facebook.com\/RomanianCommunityOfIreland\/\" \/>\n<meta property=\"article:modified_time\" content=\"2020-03-01T15:00:02+00:00\" \/>\n<meta property=\"og:image\" content=\"https:\/\/www.romaniancommunity.net\/rci\/wp-content\/uploads\/2016\/07\/13483249_1225193394180728_4921359570979462119_o.jpg\" \/>\n\t<meta property=\"og:image:width\" content=\"2048\" \/>\n\t<meta property=\"og:image:height\" content=\"1363\" \/>\n\t<meta property=\"og:image:type\" content=\"image\/jpeg\" \/>\n<meta name=\"twitter:card\" content=\"summary_large_image\" \/>\n<script type=\"application\/ld+json\" class=\"yoast-schema-graph\">{\"@context\":\"https:\\\/\\\/schema.org\",\"@graph\":[{\"@type\":\"WebPage\",\"@id\":\"https:\\\/\\\/www.romaniancommunity.net\\\/rci\\\/rci-in-imagini\\\/\",\"url\":\"https:\\\/\\\/www.romaniancommunity.net\\\/rci\\\/rci-in-imagini\\\/\",\"name\":\"RCI \u00een imagini - Romanian Community of Ireland\",\"isPartOf\":{\"@id\":\"http:\\\/\\\/www.romaniancommunity.net\\\/rci\\\/#website\"},\"primaryImageOfPage\":{\"@id\":\"https:\\\/\\\/www.romaniancommunity.net\\\/rci\\\/rci-in-imagini\\\/#primaryimage\"},\"image\":{\"@id\":\"https:\\\/\\\/www.romaniancommunity.net\\\/rci\\\/rci-in-imagini\\\/#primaryimage\"},\"thumbnailUrl\":\"http:\\\/\\\/www.romaniancommunity.net\\\/rci\\\/wp-content\\\/uploads\\\/2016\\\/07\\\/13483249_1225193394180728_4921359570979462119_o.jpg\",\"datePublished\":\"2015-07-28T08:33:49+00:00\",\"dateModified\":\"2020-03-01T15:00:02+00:00\",\"description\":\"RCI \u00een imagini: Galeria de poze ale evenimentelor organizate de RCI - Romanian Community of Ireland\",\"breadcrumb\":{\"@id\":\"https:\\\/\\\/www.romaniancommunity.net\\\/rci\\\/rci-in-imagini\\\/#breadcrumb\"},\"inLanguage\":\"en-US\",\"potentialAction\":[{\"@type\":\"ReadAction\",\"target\":[\"https:\\\/\\\/www.romaniancommunity.net\\\/rci\\\/rci-in-imagini\\\/\"]}]},{\"@type\":\"ImageObject\",\"inLanguage\":\"en-US\",\"@id\":\"https:\\\/\\\/www.romaniancommunity.net\\\/rci\\\/rci-in-imagini\\\/#primaryimage\",\"url\":\"http:\\\/\\\/www.romaniancommunity.net\\\/rci\\\/wp-content\\\/uploads\\\/2016\\\/07\\\/13483249_1225193394180728_4921359570979462119_o.jpg\",\"contentUrl\":\"http:\\\/\\\/www.romaniancommunity.net\\\/rci\\\/wp-content\\\/uploads\\\/2016\\\/07\\\/13483249_1225193394180728_4921359570979462119_o.jpg\",\"width\":2048,\"height\":1363,\"caption\":\"RCI \u00een imagini\"},{\"@type\":\"BreadcrumbList\",\"@id\":\"https:\\\/\\\/www.romaniancommunity.net\\\/rci\\\/rci-in-imagini\\\/#breadcrumb\",\"itemListElement\":[{\"@type\":\"ListItem\",\"position\":1,\"name\":\"Home\",\"item\":\"http:\\\/\\\/www.romaniancommunity.net\\\/rci\\\/\"},{\"@type\":\"ListItem\",\"position\":2,\"name\":\"RCI \u00een imagini\"}]},{\"@type\":\"WebSite\",\"@id\":\"http:\\\/\\\/www.romaniancommunity.net\\\/rci\\\/#website\",\"url\":\"http:\\\/\\\/www.romaniancommunity.net\\\/rci\\\/\",\"name\":\"Romanian Community of Ireland\",\"description\":\"Comunitatea Rom\u00e2nilor din Irlanda\",\"potentialAction\":[{\"@type\":\"SearchAction\",\"target\":{\"@type\":\"EntryPoint\",\"urlTemplate\":\"http:\\\/\\\/www.romaniancommunity.net\\\/rci\\\/?s={search_term_string}\"},\"query-input\":{\"@type\":\"PropertyValueSpecification\",\"valueRequired\":true,\"valueName\":\"search_term_string\"}}],\"inLanguage\":\"en-US\"}]}<\/script>\n<!-- \/ Yoast SEO plugin. -->","yoast_head_json":{"title":"RCI \u00een imagini - Romanian Community of Ireland","description":"RCI \u00een imagini: Galeria de poze ale evenimentelor organizate de RCI - Romanian Community of Ireland","robots":{"index":"index","follow":"follow","max-snippet":"max-snippet:-1","max-image-preview":"max-image-preview:large","max-video-preview":"max-video-preview:-1"},"canonical":"https:\/\/www.romaniancommunity.net\/rci\/rci-in-imagini\/","og_locale":"en_US","og_type":"article","og_title":"RCI \u00een imagini - Romanian Community of Ireland","og_description":"RCI \u00een imagini: Galeria de poze ale evenimentelor organizate de RCI - Romanian Community of Ireland","og_url":"https:\/\/www.romaniancommunity.net\/rci\/rci-in-imagini\/","og_site_name":"Romanian Community of Ireland","article_publisher":"https:\/\/www.facebook.com\/RomanianCommunityOfIreland\/","article_modified_time":"2020-03-01T15:00:02+00:00","og_image":[{"width":2048,"height":1363,"url":"https:\/\/www.romaniancommunity.net\/rci\/wp-content\/uploads\/2016\/07\/13483249_1225193394180728_4921359570979462119_o.jpg","type":"image\/jpeg"}],"twitter_card":"summary_large_image","schema":{"@context":"https:\/\/schema.org","@graph":[{"@type":"WebPage","@id":"https:\/\/www.romaniancommunity.net\/rci\/rci-in-imagini\/","url":"https:\/\/www.romaniancommunity.net\/rci\/rci-in-imagini\/","name":"RCI \u00een imagini - Romanian Community of Ireland","isPartOf":{"@id":"http:\/\/www.romaniancommunity.net\/rci\/#website"},"primaryImageOfPage":{"@id":"https:\/\/www.romaniancommunity.net\/rci\/rci-in-imagini\/#primaryimage"},"image":{"@id":"https:\/\/www.romaniancommunity.net\/rci\/rci-in-imagini\/#primaryimage"},"thumbnailUrl":"http:\/\/www.romaniancommunity.net\/rci\/wp-content\/uploads\/2016\/07\/13483249_1225193394180728_4921359570979462119_o.jpg","datePublished":"2015-07-28T08:33:49+00:00","dateModified":"2020-03-01T15:00:02+00:00","description":"RCI \u00een imagini: Galeria de poze ale evenimentelor organizate de RCI - Romanian Community of Ireland","breadcrumb":{"@id":"https:\/\/www.romaniancommunity.net\/rci\/rci-in-imagini\/#breadcrumb"},"inLanguage":"en-US","potentialAction":[{"@type":"ReadAction","target":["https:\/\/www.romaniancommunity.net\/rci\/rci-in-imagini\/"]}]},{"@type":"ImageObject","inLanguage":"en-US","@id":"https:\/\/www.romaniancommunity.net\/rci\/rci-in-imagini\/#primaryimage","url":"http:\/\/www.romaniancommunity.net\/rci\/wp-content\/uploads\/2016\/07\/13483249_1225193394180728_4921359570979462119_o.jpg","contentUrl":"http:\/\/www.romaniancommunity.net\/rci\/wp-content\/uploads\/2016\/07\/13483249_1225193394180728_4921359570979462119_o.jpg","width":2048,"height":1363,"caption":"RCI \u00een imagini"},{"@type":"BreadcrumbList","@id":"https:\/\/www.romaniancommunity.net\/rci\/rci-in-imagini\/#breadcrumb","itemListElement":[{"@type":"ListItem","position":1,"name":"Home","item":"http:\/\/www.romaniancommunity.net\/rci\/"},{"@type":"ListItem","position":2,"name":"RCI \u00een imagini"}]},{"@type":"WebSite","@id":"http:\/\/www.romaniancommunity.net\/rci\/#website","url":"http:\/\/www.romaniancommunity.net\/rci\/","name":"Romanian Community of Ireland","description":"Comunitatea Rom\u00e2nilor din Irlanda","potentialAction":[{"@type":"SearchAction","target":{"@type":"EntryPoint","urlTemplate":"http:\/\/www.romaniancommunity.net\/rci\/?s={search_term_string}"},"query-input":{"@type":"PropertyValueSpecification","valueRequired":true,"valueName":"search_term_string"}}],"inLanguage":"en-US"}]}},"_links":{"self":[{"href":"http:\/\/www.romaniancommunity.net\/rci\/wp-json\/wp\/v2\/pages\/1145","targetHints":{"allow":["GET"]}}],"collection":[{"href":"http:\/\/www.romaniancommunity.net\/rci\/wp-json\/wp\/v2\/pages"}],"about":[{"href":"http:\/\/www.romaniancommunity.net\/rci\/wp-json\/wp\/v2\/types\/page"}],"author":[{"embeddable":true,"href":"http:\/\/www.romaniancommunity.net\/rci\/wp-json\/wp\/v2\/users\/7"}],"replies":[{"embeddable":true,"href":"http:\/\/www.romaniancommunity.net\/rci\/wp-json\/wp\/v2\/comments?post=1145"}],"version-history":[{"count":9,"href":"http:\/\/www.romaniancommunity.net\/rci\/wp-json\/wp\/v2\/pages\/1145\/revisions"}],"predecessor-version":[{"id":4322,"href":"http:\/\/www.romaniancommunity.net\/rci\/wp-json\/wp\/v2\/pages\/1145\/revisions\/4322"}],"wp:featuredmedia":[{"embeddable":true,"href":"http:\/\/www.romaniancommunity.net\/rci\/wp-json\/wp\/v2\/media\/2593"}],"wp:attachment":[{"href":"http:\/\/www.romaniancommunity.net\/rci\/wp-json\/wp\/v2\/media?parent=1145"}],"curies":[{"name":"wp","href":"https:\/\/api.w.org\/{rel}","templated":true}]}}